{"id":171,"date":"2016-06-04T03:42:32","date_gmt":"2016-06-04T03:42:32","guid":{"rendered":"http:\/\/www.politikfrance.fr\/?page_id=171"},"modified":"2021-07-23T00:23:00","modified_gmt":"2021-07-23T00:23:00","slug":"me-soutenir","status":"publish","type":"page","link":"http:\/\/www.politikfrance.fr\/index.php\/me-soutenir\/","title":{"rendered":"LES SOUTIENS 2017"},"content":{"rendered":"<h1 style=\"text-align: center;\">En r\u00e9el, sur facebook : \u00a0\u00bb Collectif Citoyens R\u00e9f\u00e9rencement\u00a0\u00bb,et dans les Urnes prochainement<\/h1>\n<p>&nbsp;<\/p>\n<p style=\"text-align: justify;\">Le soutien morale c&rsquo;est bien,<strong>\u00a0le soutien r\u00e9el c&rsquo;est mieux<\/strong> : \u00a0<strong>Il est n\u00e9cessaire que nous, Les citoyens, soyons repr\u00e9sent\u00e9s aux Pr\u00e9sidentielles 2022 pour d\u00e9fendre nos id\u00e9es et nos valeurs. Et avec les diff\u00e9rents mouvements citoyens sur tout le territoire, c&rsquo;est une r\u00e9elle possibilit\u00e9 ! Si nous nous donnons les moyens.<\/strong><\/p>\n<p style=\"text-align: justify;\"><strong> Informez vous, contactez nous, rejoignez nous, informez autour de vous &#8230;\u00a0<\/strong><\/p>\n<h2>Tel : 0692 88 27 80 &#8211; Fr\u00e9d\u00e9ric AMANY &#8211; R\u00e9f\u00e9rent<\/h2>\n<p>Lien : Facebook :\u00a0https:\/\/www.facebook.com\/groups\/1430822283603294\/?ref=bookmarks<\/p>\n<p><a href=\"https:\/\/www.facebook.com\/groups\/1430822283603294\/?ref=bookmarks\" target=\"_blank\" rel=\"noopener\">Collectif Citoyens R\u00e9f\u00e9rencement<\/a><\/p>\n<h2>Notre parcours En 2017 :<\/h2>\n<p>Une candidate, Charlotte MARCHANDISE, arriv\u00e9 aux portes des Pr\u00e9sidentielles, stopp\u00e9s par la difficult\u00e9s d&rsquo;acqu\u00e9rir les 500 signatures : 135 engrang\u00e9s, en 3 mois de campagne &#8230; Int\u00e9ressant mais pas suffisant.<\/p>\n<p style=\"text-align: justify;\">Le 10\/01\/2017 : <strong>Toujours en course, au c\u00f4t\u00e9 de la candidate finale de Laprimaire.org : Charlotte MARCHANDISE. Je suis R\u00e9f\u00e9rent OUTREMER et \u00a0je m&rsquo;occupe de la communication sur le territoire de La R\u00e9union. Cr\u00e9ation du \u00ab\u00a0Collectif Citoyen de la R\u00e9union\u00a0\u00bb.<\/strong><\/p>\n<p style=\"text-align: justify;\"><span style=\"color: #339966;\">Le 13\/11\/2016 : Toujours en course, dans les \u00e9quipe de 3 des 5 finalistes : Roxane REVON, Charlotte MARCHANDISE, et Michael PETTINI. Je suis R\u00e9f\u00e9rent OUTREMER pour ces candidats et \u00a0je m&rsquo;occupe de la communication sur le territoire de La R\u00e9union.<\/span><\/p>\n<h4 style=\"text-align: justify;\"><span style=\"color: #333300;\">21\/07\/2016 : La suite se passe en \u00e9quipe avec Charlotte MARCHANDISE, Michael PETTINI, Jean Marc FORTANE, Roxane REVON, Michel BOURGEOIS et Nicolas BERNABEU, candidats s\u00e9lectionn\u00e9s avec qui je travaille sur le programme OUTREMER en priorit\u00e9 mais aussi d&rsquo;autres sujets (Agriculture, Environnement, Salaire Universel &#8230;)<\/span><\/h4>\n<h3><span style=\"color: #000000;\"><em>En premier lieu, continuer les soutiens pour nous et notre programme sur le Site Laprimaire.org; C&rsquo;est important pour juger des effectifs des personnes en veille &#8230; et de notre force de n\u00e9gociation pour l&rsquo;Outremer et autres. Au moment venu, nous vous solliciterons pour le soutien pour les \u00e9quipes.<\/em><\/span><\/h3>\n<p>Lisez ci dessous, puis allez sur la page Laprimaire.org<\/p>\n<h2>A \/ LES SOUTIENS :<\/h2>\n<h4>Introduction : En premier lieu, il est important de pr\u00e9ciser que beaucoup ont contribuer \u00e0 la r\u00e9alisation de ce document. Il est \u00e9galement important de pr\u00e9ciser que les soutiens sont parfois aussi partielle. Qui apporte son soutien ne l&rsquo;apporte pas obligatoirement sur la totalit\u00e9, et peut parfois \u00eatre en contradiction sur certains domaines. La libert\u00e9 de chacun est total, dans ce qu&rsquo;il souhaite apporter, adh\u00e9rer, mais aussi contredire refuser. Cela signifie que certains sympathisant peuvent \u00eatre sur une probl\u00e9matique \u00e0 nos c\u00f4t\u00e9s et sur une autre \u00e0 l&rsquo;oppos\u00e9.<\/h4>\n<h4>Nous ne sommes pas partisans, aussi nous vous remercions tous pour vos contributions et adh\u00e9sions et respectons vos divergences.<\/h4>\n<p><strong><em>Des Soutiens :\u00a0<\/em><\/strong><\/p>\n<p style=\"text-align: justify;\">Ernest LATCHOUMANE &#8211; S\u00e9bastien CADET &#8211; Clotaire AGATHE &#8211; Loic LEPINAY &#8211; Julien SIDA &#8211; Sylvie VANTOMME &#8211; Didier TOURRET &#8211; Rolande AMANY &#8211; Delphine AMANY &#8211; Eric MOUTANVIRIN &#8211; Miguy CHAMAND &#8211; Patrice SENDANCE &#8211; Sylvany BUDEL &#8211; Luciano BUDEL &#8211; Georget SADEYEN &#8211; Michel TAMTBON &#8211; Alix SADEYEN &#8211; Fabienne ROBERT &#8211; Marie Annick TECHER &#8211; Wilfrid JAMES &#8211; Jennifer GRONDIN &#8211; St\u00e9phane DOMITIEN &#8211; Princilla MAILLOT &#8211; Jean Bernard GRONDIN &#8211; Marie C\u00e9line MAILLOT &#8211; Georget SADEYEN &#8211; Alix SADEYEN &#8211; David BOURGOGNE &#8211; Sylvain PONIN &#8211; Joseph Kl\u00e9bert RANGAMA &#8211; Catherine AUDIFAX &#8211; Chantale LUCAS &#8211; Fabienne ROBERT &#8211; Jean Claude ALIDE &#8211; Gladys ARIANATCHY &#8211; J\u00e9r\u00f4me MURAT &#8211; Jean Max ZITTE &#8211; Giovany ZITTE &#8211; Jean Marc DALLY &#8211; Marie SIDA &#8211; Damien SIDA &#8211; Anne Laure SIDA DE BAULNY &#8211; Louis DE BAULNY &#8211; Donald POTHIN &#8211; Les 4 SADEYENs &#8211; JD &#8211; Alain DOMITIEN &#8211; Brigitte GRUCHET &#8211; Stephane LABBE &#8211; Eric LUCAS &#8211; Jean Pierre DENNEMONT &#8211; Jean LOUIS HOARAU &#8211; Corine HOARAU &#8211; Sabine HOARAU &#8211; Michael BAVOL &#8211; Dominique VINGUETASSALOM &#8211; OD &#8211; Denis DASSACHETTY &#8211; Annick DASSACHETTY &#8211; Ad\u00e9lie DASSACHETTY &#8211; Ruben DASSACHETTY &#8211; Luc VANHUFFEL &#8211; &#8230;.<\/p>\n<h2>B \/ AUTRES SOLUTIONS, vos r\u00e9seaux :<\/h2>\n<p>1 \/ Vous pouvez nous texter votre tel et votre mail. + un cr\u00e9neau de RV hors heure de bureau<\/p>\n<p>Nous \u00a0vous rappellons d\u00e8s que possible. Cela nous prendra 3 minutes.<\/p>\n<p>2 \/ Pour nous aider, Vous pouvez collecter les coordonn\u00e9es des personnes sensible au projet mais ayant peu de temps :<\/p>\n<p>Nom<\/p>\n<p>Pr\u00e9nom<\/p>\n<p>Code Postal<\/p>\n<p><strong>Tel (Identifiant principale obligatoire)<\/strong><\/p>\n<p>Cela suffit. Nous les contacterons. les contacterais pour entrer les formulaires.<\/p>\n<p>3 \/ Vous pouvez les entrer pour moi \u00e0 l&rsquo;aide du formulaire pr\u00e9c\u00e9dent.<\/p>\n<p>4 \/ Vous pouvez partager, informer, distribuer les liens.<\/p>\n<h3>5 \/ Vous pouvez nous contacter, me contacter, nous rejoindre, me rejoindre dans cette r\u00e9flexion, dans cette action ou d&rsquo;autres avenirs.<\/h3>\n<p style=\"text-align: justify;\">6 \/<strong> Tout soutien peut \u00eatre retir\u00e9<\/strong> : Nous avons droit \u00e0 beaucoup de soutiens de confiance, que nous appr\u00e9cions. Cependant, si \u00e0 la lecture du programme, des strat\u00e9gies ou autres, vous ne vous sentez pas en accord, n&rsquo;h\u00e9sitez pas, je vous encourage \u00e0 retirer votre soutien, contacter nous. C&rsquo;est la libert\u00e9 \u00e0 chacun de disposer de ses id\u00e9es, de ses actions &#8230; LIBERTE.<\/p>\n<p style=\"text-align: center;\"><span style=\"text-decoration: underline;\"><strong>MERCI A TOUS<\/strong><\/span><\/p>\n<h2><\/h2>\n<h2>C \/ Les ressources :<\/h2>\n<p>Elles sont nombreuses, sur tout, \u00e0 l&rsquo;heure d&rsquo;Internet et aussi dans les biblioth\u00e8ques, pour peu qu&rsquo;on s&rsquo;y int\u00e9resse.<\/p>\n<p>En voici quelques unes :<\/p>\n<p><span style=\"text-decoration: underline;\">Insee France :<\/span> On y trouve de tout, sous plein de formes diff\u00e9rentes. Il faut souvent retravailler les donn\u00e9es pour extraire les informations que nous souhaitons; Mais un fond documentaire sur la situation du pays impressionnant. Je suis impressionn\u00e9. Chapeau !<\/p>\n<p>Eurlex et Europa: sur l&rsquo;Union Europ\u00e9enne, ses instances, ses actions&#8230;<\/p>\n<p>wto : OMC, ses r\u00e8gles, ses structures, ses actions<\/p>\n<p><span style=\"line-height: 1.5;\">Fr\u00e9d\u00e9ric LORDON : \u00e9conomiste et philosophe h\u00e9t\u00e9rodoxe, sur youtube et bibliographie \u2013 Groupe des \u00e9conomistes atterr\u00e9s<\/span><\/p>\n<p><span style=\"line-height: 1.5;\">Nicolas DUPONT AIGNAN, AGORA sur France Inter.<\/span><span style=\"line-height: 1.5;\">Charles GAVES, sur le sites \u201cInstituts de libert\u00e9s\u201d, et sur you tube<\/span><\/p>\n<p><span style=\"line-height: 1.5;\"><span style=\"line-height: 1.5;\">Francois ASSELINEAU \u2013 conf\u00e9rences et documentations ; site : upr.fr<\/span><\/span><\/p>\n<p>Fr\u00e9d\u00e9ric LORDON : \u00e9conomiste et philosophe h\u00e9t\u00e9rodoxe, sur you tube et bibliographie \u2013 Groupe des \u00e9conomistes att\u00e9r\u00e9s<\/p>\n<p>taper \u201cUsul2000\u201d sur youtube, diff\u00e9rents sujets et personnages alimentant la r\u00e9flexion sur le monde d&rsquo;aujourd&rsquo;hui \u2013 ludique<\/p>\n<p>Le diner du cercle (5) sur youtube. Gabriel RHABI, G\u00e9rard FOUCHER, Jacques MYARD,<\/p>\n<p>Sur France INTER : \u00e9mission \u201cla Gr\u00e8ce 1 an apr\u00e8s\u201d<\/p>\n<p><span style=\"line-height: 1.5;\">M\u00e9lenchon dans \u201cdes paroles et des actes\u201d sur youtube<\/span>Taper Jacques SAPIR sur BFM tv et youtube<\/p>\n<p>Charles GAVES, sur le sites \u201cInstituts de libert\u00e9s\u201d, et sur you tube<\/p>\n<p><span style=\"line-height: 1.5;\">Taper Myret ZAKI et Etienne CHOUARD sur you tube<br \/>\n<\/span><\/p>\n<p>http:\/\/www.ladocumentationfrancaise.fr\/rapports-publics\/134000490\/ : chiffre de la criminalit\u00e9 en France<\/p>\n<p>sur Laprimaire.org : Philippe MAZEL, Vincent ARNOUL, Roxane REVON, Nicolas BERNABEU<\/p>\n<p>L&rsquo;Express, CAPITAL, \u00a0en s\u00e9rie &#8230;<\/p>\n<p style=\"text-align: justify;\"><span style=\"color: #333300;\">De nombreux auteurs et \u00e9conomistes vont parleront de plein de choses, certains de mani\u00e8re positive, d&rsquo;autres n\u00e9gatives. Nous vous invitons \u00e0 les \u00e9couter, et surtout \u00e0 en retirer les \u00e9l\u00e9ments structuraux, en distinguant les informations (argumentaires), des opinions (juste un avis et non une v\u00e9rit\u00e9 v\u00e9rifi\u00e9e). Les auteurs ont, pour certains, des partis pris, mais peu importent l&rsquo;orientation qu&rsquo;ils veulent donner \u00e0 leurs dires, les faits et les chiffres ne mentent pas, et parlent d&rsquo;eux m\u00eame.<\/span><\/p>\n<p>&nbsp;<\/p>\n<p><span style=\"line-height: 1.5;\">Internet est une mine d&rsquo;information facilement accessible, et les biblioth\u00e8ques aussi.<\/span><\/p>\n<p>C \/ LES SOUTIENS ACTUELS :<\/p>\n<p><em>Yoland M. &#8211; <\/em>Nadine M. &#8211; Jean Hugues T. &#8211;<\/p>\n<p><em>Olivier P.<\/em><\/p>\n<p>Josian L. &#8211; \u00a0Iris A. &#8211; Stephane F. &#8211; David D. &#8211; Mathieu M.<\/p>\n<p>Pascal R. &#8211; Jane C. &#8211; Jean Claude A.<\/p>\n<p>Jean Marie R.- Sophia R. &#8211; Stephane D. Jennifer G.<\/p>\n<p>Ma tante C<\/p>\n<p>Ma tante M<\/p>\n<p>Tonton S<\/p>\n<p>Sophie D<\/p>\n<p>Cyril E.<\/p>\n<p>Maman<\/p>\n<p>Patricia S.<\/p>\n<p>C\u00e9dric R.<\/p>\n<p>Nicolas D.<\/p>\n<p>Nadine D.<\/p>\n<p>Fr\u00e9ro<\/p>\n<p>Jessica B.<\/p>\n<p><em>Josiane S.<\/em><\/p>\n<p><em>Romy M.<\/em><\/p>\n<p>Catherine A.<\/p>\n<p>Josian D.<\/p>\n<p>Guillaume M.<\/p>\n<p><em>Eric M<\/em><\/p>\n<p><em>Mathieu M<\/em><\/p>\n<p>Miguy<\/p>\n<p>Joachim Marc L<\/p>\n<p><em>Ange\u00a0<\/em><\/p>\n<p>Jean \u00a0Luc F allias Lucky Luke<\/p>\n<p>ET &#8230; peu pas citer tout le monde &#8230; finira pu &#8230; Grand merci \u00e0 vous tous. \u00a0&#8230;<\/p>\n<p>La suite :<\/p>\n<p>Ernest LATCHOUMANE &#8211; S\u00e9bastien C mois deADET &#8211; Clotaire AGATHE &#8211; Loic LEPINAY &#8211; Julien SIDA &#8211; Sylvie VANTOMME &#8211; Didier TOURRET &#8211; Rolande AMANY &#8211; Delphine AMANY &#8211; Eric MOUTANVIRIN &#8211; Miguy CHAMAND &#8211; Patrice SENDANCE &#8211; Sylvany BUDEL &#8211; Luciano BUDEL &#8211; Georget SADEYEN &#8211; Michel TAMTBON &#8211; Alix SADEYEN &#8211; Fabienne ROBERT &#8211; Marie Annick TECHER &#8211; Wilfrid JAMES &#8211; Jennifer GRONDIN &#8211; St\u00e9phane DOMITIEN &#8211; Princilla MAILLOT &#8211; Jean Bernard GRONDIN &#8211; Marie C\u00e9line MAILLOT &#8211; Georget SADEYEN &#8211; Alix SADEYEN &#8211; David BOURGOGNE &#8211; SYLVAIN PONIN &#8211; Joseph Kl\u00e9bert RANGAMA &#8211; Catherine AUDIFAX &#8211; Michel TAMTBON &#8211; Chantale LUCAS &#8211; Loic LEPINAY &#8211; Clotaire AGATHE &#8211; Fabienne ROBERT &#8211; Jean Claude ALIDE &#8211; Gladys ARIANATCHY &#8211; J\u00e9r\u00f4me MURAT &#8211; Jean Max ZITTE &#8211; Giovany ZITTE &#8211; Jean Marc DALLY &#8211; Marie SIDA &#8211; Damien SIDA &#8211; Marie Annick TECHER &#8211; Wilfrid TECHER &#8211; Stephane DOMITIEN &#8211; Jennifer GRONDIN &#8211; Anne Laure SIDA DE BAULNY &#8211; Louis DE BAULNY &#8211;<\/p>\n","protected":false},"excerpt":{"rendered":"<p>En r\u00e9el, sur facebook : \u00a0\u00bb Collectif Citoyens R\u00e9f\u00e9rencement\u00a0\u00bb,et dans les Urnes prochainement &nbsp; Le soutien morale c&rsquo;est bien,\u00a0le soutien r\u00e9el c&rsquo;est mieux : \u00a0Il est n\u00e9cessaire que nous, Les citoyens, soyons repr\u00e9sent\u00e9s aux Pr\u00e9sidentielles 2022 pour d\u00e9fendre nos id\u00e9es <a href=\"http:\/\/www.politikfrance.fr\/index.php\/me-soutenir\/\" class=\"read-more\">En savoir plus &#8230;<\/a><\/p>\n","protected":false},"author":2,"featured_media":0,"parent":0,"menu_order":0,"comment_status":"closed","ping_status":"closed","template":"","meta":{"footnotes":""},"class_list":["post-171","page","type-page","status-publish","hentry"],"_links":{"self":[{"href":"http:\/\/www.politikfrance.fr\/index.php\/wp-json\/wp\/v2\/pages\/171","targetHints":{"allow":["GET"]}}],"collection":[{"href":"http:\/\/www.politikfrance.fr\/index.php\/wp-json\/wp\/v2\/pages"}],"about":[{"href":"http:\/\/www.politikfrance.fr\/index.php\/wp-json\/wp\/v2\/types\/page"}],"author":[{"embeddable":true,"href":"http:\/\/www.politikfrance.fr\/index.php\/wp-json\/wp\/v2\/users\/2"}],"replies":[{"embeddable":true,"href":"http:\/\/www.politikfrance.fr\/index.php\/wp-json\/wp\/v2\/comments?post=171"}],"version-history":[{"count":43,"href":"http:\/\/www.politikfrance.fr\/index.php\/wp-json\/wp\/v2\/pages\/171\/revisions"}],"predecessor-version":[{"id":834,"href":"http:\/\/www.politikfrance.fr\/index.php\/wp-json\/wp\/v2\/pages\/171\/revisions\/834"}],"wp:attachment":[{"href":"http:\/\/www.politikfrance.fr\/index.php\/wp-json\/wp\/v2\/media?parent=171"}],"curies":[{"name":"wp","href":"https:\/\/api.w.org\/{rel}","templated":true}]}}