{"id":19,"date":"2016-05-23T14:57:33","date_gmt":"2016-05-23T14:57:33","guid":{"rendered":"http:\/\/www.politikfrance.fr\/?page_id=19"},"modified":"2017-08-30T02:16:02","modified_gmt":"2017-08-30T02:16:02","slug":"macro-economie","status":"publish","type":"page","link":"http:\/\/www.politikfrance.fr\/index.php\/macro-economie\/","title":{"rendered":"MACRO-ECONOMIE"},"content":{"rendered":"<h1 style=\"text-align: center;\">La Macro \u00c9conomie\u00a0mondiale et la France : Et si nous passions du Libre \u00c9change Total au Libre \u00c9change R\u00e9gul\u00e9<\/h1>\n<h2>A \/ Constat\u00a0: quelles r\u00e8gles r\u00e9gissent notre \u00e9conomie\u00a0:<\/h2>\n<p style=\"text-align: justify;\"><strong>En France<\/strong>, suite \u00e0 l&rsquo;adoption du trait\u00e9 de Lisbonne par Nicolas SARKOZY en 2008, par modification de la Constitution fran\u00e7aise, alors que les Fran\u00e7ais l&rsquo;avait rejet\u00e9 lors du r\u00e9f\u00e9rendum de 2005, <strong>la Constitution qui s&rsquo;impose<\/strong> \u00e0 notre pays, <strong>est La Constitution Europ\u00e9enne<\/strong>.<\/p>\n<p style=\"text-align: justify;\">Nous rappelons qu&rsquo;<strong>une CONSTITUTION est le droit du droit, le cadre maximum l\u00e9gal dans lesquels s&rsquo;exercent les lois<\/strong>, et donc le quotidien des citoyens des pays qui y sont soumis. La notre est actuellement LA CONSTITUTION EUROPEENNE, et non la Constitution Fran\u00e7aise, Il faut le savoir.<\/p>\n<p style=\"text-align: justify;\"><strong>L&rsquo;Union Europ\u00e9enne UE<\/strong> (surnomm\u00e9 Bruxelles) est l&rsquo;instance qui est garante du respect et de l&rsquo;application de cette constitution.<\/p>\n<p style=\"text-align: justify;\">Il y est dit, entre autres, que <strong>les \u00c9tats membres d\u00e9l\u00e8guent leurs pouvoirs<\/strong> en mati\u00e8re de strat\u00e9gie et de d\u00e9cisions <strong>commerciales \u00e0 L&rsquo;UE<\/strong> par le biais de la Commission Europ\u00e9enne, (Commission ex\u00e9cutive \u00ab<strong>\u00a0ind\u00e9pendante des pouvoirs politiques<\/strong>\u00a0\u00bb ). Il y est dit, que l&rsquo;UE est <strong>signataire<\/strong> au nom de tous ses membres, \u00e0<strong> l&rsquo;OMC<\/strong> et ses r\u00e8gles, dont celles du <strong>LIBRE ECHANGE TOTAL<\/strong>, de capitaux, de biens, de services et de personnes.<\/p>\n<p style=\"text-align: justify;\">Le libre \u00c9change Total\u00a0: Cela signifie qu&rsquo;<strong>il est interdit d&rsquo;interdire aux biens, aux services, aux finances<\/strong> et aux personnes, <strong>de circuler entre les pays<\/strong> concern\u00e9s.<\/p>\n<p style=\"text-align: justify;\">De plus, il est connu qu&rsquo;une partie de l&rsquo;UE, 18 pays, y ont adopt\u00e9 une monnaie unique\u00a0: <strong>l&rsquo;Euro, monnaie unique \u00e0 taux de change fixe pour 18 pays \u00e0 fiscalit\u00e9 et protections sociales diff\u00e9rentes<\/strong>.<\/p>\n<h2>B \/ Le contexte commercial des Fran\u00e7ais<\/h2>\n<h3>1 \/ les relations commerciales a l&rsquo;int\u00e9rieur de la zone UE\u00a0:<\/h3>\n<p style=\"text-align: justify;\">La part du co\u00fbt des mat\u00e9riaux pour fabriquer par exemple une machine \u00e0 laver de 5 kg, est le m\u00eame presque partout, en raison de la mobilit\u00e9 des objets et produits dans <strong>le march\u00e9 mondial<\/strong>, et de la strat\u00e9gie du meilleur rapport qualit\u00e9-prix. Mais ce bien ne co\u00fbte pas le m\u00eame prix \u00e0 fabriquer (<strong>co\u00fbt de production<\/strong>) dans tous les pays, en raison de niveaux de protections sociales (co\u00fbts salariaux garantissant la sant\u00e9, l&rsquo;\u00e9ducation, la retraite des populations) et des niveaux de protections sanitaires ( les normes sanitaires garantissant la qualit\u00e9 des produits) <strong>diff\u00e9rents<\/strong>. Ces protections ont un co\u00fbt.<\/p>\n<p style=\"text-align: justify;\">Donc pour un m\u00eame usage, donc <strong>pour un m\u00eame objet, suivant les exigences de normes et de protections sociales des pays<\/strong>, le prix d&rsquo;achat du mat\u00e9riel change. Mais les mat\u00e9riaux circulent partout. Dans tous les pays. Il s&rsquo;ensuit <strong>une concurrence<\/strong> \u00e0 l&rsquo;int\u00e9rieur des corps de m\u00e9tiers et entre pays,<strong> \u00e0 l&rsquo;avantage des moins chers<\/strong>. Cela entra\u00eene logiquement une offre tir\u00e9e vers le bas en terme de qualit\u00e9 et <strong>une r\u00e9\u00e9valuation, vers le bas<\/strong>, de la protection sociale de la zone UE.<\/p>\n<h3>2 \/ les relations commerciales des pays de l&rsquo;UE avec les pays ext\u00e9rieurs \u00e0 la zone UE\u00a0:<\/h3>\n<p style=\"text-align: justify;\">Cela se passe de la m\u00eame mani\u00e8re qu&rsquo;\u00e0 l&rsquo;int\u00e9rieur de l&rsquo;UE, concernant les normes et la protection sociale, avec en plus, un param\u00e8tre essentiel\u00a0: <strong>les pays ext\u00e9rieurs disposent, en terme d&rsquo;armes commerciales, d&rsquo;un taux de change variable<\/strong>, contrairement aux pays de la zone Euro\u00a0; Et cela a son importance.<\/p>\n<p style=\"text-align: justify;\">Illustration\u00a0:<\/p>\n<p style=\"text-align: justify;\">Deux v\u00e9hicules de m\u00eame cat\u00e9gorie se retrouvent sur le march\u00e9 ext\u00e9rieur. L&rsquo;un vient de France, l&rsquo;autre de Cor\u00e9e. Dans leur pays d&rsquo;origine, ils ont un co\u00fbt de production et une valeur. Sur le march\u00e9 mondial, ils ont une autre valeur, g\u00e9r\u00e9s par les taux de change. Sauf que le taux de change fran\u00e7ais, d\u00e9termin\u00e9 par la BCE (pour toute la zone Euro, en fonction de crit\u00e8res ext\u00e9rieurs au pays d&rsquo;origine de la voiture), est fixe (contrairement aux pays ext\u00e9rieurs \u00e0 la zone Euro, comme la Cor\u00e9e), et que la Renault ne peut ajuster son prix. La protection sociale \u00e9tant plus importante en France, Renault, structurellement plus cher, perd des parts de march\u00e9 par rapport \u00e0 son concurrent Cor\u00e9en, structurellement moins ch\u00e8re (normes et protections sociales moindres), ainsi que artificiellement moins cher (par la d\u00e9valuation active ou non de sa monnaie, r\u00e9guli\u00e8rement).<\/p>\n<p style=\"text-align: justify;\"><strong>Solution disponible dans le syst\u00e8me OMC<\/strong>\u00a0: d\u00e9localisation et ou flexibilit\u00e9 des salari\u00e9s.<\/p>\n<p style=\"text-align: justify;\"><strong>D\u00e9localisation<\/strong>\u00a0: Renault implante ses sites de production dans des pays \u00e0 bas co\u00fbt salarial, ce qui lui permet de diminuer son co\u00fbt de production. <strong>Le PIB Fran\u00e7ais est maintenu<\/strong>, mais pas le revenu <strong>des fran\u00e7ais<\/strong>, qui se retrouvent<strong> sans emploi<\/strong>.<\/p>\n<p style=\"text-align: justify;\"><strong>Flexibilit\u00e9<\/strong>\u00a0: Renault d\u00e9localise\u00a0; les salari\u00e9s qualifi\u00e9s suivent et deviennent formateurs par exemple. Ou bien, Renault reste,<strong> les salari\u00e9s acceptent d&rsquo;\u00eatre pay\u00e9s moins chers<\/strong> (comme les cor\u00e9ens ?).<\/p>\n<p style=\"text-align: justify;\"><strong>S&rsquo;expatrier ou accepter une perte<\/strong> de pouvoir d&rsquo;achat ou de protection sociale.<\/p>\n<p style=\"text-align: justify;\">Sauf que <strong>nous ne sommes pas des boulons<\/strong>, nous avons des familles, (parents, femmes, enfants &#8230;), nous sommes attach\u00e9s \u00e0 un territoire. <strong>Cette flexibilit\u00e9 nous co\u00fbte ch\u00e8re en amour et en argent<\/strong>. En qualit\u00e9 aussi, car au final, nous (population) nous contenterons de produits moins ch\u00e8res, donc de qualit\u00e9 moindre en provenance de pays aux normes inf\u00e9rieurs aux n\u00f4tres, en raison de la perte de notre pouvoir d&rsquo;achat. (voir chapitre Agriculture).<\/p>\n<h2>C \/ Que faire\u00a0?<\/h2>\n<h3>Il ne s&rsquo;agit pas l\u00e0, de remettre en cause le Libre Echange\u00a0;<\/h3>\n<p style=\"text-align: justify;\">Il a permis d&rsquo;augmenter la richesse et la sant\u00e9 de nombreux citoyens dans de nombreux pays.\u00a0La presse le r\u00e9p\u00e8te r\u00e9guli\u00e8rement \u00e0 juste titre\u00a0:<strong> la richesse mondiale a plus que doubl\u00e9 depuis l&rsquo;an 2000<\/strong>, pour atteindre les 260000 Milliards de dollars en 2014. Le patrimoine par adulte s&rsquo;est accru de plus de 75\u00a0% sur la plan\u00e8te. La richesse mondiale n&rsquo;a jamais autant cru que depuis ces 20 derni\u00e8res ann\u00e9es. Bien s\u00fbr, ce sont des donn\u00e9es globales et non individuelles.<\/p>\n<p style=\"text-align: justify;\">Il s&rsquo;agit de remettre en cause le \u00ab\u00a0total\u00a0\u00bb du Libre Echange.<\/p>\n<p style=\"text-align: justify;\"><strong>STOP au Libre Echange TOTAL<\/strong>.<\/p>\n<p style=\"text-align: justify;\">Nous proposons de le<strong> remplacer par<\/strong> le Libre Echange <strong>REGULEE<\/strong>\u00a0;<\/p>\n<h2>D \/ Ouvrons les March\u00e9s partiellement, tout en interdisant leurs fermetures totales\u00a0:<\/h2>\n<p style=\"text-align: justify;\"><strong>\u00c9valuons la consommation<\/strong> fran\u00e7aise, <strong>les partenariats<\/strong> potentiels avec les pays importateurs et <strong>dimensionnons<\/strong> nos fili\u00e8res en cons\u00e9quence.<\/p>\n<p style=\"text-align: justify;\">Il est n\u00e9cessaire de <strong>prot\u00e9ger les march\u00e9s et de les r\u00e9guler<\/strong>. A l&rsquo;\u00e9chelle d&rsquo;un pays c&rsquo;est possible. D&rsquo;une zone g\u00e9ographique, cela reste jouable. Mais \u00e0 l&rsquo;\u00e9chelle mondiale, les producteurs n&rsquo;ont aucune visibilit\u00e9.<\/p>\n<p style=\"text-align: justify;\">Nous cr\u00e9erons moins de potentiel de richesse, c&rsquo;est s\u00fbr, mais aussi bien nos agriculteurs et autres fabricants de biens manufactur\u00e9s, que nous consommateurs, y serions satisfaits.<\/p>\n<p style=\"text-align: justify;\"><strong>L&rsquo;essentiel pour le pays est de cr\u00e9er du bonheur, pas de l&rsquo;argent<\/strong>. Mieux vaut 100 personnes qui vivent ais\u00e9ment, plut\u00f4t qu&rsquo;une personne qui vit richement et 99 autres pauvrement.<\/p>\n<p style=\"text-align: justify;\"><strong>Le march\u00e9 ne saurait cependant \u00eatre herm\u00e9tique afin d\u00a0&lsquo;\u00e9viter les pi\u00e8ges des monopoles<\/strong> (comme aujourd&rsquo;hui) qui font monter les prix.<\/p>\n<p style=\"text-align: justify;\"><strong>Il ne s&rsquo;agit pas<\/strong> non plus de tout faire nous m\u00eame, <strong>de chercher l&rsquo;autarcie<\/strong>. Nous nous concentrerons sur ce que nous savons et aimons faire et accepterons que les autres aient des savoirs &#8211; faires sup\u00e9rieurs \u00e0 nous dans d&rsquo;autres domaines.<\/p>\n<h2>E \/ R\u00e9gulons\u00a0:<\/h2>\n<p style=\"text-align: justify;\">Cela demande de l&rsquo;<strong>observation<\/strong> (de l&rsquo;\u00e9volution de l&rsquo;offre et de la demande), de la <strong>r\u00e9flexion<\/strong>, de la <strong>n\u00e9gociation et de la r\u00e9activit\u00e9 continuelle.<\/strong><\/p>\n<p style=\"text-align: justify;\">Une technique serait de se laisser une marge de 20 %\u00a0: Proposer, pour un produit sur le territoire, <strong>une offre de 120 %<\/strong> (soit 20 % au dessus de la demande int\u00e9rieure) dont il faudra suivre l&rsquo;\u00e9volution. Si Elle va dans la direction de se faire absorber par le march\u00e9 int\u00e9rieur, cela signifie que la demande grandit, on augmente l&rsquo;offre, soit par la production int\u00e9rieur, soit par l&rsquo;importation. Si elle s&rsquo;accumule, cela signifie que la demande diminue. On diminue l&rsquo;importation. Dans les deux cas, on cherche \u00e0 r\u00e9pondre \u00e0 la demande int\u00e9rieure en <strong>r\u00e9ajustant l&rsquo;offre \u00e0 120 %<\/strong>. Et les 20 % suppl\u00e9mentaires servent de concurrence pour garantir au consommateur le juste prix.<\/p>\n<p style=\"text-align: justify;\">C&rsquo;est<strong> beaucoup plus laborieux<\/strong> que le libre \u00e9change total o\u00f9 nous laissons tout faire sans contr\u00f4le, <strong>mais au final<\/strong>, nous aboutirons \u00e0 une soci\u00e9t\u00e9 plus \u00e9quilibr\u00e9e, avec <strong>une r\u00e9partition des richesses atteignant le plus grand nombre.<\/strong><\/p>\n<p style=\"text-align: justify;\"><strong>Les moyens<\/strong> de cette r\u00e9gulation sont : en premier lieu<strong> les quotas<\/strong> et en deuxi\u00e8me lieu seulement <strong>les droits de douanes<\/strong>. <strong>Les normes<\/strong> ne doivent pas \u00eatre vues comme tel, mais plut\u00f4t comme une mesure de respect et de protection, par la garantie de qualit\u00e9 qu&rsquo;elles offrent aux consommateurs fran\u00e7ais. Actuellement ce respect n&rsquo;existe pas. (Voir chapitre Protection Sociale).<\/p>\n<h2>F \/ Et Les pays exportateurs\u00a0?<\/h2>\n<p>Ils ne seront pas satisfaits\u00a0: Et alors\u00a0? Pour garder les volumes financiers de transactions commerciales, s&rsquo;ouvriront les n\u00e9gociations, sur des produits dont nous avons besoins, mais ne produisons pas, ou pas en quantit\u00e9 suffisante. Sur les normes que nous acceptons, pour la protection de notre population. Sur les produits fran\u00e7ais qu&rsquo;ils peuvent accueillir aussi;<\/p>\n<p>Nous sommes la <strong>6 \u00e8me puissance mondiale<\/strong>, avec un<strong> volume financier d&rsquo;\u00e9change de 900 Milliards d&rsquo;Euros.<\/strong> Cela nous donne de la <strong>force pour n\u00e9gocier<\/strong>. Qui peut s&rsquo;en passer et refuser toute n\u00e9gociation\u00a0?\u2026 C&rsquo;est l\u00e0 ma vision de la r\u00e9gulation.<\/p>\n<h2>Conclusions\u00a0:<\/h2>\n<p style=\"text-align: justify;\">Il est ind\u00e9niable que la n\u00e9gociation entra\u00eenera la<strong> baisse des volumes de transactions commerciales<\/strong>. Mais, n&rsquo;est ce pas une <strong>aberration humaine et \u00e9cologique que de faire venir des produits que nous produisons<\/strong>, de l&rsquo;autre bout de la terre <strong>avec toutes les pertes naturelles<\/strong> que cela entra\u00eene (voir le chapitre \u00c9cologie)\u00a0tout cela juste pour cr\u00e9er de l&rsquo;argent ? <strong>Et non du bonheur<\/strong>&#8230; De plus, il est av\u00e9r\u00e9 que <strong>ceux qui empochent le maximum d&rsquo;argent de ces transactions sont<\/strong> sans commune mesure <strong>les agents commerciaux et financiers \u00e0 l&rsquo;\u00e9chelle internationale, et non les citoyens.<\/strong><\/p>\n<p style=\"text-align: justify;\">Cependant, soyons conscients que le contexte juridique actuelle de la France ne lui permet pas, dans l&rsquo;imm\u00e9diat, de mettre en place ce \u00ab\u00a0Libre \u00c9change R\u00e9gul\u00e9\u00a0\u00bb.<\/p>\n<p style=\"text-align: justify;\">Il y a un pr\u00e9alable incontournable\u00a0: Installer <strong>un rapport de force<\/strong> <strong>avec<\/strong> son autorit\u00e9 de tutelle : <strong>l&rsquo;UNION EUROPEENNE.<\/strong><\/p>\n<p style=\"text-align: justify;\">Ce rapport de force aboutira soit \u00e0 <strong>une ren\u00e9gociation des trait\u00e9s<\/strong> (comme en Grande Bretagne, mais \u00e0 l&rsquo;inverse, vers une demande sp\u00e9cifique de protectionnisme), soit carr\u00e9ment \u00e0 une <strong>sortie de la France de l&rsquo;UE<\/strong>, autrement dit, \u00e0 la fin de L&rsquo;Union Europ\u00e9enne, car les autres pays dont les populations sont dans la m\u00eame situation que nous, risquent fortement de nous imiter. Mais gardons en t\u00eate que l&rsquo;UE n&rsquo;est pas l&rsquo;Europe, et nous sommes persuad\u00e9 que nous vivrons beaucoup plus sereinement avec les autres pays de l&rsquo;Europe et que des projets de f\u00e9d\u00e9ralisme verront le jour, cette fois ci plut\u00f4t cot\u00e9 f\u00e9d\u00e9ralisme europ\u00e9en \u00e0 la Jean MONNET. Cela en \u00e9vitant les erreurs du r\u00e9gime europ\u00e9en actuel.<\/p>\n<p>C&rsquo;est <strong>un \u00e9norme chantier<\/strong> politique et diplomatique avant d&rsquo;\u00eatre \u00e9conomique. Difficile, ne nous le cachons pas, mais au combien <strong>prometteur<\/strong>. Nous avons h\u00e2te d&rsquo;y \u00eatre\u00a0!!! et vous\u00a0?<\/p>\n<p>&nbsp;<\/p>\n<p>FIN<\/p>\n","protected":false},"excerpt":{"rendered":"<p>La Macro \u00c9conomie\u00a0mondiale et la France : Et si nous passions du Libre \u00c9change Total au Libre \u00c9change R\u00e9gul\u00e9 A \/ Constat\u00a0: quelles r\u00e8gles r\u00e9gissent notre \u00e9conomie\u00a0: En France, suite \u00e0 l&rsquo;adoption du trait\u00e9 de Lisbonne par Nicolas SARKOZY en <a href=\"http:\/\/www.politikfrance.fr\/index.php\/macro-economie\/\" class=\"read-more\">En savoir plus &#8230;<\/a><\/p>\n","protected":false},"author":2,"featured_media":0,"parent":0,"menu_order":0,"comment_status":"closed","ping_status":"closed","template":"","meta":{"footnotes":""},"class_list":["post-19","page","type-page","status-publish","hentry"],"_links":{"self":[{"href":"http:\/\/www.politikfrance.fr\/index.php\/wp-json\/wp\/v2\/pages\/19","targetHints":{"allow":["GET"]}}],"collection":[{"href":"http:\/\/www.politikfrance.fr\/index.php\/wp-json\/wp\/v2\/pages"}],"about":[{"href":"http:\/\/www.politikfrance.fr\/index.php\/wp-json\/wp\/v2\/types\/page"}],"author":[{"embeddable":true,"href":"http:\/\/www.politikfrance.fr\/index.php\/wp-json\/wp\/v2\/users\/2"}],"replies":[{"embeddable":true,"href":"http:\/\/www.politikfrance.fr\/index.php\/wp-json\/wp\/v2\/comments?post=19"}],"version-history":[{"count":9,"href":"http:\/\/www.politikfrance.fr\/index.php\/wp-json\/wp\/v2\/pages\/19\/revisions"}],"predecessor-version":[{"id":635,"href":"http:\/\/www.politikfrance.fr\/index.php\/wp-json\/wp\/v2\/pages\/19\/revisions\/635"}],"wp:attachment":[{"href":"http:\/\/www.politikfrance.fr\/index.php\/wp-json\/wp\/v2\/media?parent=19"}],"curies":[{"name":"wp","href":"https:\/\/api.w.org\/{rel}","templated":true}]}}