{"id":255,"date":"2016-07-24T06:50:02","date_gmt":"2016-07-24T06:50:02","guid":{"rendered":"http:\/\/www.politikfrance.fr\/?page_id=255"},"modified":"2016-07-24T10:56:16","modified_gmt":"2016-07-24T10:56:16","slug":"soutenir-les-entreprises","status":"publish","type":"page","link":"http:\/\/www.politikfrance.fr\/index.php\/soutenir-les-entreprises\/","title":{"rendered":"SOUTENIR LES ENTREPRISES"},"content":{"rendered":"<h1 align=\"CENTER\"><span style=\"color: #333399;\">Soutenons les Entreprises en France<\/span><\/h1>\n<h2><span style=\"color: #333399;\">A \/ Pr\u00e9alable \u00a0:<\/span><\/h2>\n<p style=\"text-align: justify;\"><span style=\"color: #333399;\">En 2011 (donn\u00e9e insee),<strong> 3,14 millions d\u2019entreprises<\/strong> marchandes non agricoles sont implant\u00e9es en France\u00a0:<strong> 243 grandes entreprises qui emploient \u00e0 elles seules 30 % des salari\u00e9s, 5\u00a0000 entreprises de taille interm\u00e9diaire (ETI), 138\u00a0000 petites et moyennes entreprises (PME) hors microentreprises, et 3 millions de microentreprises<\/strong>. Les PME, y compris microentreprises, emploient la majorit\u00e9 des salari\u00e9s des services aux particuliers. Tout cela <strong>pour une population de 65 000000<\/strong>. Ces chefs d&rsquo;entreprises vivent des situations diverses, en terme de produits et services propos\u00e9s, en terme de localisation g\u00e9ographique, et en terme de rayonnement du march\u00e9 exploit\u00e9.<strong> Ils repr\u00e9sentent le tissus \u00e9conomique et sociale de la France. Un ratio de 5 entreprises pour 100 personnes, r\u00e9partit de mani\u00e8re in\u00e9gale sur le territoire.<\/strong><\/span><\/p>\n<p style=\"text-align: justify;\"><span style=\"color: #333399;\">Les rencontres que j&rsquo;ai eu avec les chefs d&rsquo;entreprises me font entrevoir<strong>\u00a0quatre difficult\u00e9s de tailles<\/strong> dans leurs activit\u00e9s au quotidien qui se doivent d&rsquo;\u00eatre g\u00e9rer, pour arr\u00eater leurs difficult\u00e9s individuelles et donc leurs pertes de motivation\u00a0dans leurs envie d&rsquo;investir, de cr\u00e9er, de proposer des service \u00e0 la soci\u00e9t\u00e9 :<\/span><\/p>\n<ul>\n<li style=\"text-align: justify;\">\n<p align=\"JUSTIFY\"><span style=\"color: #333399;\"><strong>La gestion du RSI<\/strong>, des frais de protection sant\u00e9 aux paiements diff\u00e9r\u00e9s.<\/span><\/p>\n<\/li>\n<li style=\"text-align: justify;\">\n<p align=\"JUSTIFY\"><span style=\"color: #333399;\">L<strong>a gestion de la masse salariale<\/strong> en fonction de l&rsquo;activit\u00e9<\/span><\/p>\n<\/li>\n<li style=\"text-align: justify;\">\n<p align=\"JUSTIFY\"><span style=\"color: #333399;\"><strong>La protection sociale vieillesse<\/strong><\/span><\/p>\n<\/li>\n<li style=\"text-align: justify;\"><span style=\"color: #333399;\"><strong>La gestion des salari\u00e9s<\/strong>, \u00a0dans leurs capacit\u00e9s \u00e0 offrir un service de qualit\u00e9 en quantit\u00e9 constante, avec ou sans CDI.<\/span><\/li>\n<\/ul>\n<h2><span style=\"color: #333399;\">B \/ La proc\u00e9dure actuelle et les difficult\u00e9s du RSI\u00a0:<\/span><\/h2>\n<p><span style=\"color: #333399;\"><strong>Le RSI, est la couverture sociale (sant\u00e9 vieillesse) des ind\u00e9pendants,<\/strong> C&rsquo;est une mesure de protection d&rsquo;une cat\u00e9gorie de la population. Cette action de <strong>souscrire \u00e0 une couverture sociale\u00a0est obligatoire<\/strong>. Donc, globalement c&rsquo;est une mesure positive pour la soci\u00e9t\u00e9. <strong>Son taux de pr\u00e9l\u00e8vement avoisine les 45 %<\/strong> des b\u00e9n\u00e9fices et r\u00e9mun\u00e9rations des patrons (les salari\u00e9s cotisent \u00e0 hauteur de 35 % en moyenne) . La question se pose de son <strong>d\u00e9samour par les personnes concern\u00e9es<\/strong>.<\/span><\/p>\n<p><span style=\"color: #333399;\"><span style=\"text-decoration: underline;\">Il fonctionne de la mani\u00e8re suivante<\/span>\u00a0: L&rsquo;ann\u00e9e 1 et l&rsquo;ann\u00e9e 2 apr\u00e8s la cr\u00e9ation d&rsquo;une entreprise, le RSI demand\u00e9 est un montant forfaitaire par ann\u00e9e, calcul\u00e9 par l&rsquo;administration. L&rsquo;ann\u00e9e 2, il est proc\u00e9d\u00e9 \u00e0 un calcul du RSI r\u00e9elle que l&rsquo;entreprise doit s&rsquo;acquitter en ann\u00e9e 1\u00a0; et en ann\u00e9e 3 , il est proc\u00e9d\u00e9 \u00e0 l&rsquo;appelle de cotisation de l&rsquo;ann\u00e9e 1, \u00f4t\u00e9 du forfait pay\u00e9 en ann\u00e9e 1. Et ainsi de suite pour les ann\u00e9es suivantes. En aucun cas, il ne s&rsquo;agit d&rsquo;une exon\u00e9ration en ann\u00e9e 1 et 2.<\/span><\/p>\n<p><span style=\"color: #333399;\">Dans l&rsquo;absolu, c&rsquo;est une proc\u00e9dure r\u00e9glementaire fl\u00e9ch\u00e9e ais\u00e9e \u00e0 comprendre. Et les entrepreneurs que j&rsquo;ai rencontr\u00e9 le confirment. Mais quand dans la pratique, <strong>8 entreprises sur 10 imputent ses difficult\u00e9s de tr\u00e9sorerie, au mode de r\u00e9cup\u00e9ration des cotisations RSI<\/strong>, c&rsquo;est que celui ci est r\u00e9ellement une difficult\u00e9. C&rsquo;est un constat trop souvent avanc\u00e9 pour ne pas \u00eatre prise en compte. Et je le prends en compte ici.<\/span><\/p>\n<p style=\"text-align: justify;\"><span style=\"color: #333399;\">Les <strong>explications<\/strong> qui reviennent sont souvent les m\u00eames\u00a0: Les chiffres d&rsquo;affaire sont en baisse r\u00e9guli\u00e8re au fils des ann\u00e9es (voir les chapitres macro\u00e9conomie) et le potentiel de vente s&rsquo;\u00e9rode. La situation commerciale actuelle se maintenant au mieux, au m\u00eame niveau, ou se d\u00e9gradant, au pire, au fil du temps, (la croissance fran\u00e7aise est la plus basse de la zone Euro), quand le RSI de l&rsquo;ann\u00e9e 1 ou des premi\u00e8res ann\u00e9es, souvent meilleurs que les ann\u00e9es suivantes sont r\u00e9clam\u00e9es, le chiffre d&rsquo;affaire de l&rsquo;ann\u00e9e en cours, 3 ans apr\u00e8s, est moindre que celles des ann\u00e9es r\u00e9clam\u00e9es, donc<strong> le chef d&rsquo;entreprise<\/strong> \u00e0 du puiser dans ses r\u00e9serves, approvisionn\u00e9s pour les co\u00fbts dures, pour son fonctionnement courants de l&rsquo;ann\u00e9e, et <strong>n&rsquo;a plus de fonds pour payer un RSI des bonnes ann\u00e9es<\/strong>.<\/span><\/p>\n<p style=\"text-align: justify;\"><span style=\"color: #333399;\">Si la croissance \u00e9tait dans le sens d&rsquo;une augmentation r\u00e9guli\u00e8re, comme lors des ann\u00e9es glorieuses, les march\u00e9s et les chiffres d&rsquo;affaires auraient augment\u00e9s et l&rsquo;appel \u00e0 cotisation diff\u00e9r\u00e9 du RSI ne causeraient pas autant de souci puisque les entreprises disposeraient de plus en plus de fonds. Mais <strong>actuellement<\/strong>, une proposition de produit nouveau sur un march\u00e9, est rapidement concurrenc\u00e9 par des fabricants opportunistes de plus en plus nombreux et puissants, puisque le champs de la concurrence est mondiale (aussi bien dans l&rsquo;appel de technologie de fabrication des produits, que dans l&rsquo;appel financier de p\u00e9n\u00e9tration des march\u00e9s jusqu&rsquo;au niveau local). <strong>Les entreprises locales<\/strong> limit\u00e9 dans leurs moyens, proposant un service dans un cadre g\u00e9ographique restreint, au d\u00e9but ne serait ce, tels que les PME qui repr\u00e9sentent le tissu \u00e9conomique et sociale de la France, <strong>sont confront\u00e9 \u00e0 cette concurrence f\u00e9roce qui submerge leurs march\u00e9s, avec leurs gros moyens et leurs bas co\u00fbts de production<\/strong>.<\/span><\/p>\n<p style=\"text-align: justify;\"><span style=\"color: #333399;\">Dans le contexte actuelle, <strong>nos entreprises passe rapidement<\/strong> (\u00e9chelle de 5 \u00e0 6 ans le plus souvent cit\u00e9) <strong>en phase d\u00e9croissante<\/strong> apr\u00e8s une p\u00e9n\u00e9tration courte et r\u00e9ussi sur un march\u00e9 de proximit\u00e9. <strong>Le RSI devient alors une \u00e9p\u00e9e de DAMOCLES,<\/strong> ou une corde au cou, aux cons\u00e9quences <strong>dramatiques<\/strong>, \u00e0 long terme. Car sa dette perdure m\u00eame apr\u00e8s la liquidation de l&rsquo;entreprise et hypoth\u00e8que les vies priv\u00e9es en dehors de la sph\u00e8re professionnel, de longues ann\u00e9es durant.<\/span><\/p>\n<h3><span style=\"color: #333399;\">Introduisons de la r\u00e9activit\u00e9 dans le calcul et le recouvrement du RSI\u00a0:<\/span><\/h3>\n<p align=\"JUSTIFY\"><span style=\"color: #333399;\">afin de donner plus de visibilit\u00e9s aux entrepreneurs. C&rsquo;est \u00e0 dire <strong>proc\u00e9dons aux calculs et aux appels \u00e0 cotisation en ann\u00e9e 2<\/strong>. Et non en ann\u00e9e 3. Avec <strong>un calendrier le plus serr\u00e9 possible<\/strong>. Deuxi\u00e8me trimestre de l&rsquo;ann\u00e9e n, effectuer l&rsquo;\u00e9valuation r\u00e9elle du rsi n-1. Informer aux troisi\u00e8mes trimestre, effectuer l&rsquo;appel \u00e0 cotisation et encaisser les paiements au quatri\u00e8me trimestre.<\/span><\/p>\n<p align=\"JUSTIFY\"><span style=\"color: #333399;\">Il faut savoir qu&rsquo;\u00e0 l&rsquo;heure o\u00f9 j&rsquo;\u00e9cris ces lignes, le RSI est remise en cause (et non la couverture sociale qui reste obligatoire au niveau de UE), de part son c\u00f4t\u00e9 monopolistique en France (ouverture du march\u00e9 prot\u00e9g\u00e9 suivant les loi du Libre Echange Total en vue). Cela ne changera rien si la proc\u00e9dure de recouvrement devait rester la m\u00eame.<\/span><\/p>\n<h3><span style=\"color: #333399;\">C \/ Am\u00e9liorer la flexibilit\u00e9 de la masse salariale en fonction de l&rsquo;activit\u00e9 :<\/span><\/h3>\n<p style=\"text-align: justify;\"><span style=\"color: #333399;\"><strong>Une entreprise<\/strong>, t\u00e9moigne de la volont\u00e9 des hommes de <strong>cr\u00e9er de la richesse<\/strong> de toutes sortes. Ce potentiel de richesse <strong>doit \u00eatre prot\u00e9g\u00e9<\/strong>, pour le bien du pays.<\/span><\/p>\n<p style=\"text-align: justify;\"><span style=\"color: #333399;\">Et nous savons que<strong> l&rsquo;activit\u00e9 d&rsquo;une entreprise est variable<\/strong>. Bien malin serait la personne capable de pr\u00e9dire le taux d&rsquo;activit\u00e9 futur d&rsquo;une entreprise dans le monde d\u00e9r\u00e9gul\u00e9 d&rsquo;aujourd&rsquo;hui. Cela en raison des \u00e9l\u00e9ments d\u00e9velopp\u00e9s dans le chapitre RSI, la libre concurrence. Et aussi en fonction de nombreux param\u00e8tres incontr\u00f4lable tel que le climat et la maladie.<\/span><\/p>\n<p style=\"text-align: justify;\"><strong><span style=\"color: #333399;\">Les chefs d&rsquo;entreprises qui subissent une baisse d&rsquo;activit\u00e9 doit pouvoir diminuer sa masse salariale pour sauvegarder l&rsquo;entreprise. Tout en \u00e9tant assur\u00e9 de la s\u00e9curit\u00e9 des salari\u00e9s licenci\u00e9s.<\/span><\/strong><\/p>\n<p style=\"text-align: justify;\"><span style=\"color: #333399;\"><span style=\"text-decoration: underline;\">Proposition de modification du contrat de travail <strong>CDI<\/strong><\/span> : Introduire de la <strong>visibilit\u00e9 et s\u00e9curit\u00e9<\/strong> en cas de licenciement : <strong>indemnit\u00e9 fixe de 12 mois de salaire pour le licenci\u00e9. Droit au ass\u00e9dic<\/strong>.<strong> Pas de formalit\u00e9 suppl\u00e9mentaire pour l&rsquo;entreprise<\/strong>. Le contrat CDI continue de garder son statut juridique au niveau de l&rsquo;Etat et des Banques.<\/span><\/p>\n<p style=\"text-align: justify;\"><span style=\"color: #333399;\">Oui, <strong>la rupture d&rsquo;un contrat CDI<\/strong> aura toujours un co\u00fbt pour l&rsquo;entreprise, mais nous saurons lequel, et pourrons nous y pr\u00e9parer. Oui, il sera toujours une difficult\u00e9 pour pour le salari\u00e9, mais, il aura l&rsquo;assurance d&rsquo;avoir le temps de r\u00e9agir, pour trouver des solutions \u00e0 sa situation personnel, avant une baisse de revenu d\u00e9finitive. Et rappelons que <strong>notre programme vise<\/strong> \u00e0 un changement de soci\u00e9t\u00e9 qui ira dans le sens de l&rsquo;activit\u00e9 de tout ses membres et vers <strong>une augmentation des cr\u00e9ations d&#8217;emplois<\/strong>. <\/span><\/p>\n<p style=\"text-align: justify;\"><span style=\"color: #333399;\">D&rsquo;autre part, <strong>les risques de conflits se terminant aux PRUDHOMMES<\/strong>, avec des attentes insoutenable, des proc\u00e9dures lourdes, et des conclusions souvent impr\u00e9visible et inattendus pour les deux partis, <strong>se verront grandement att\u00e9nu\u00e9s<\/strong>. Quelles sentiments de soulagement cela pourraient \u00eatre pour de nombreux acteurs de la vie professionnelle fran\u00e7aise\u00a0! <\/span><\/p>\n<h2><span style=\"color: #333399;\">D \/ R\u00e9am\u00e9nager la Protection Sociale des Chefs d&rsquo;Entreprises pour la rendre plus \u00e9quitable<\/span><\/h2>\n<p><span style=\"color: #333399;\">Pourquoi\u00a0?<\/span><\/p>\n<p style=\"text-align: justify;\"><span style=\"color: #333399;\">Parce que <strong>les chefs d&rsquo;entreprise c\u00f4tisent plus que les salari\u00e9s<\/strong> (RSI 45 % contre cotisation salariale 35 % de leurs revenus brutes) et <strong>touchent moins qu&rsquo;eux<\/strong> \u00e0 la retraite (15 % de moins pour un m\u00eame montant de cotisation en fin de carri\u00e8re).<\/span><\/p>\n<p style=\"text-align: justify;\"><span style=\"color: #333399;\"><strong>Parce que les chefs d&rsquo;entreprises payent 2 fois<\/strong>\u00a0: Une fois par le RSI pour sa protection personnel et une autre fois par les cotisations patronales (45 % du revenu super brute).<\/span><\/p>\n<p style=\"text-align: justify;\"><span style=\"color: #333399;\">Au minimum, pour le m\u00eame montant de cotisation,<strong> l&rsquo;\u00e9quit\u00e9 serait<\/strong> qu&rsquo;ils b\u00e9n\u00e9ficient du <strong>m\u00eame taux de couverture sociale<\/strong>, sant\u00e9 et surtout vieillesse. Au mieux , si le budget du pays le permet, qu&rsquo;ils cotisent pour la soci\u00e9t\u00e9 autant que les autres actifs\u00a0: 35 % de cotisations patronales.<\/span><\/p>\n<p><span style=\"color: #333399;\">Ces r\u00e9am\u00e9nagements sur<strong> la protection et les charges des entreprises m\u00e9ritent d&rsquo;\u00eatre d\u00e9battu<\/strong>.<\/span><\/p>\n<h2><span style=\"color: #333399;\">E \/ La gestion des salari\u00e9s et de la constance de leurs rendements\u00a0:<\/span><\/h2>\n<p align=\"JUSTIFY\"><span style=\"color: #333399;\">C&rsquo;est la <strong>deuxi\u00e8me cause cit\u00e9es de difficult\u00e9s<\/strong> des Patrons. Ils se plaignent d&rsquo;un sch\u00e9ma actuellement en cours\u00a0:<\/span><\/p>\n<p align=\"JUSTIFY\"><span style=\"color: #333399;\">Ils ont un surcro\u00eet d&rsquo;activit\u00e9, qu&rsquo;ils ne savent s&rsquo;il est ponctuel ou inscrit dans la dur\u00e9e. <strong>Il embauche sur CDD<\/strong> (contrat de travail a dur\u00e9e d\u00e9termin\u00e9). Le droit du travail fran\u00e7ais leurs permet de renouveler deux fois ce type de contrat pour une dur\u00e9e total maximum cumul\u00e9e de 18 mois. <strong>Puis<\/strong>, si le surcro\u00eet d&rsquo;activit\u00e9 s&rsquo;est confirm\u00e9, le besoin de main d\u2019\u0153uvre devient permanent. Le chef d&rsquo;entreprise n&rsquo;a d&rsquo;autre choix que <strong>d&#8217;embauch\u00e9 en CDI<\/strong> (contrat de travail a dur\u00e9e ind\u00e9termin\u00e9e, qui est consid\u00e9r\u00e9, \u00e0 raison, comme une mesure de protection pour le salari\u00e9, au vue des possibilit\u00e9s d&rsquo;\u00e9volution personnel qu&rsquo;il offre).<\/span><\/p>\n<p align=\"JUSTIFY\"><span style=\"color: #333399;\"><strong>Leurs retour d&rsquo;exp\u00e9rience est<\/strong>\u00a0: les salari\u00e9s pass\u00e9s du CDD en CDI <strong>baissent de rendement<\/strong>. Et les conditions et <strong>frais de licenciements personnels<\/strong> pour ces personnes coupable de baissent d&rsquo;activit\u00e9 est <strong>dissuasifs<\/strong> en plusieurs points. Il leurs est difficile de licencier et d&#8217;embaucher une autre personne jug\u00e9 plus efficace\u00a0: Le droit du travail fran\u00e7ais ne le leurs permet pas de r\u00e9embaucher avant 6 mois. ( \u00e0 v\u00e9rifier)<\/span><\/p>\n<p align=\"JUSTIFY\"><span style=\"color: #333399;\">Pour cette m\u00eame situation, voici <strong>l&rsquo;avis des salari\u00e9s rencontr\u00e9s\u00a0<\/strong>: Il s&rsquo;av\u00e8re que <strong>le travail<\/strong> demand\u00e9 est <strong>surdimensionn\u00e9, d\u00e8s le CDD<\/strong>, (assur\u00e9ment en raison de la compression des co\u00fbts de production pour faire face \u00e0 la concurrence), et que, \u00e9tant peu prot\u00e9ger en CDD, il se mettent en <strong>sur-activit\u00e9<\/strong> pour satisfaire le patron. Quand <strong>leur contrat est transform\u00e9 en CDI<\/strong>, \u00e0 protection beaucoup plus puissante en France que le CDD, il dimensionne leurs activit\u00e9s en fonction de leurs capacit\u00e9s r\u00e9elles de croisi\u00e8re et dans les faits, <strong>baissent de rendements.<\/strong><\/span><\/p>\n<h3><span style=\"color: #333399;\">1 \/ Assurer la protection des Employeurs, et des Entreprises<\/span><\/h3>\n<p style=\"text-align: justify;\"><span style=\"color: #333399;\">En <strong>autorisant l&#8217;employeur \u00e0 licencier un salari\u00e9 en CDI<\/strong>, \u00e0 moindre frais pour un m\u00eame poste\u00a0; Ce licenciement facilit\u00e9 doit \u00eatre<strong> pr\u00e9c\u00e9d\u00e9 d&rsquo;une \u00e9valuation du poste de travail<\/strong> en fonction de la capacit\u00e9 d&rsquo;un personnel form\u00e9 (effectu\u00e9 par un service ind\u00e9pendant \u00e0 r\u00f4le de conseil). Cela afin que l&rsquo;activit\u00e9 de l&rsquo;entreprise ne soient pas p\u00e9nalis\u00e9 par un salari\u00e9 \u00e0 <strong>rendement trop bas<\/strong>. L&#8217;employeur se doit de <strong>remplacer imm\u00e9diatement le licenci\u00e9<\/strong>, par une autre personne, sur le m\u00eame type de contrat, pour assurer la p\u00e9rennit\u00e9 de l&rsquo;activit\u00e9, puisque le besoin existe. <strong>Ce r\u00e9gime de licenciement sp\u00e9ciale<\/strong> pour un poste de travail, est <strong>utilisable une fois uniquement par poste et dans le d\u00e9lai d&rsquo;un an<\/strong>. Un employ\u00e9 en CDI sachant qu&rsquo;il risque d&rsquo;\u00eatre licenci\u00e9 pour baisse de rendement devrait tenir le rythme, si celui ci est dimensionn\u00e9 de mani\u00e8re r\u00e9aliste, d&rsquo;o\u00f9 la n\u00e9cessit\u00e9 d&rsquo;une \u00e9valuation.<\/span><\/p>\n<h3><span style=\"color: #333399;\">2 \/ Assurer la protection des employ\u00e9s en CDI<\/span><\/h3>\n<p align=\"JUSTIFY\"><span style=\"color: #333399;\">En incitant <strong>le patron \u00e0 redimensionner son poste de travail<\/strong>, s\u00fbrement surdimensionn\u00e9 (ce que d\u00e9montreraient deux essais infructueux) et en le repla\u00e7ant dans la<strong> proc\u00e9dure lourde<\/strong>\u00a0(ci dessus cit\u00e9e) de licenciement, \u00e0 la <strong>deuxi\u00e8me tentative<\/strong> pour le m\u00eame poste. Dissuasif. <strong>Le salari\u00e9 reste prot\u00e9ger<\/strong> avec ce contrat CDI qui est un tremplin dans la vie, de part les possibilit\u00e9s d&rsquo;investissement personnel, financier, et familiale qu&rsquo;il permet.<\/span><\/p>\n<p align=\"JUSTIFY\"><span style=\"color: #333399;\"><strong>Il s&rsquo;agit d&rsquo;introduire de la souplesse dans l&rsquo;entreprise<\/strong>. Afin d&rsquo;encourager et permettre l&rsquo;agencement des salari\u00e9s avec les patrons et vices versa de mani\u00e8re le plus s\u00e9curitaire possible pour les deux parties. Cela devrait favoriser le bien \u00eatre de chacun et donc le maintien de l&rsquo;activit\u00e9 et des emploies qui en d\u00e9coulent.<\/span><\/p>\n<h2><span style=\"color: #333399;\">F \/ Encourager et prot\u00e9ger l&rsquo;innovation\u00a0:<\/span><\/h2>\n<p align=\"JUSTIFY\"><span style=\"color: #333399;\"><strong>Les entreprises fran\u00e7aises pourtant reconnues pour leurs cr\u00e9ativit\u00e9s<\/strong>, trop souvent ne peuvent mener \u00e0 bout leurs d\u00e9marches de cr\u00e9ation, de protection, et de diffusion de leur travail. Souvent, ils en perdent aussi les fruits. <\/span><\/p>\n<p><span style=\"color: #333399;\">Cr\u00e9er une synergie entre les PME-PMI fran\u00e7aises et les entreprises multinationales fran\u00e7aises\u00a0:<\/span><\/p>\n<p align=\"JUSTIFY\"><span style=\"color: #333399;\">L&rsquo;objectif est de<strong> transf\u00e9rer au plus vite l&rsquo;innovation<\/strong>, aux performances de production d&rsquo;une <strong>multinationale fran\u00e7aise<\/strong>, de rayonnement mondiale disposant de financement, de force de p\u00e9n\u00e9tration et de maintient des march\u00e9s cons\u00e9quents, avant que les multinationales ext\u00e9rieurs ne se l&rsquo;approprient. Cela <strong>sans priver l&rsquo;entreprise cr\u00e9atrice<\/strong>, quels que soient sa taille, des produits de son innovation. Comment\u00a0? <\/span><\/p>\n<p align=\"JUSTIFY\"><span style=\"color: #333399;\">J&rsquo;ai besoin d&rsquo;aide ici pour rendre op\u00e9rationnel cette mesure\u00a0! <\/span><\/p>\n<h2><span style=\"color: #333399;\">Conclusion\u00a0:<\/span><\/h2>\n<p style=\"text-align: justify;\"><span style=\"color: #333399;\"><strong>Les patrons d&rsquo;entreprises fran\u00e7aises<\/strong> sont actuellement sur les nerfs. A raison. La vie n&rsquo;est pas plus facile pour eux que pour le reste de la population. Pourtant ils <strong>sont l\u00e0<\/strong>. Ils ne l\u00e2chent pas, tiennent la barre de leurs entreprises contre vent et mar\u00e9e, et Dieu sait que pour eux aussi, la mer est agit\u00e9e. <strong>Nous nous devons de les aider<\/strong>, en leurs donnant de la visibilit\u00e9, en les aidant dans la gestions des hommes, tout en gardant toutes nos valeurs, les prot\u00e9ger et prot\u00e9ger leur monde. Ils peuvent et doivent pouvoir \u00eatre fi\u00e8re, car <strong>c&rsquo;est eux le tissus sociales et \u00e9conomiques de la France, par qui nous pouvons passer pour am\u00e9liorer les conditions de vie de tout un chacun (voir chapitre Micro-\u00e9conomie).<\/strong><\/span><\/p>\n<p style=\"text-align: justify;\"><span style=\"color: #333399;\">Les mesures cit\u00e9es ci dessus n&rsquo;ont de sens qu&rsquo;\u00e0 condition de <strong>leurs offrir le contexte<\/strong> dans lequel ils \u00e9voluent, pour <strong>leurs offrir une s\u00e9curit\u00e9 et visibilit\u00e9 en terme de march\u00e9<\/strong> (voir le chapitre Macro-\u00e9conomie), car sans march\u00e9 disponible (pour cause de Libre \u00c9change Total), malgr\u00e9 toutes leurs bonnes volont\u00e9s, ils ne peuvent cr\u00e9er ou maintenir leurs activit\u00e9s, et donc cr\u00e9er et offrir aux pays de la richesse, en terme de services offerts, biens cr\u00e9\u00e9s, et argents redistribu\u00e9s sous formes de salaires et de taxes aux pays entier.<\/span><\/p>\n<p><span style=\"color: #333399;\">Aussi, il est n\u00e9cessaire de les tenir en bonne sant\u00e9, morale, physique et financi\u00e8re.<\/span><\/p>\n","protected":false},"excerpt":{"rendered":"<p>Soutenons les Entreprises en France A \/ Pr\u00e9alable \u00a0: En 2011 (donn\u00e9e insee), 3,14 millions d\u2019entreprises marchandes non agricoles sont implant\u00e9es en France\u00a0: 243 grandes entreprises qui emploient \u00e0 elles seules 30 % des salari\u00e9s, 5\u00a0000 entreprises de taille interm\u00e9diaire <a href=\"http:\/\/www.politikfrance.fr\/index.php\/soutenir-les-entreprises\/\" class=\"read-more\">En savoir plus &#8230;<\/a><\/p>\n","protected":false},"author":2,"featured_media":0,"parent":0,"menu_order":0,"comment_status":"closed","ping_status":"closed","template":"","meta":{"footnotes":""},"class_list":["post-255","page","type-page","status-publish","hentry"],"_links":{"self":[{"href":"http:\/\/www.politikfrance.fr\/index.php\/wp-json\/wp\/v2\/pages\/255","targetHints":{"allow":["GET"]}}],"collection":[{"href":"http:\/\/www.politikfrance.fr\/index.php\/wp-json\/wp\/v2\/pages"}],"about":[{"href":"http:\/\/www.politikfrance.fr\/index.php\/wp-json\/wp\/v2\/types\/page"}],"author":[{"embeddable":true,"href":"http:\/\/www.politikfrance.fr\/index.php\/wp-json\/wp\/v2\/users\/2"}],"replies":[{"embeddable":true,"href":"http:\/\/www.politikfrance.fr\/index.php\/wp-json\/wp\/v2\/comments?post=255"}],"version-history":[{"count":9,"href":"http:\/\/www.politikfrance.fr\/index.php\/wp-json\/wp\/v2\/pages\/255\/revisions"}],"predecessor-version":[{"id":265,"href":"http:\/\/www.politikfrance.fr\/index.php\/wp-json\/wp\/v2\/pages\/255\/revisions\/265"}],"wp:attachment":[{"href":"http:\/\/www.politikfrance.fr\/index.php\/wp-json\/wp\/v2\/media?parent=255"}],"curies":[{"name":"wp","href":"https:\/\/api.w.org\/{rel}","templated":true}]}}