{"id":28,"date":"2016-05-23T17:48:41","date_gmt":"2016-05-23T17:48:41","guid":{"rendered":"http:\/\/www.politikfrance.fr\/?page_id=28"},"modified":"2016-07-10T20:49:45","modified_gmt":"2016-07-10T20:49:45","slug":"salaire-universel","status":"publish","type":"page","link":"http:\/\/www.politikfrance.fr\/index.php\/salaire-universel\/","title":{"rendered":"AGRICULTURE"},"content":{"rendered":"<h1 align=\"CENTER\"><span style=\"color: #008000;\">L&rsquo;Agriculture fran\u00e7aise \u00e0 l&rsquo;agonie. Jusqu&rsquo;\u00e0 quand\u00a0?<\/span><\/h1>\n<h2><span style=\"color: #008000;\">A \/ Qu&rsquo;est ce que l&rsquo;agriculture, qu&rsquo;est ce qu&rsquo;un agriculteur\u00a0? \u00a0:<\/span><\/h2>\n<p><span style=\"color: #008000;\">D&rsquo;abord, remettons les choses \u00e0 leurs places\u00a0: <\/span><\/p>\n<p style=\"text-align: justify;\"><span style=\"color: #008000;\">Ce sont <strong>des hommes et des femmes<\/strong> qui, de part leurs m\u00e9tiers, <strong>produisent des mati\u00e8res premi\u00e8res, alimentaires principalement, d&rsquo;origine v\u00e9g\u00e9tales ou animales<\/strong>. Ils travaillent avec du vivant. Ces m\u00e9tiers, car ils y en a autant que de groupe de produits (cultures mara\u00eech\u00e8res, fruiti\u00e8res, c\u00e9r\u00e9ali\u00e8res, productions bovines, avicoles, porcines \u2026 la liste est innombrable), demandent des<strong> comp\u00e9tences \u00e9lev\u00e9es et multiples<\/strong>\u00a0: Botanique, Biologie et physiologie du vivant, ou dois- je dire des vivants , pour comprendre les plantes et animaux qu&rsquo;ils produisent. Climatologie, indispensable \u00e0 la gestion des cycles de culture. P\u00e9dologie pour la gestion et entretien des sols. Chimie des mol\u00e9cules pour g\u00e9rer la protection phytosanitaire et la fertilisation. Machinisme et m\u00e9canique, indispensable dans les exploitations modernes du XXemes si\u00e8cle o\u00f9 la machine est omnipr\u00e9sente et co\u00fbte ch\u00e8re. Hydraulique pour la gestion des installations d&rsquo;irrigation. Commerce, n\u00e9goce, vente, pour assurer l&rsquo;\u00e9coulement. Gestion, comptabilit\u00e9, fiscalit\u00e9, pour garantir la r\u00e9ussite financi\u00e8re et administrative de l&rsquo;exploitation &#8230; et j&rsquo;en oublie s\u00fbrement d&rsquo;autres.<\/span><\/p>\n<p style=\"text-align: justify;\"><span style=\"color: #008000;\">Tout cela, sans qu&rsquo;on leurs garantissent un plan de formation qui devraient \u00eatre continu, au vue des mutations rapides et profondes que subit l&rsquo;agriculture, en terme d&rsquo;\u00e9volutions techniques, r\u00e9glementaires et commerciales.<\/span><\/p>\n<p style=\"text-align: justify;\"><span style=\"color: #008000;\">Quels autres m\u00e9tiers r\u00e9unissent autant de ma\u00eetrises\u00a0? qui plus est intuitive, c&rsquo;est \u00e0 dire que ces professionnels eux m\u00eame, n&rsquo;en sont pas souvent conscients, coupl\u00e9s \u00e0 une telle responsabilit\u00e9 et une telle port\u00e9e : Ils sont \u00e0 la <strong>source de toutes sortes d&rsquo;industrie agroalimentaire, de toutes nourritures sous toutes ses formes, avec tout les m\u00e9tiers qui y sont rattach\u00e9s (conditionnement, transport, transformation, marketing, n\u00e9goce, distribution). <\/strong><\/span><\/p>\n<p style=\"text-align: justify;\"><span style=\"color: #008000;\">Et tout cela pour un <strong>salaire de mis\u00e8re<\/strong> dans des conditions des plus difficiles ( Profession la moins bien r\u00e9mun\u00e9r\u00e9e de France et m\u00eame mondiale).<\/span><\/p>\n<p style=\"text-align: justify;\"><span style=\"color: #008000;\">C&rsquo;est un <strong>m\u00e9tier extr\u00eamement r\u00e9glement\u00e9 par l\u2019\u00c9tat<\/strong>, \u00e0 raison, en raison de son r\u00f4le cl\u00e9 dans la civilisation: la nourrir. L\u2019\u00c9tat, le garant de la sant\u00e9 publique, de tout temps, fournit \u00e0 cette profession (sous pression r\u00e9glementaire) le cadre, afin de <strong>prot\u00e9ger la population<\/strong> des risques sanitaires, afin de garantir une production saine \u00e0 sa population et \u00e0 ses clients.<\/span><\/p>\n<p style=\"text-align: justify;\"><span style=\"color: #008000;\">Ce ne sont pas les agriculteurs qui sont coupables, si nos populations souffrent de probl\u00e8me de sant\u00e9 li\u00e9 au mode de production agricole. Ils ne font que travailler avec les moyens (financier, d&rsquo;encadrement et de formation) et les cadres (administratif et r\u00e9glementaire) que l\u2019\u00c9tat leurs fixe, et pourtant, au moindre probl\u00e8mes m\u00e9diatis\u00e9s, c&rsquo;est eux qui subissent la pression du publique; A tort. <\/span><\/p>\n<p style=\"text-align: justify;\" align=\"JUSTIFY\"><span style=\"color: #008000;\">En premier lieu, <strong>mes remerciements et mes f\u00e9licitations<\/strong> pour votre pers\u00e9v\u00e9rance de tous les jours.<\/span><\/p>\n<h2><span style=\"color: #008000;\">B ) Sortons l&rsquo;agriculture du Libre \u00c9change Total\u00a0: <\/span><\/h2>\n<p style=\"text-align: justify;\"><span style=\"color: #008000;\">Entre la fin des quotas qui leurs garantissait un \u00e9coulement \u00e0 un prix d\u00e9cent; entre la concurrence des autres pays de la zone UE et hors de la zone UE, \u00e0 co\u00fbt de production moindre; entre la d\u00e9croissance des march\u00e9s mondiaux, les agriculteurs de notre pays ne s&rsquo;en sortent plus (1,5 suicide par jour). Plus que les surfaces agricoles, c&rsquo;est l\u2019effectif des exploitations qui a gravement baiss\u00e9, ainsi que leurs salaires moyens. Arr\u00eatons l\u00e0 le constat.<\/span><\/p>\n<p style=\"text-align: justify;\"><span style=\"color: #008000;\">Pas d&rsquo;autre solution que d&rsquo;envisager le rapport de force avec l&rsquo;UE, comme d\u00e9crit dans le chapitre de la Macro \u2013 \u00e9conomie.<\/span><\/p>\n<p style=\"text-align: justify;\"><span style=\"color: #008000;\">Nous ne pouvons pas laisser mourir toute une fili\u00e8re, qui plus est qui s&rsquo;occupe de 50 % de notre territoire, dont ils sont aussi les gestionnaires. La France est le premier pays d&rsquo;Europe et le troisi\u00e8me mondiale, en mati\u00e8re de production agricole. <strong>Notre puissance agricole<\/strong>, reconnue par tous se <strong>doit d&rsquo;\u00eatre prot\u00e9ger<\/strong>, d&rsquo;\u00eatre g\u00e9rer comme un capital qu&rsquo;il convient de faire vivre selon les r\u00e8gles d\u00e9velopp\u00e9es dans le chapitre Macro-\u00e9conomie dont je vous renvoie\u00a0: <strong>March\u00e9 int\u00e9rieur prot\u00e9g\u00e9 et accords commerciaux bilat\u00e9raux. <\/strong><\/span><\/p>\n<h2><span style=\"color: #008000;\"><strong>D \/ Incluons les co\u00fbts de production dan<\/strong>s les contrats\u00a0:<\/span><\/h2>\n<p style=\"text-align: justify;\"><span style=\"color: #008000;\">En effet, actuellement les contrats de commercialisation, notamment avec les centrales d&rsquo;achat des supermarch\u00e9s, incluent les quantit\u00e9s, les qualit\u00e9s, mais pas les co\u00fbts de productions (pour cause annonc\u00e9e de \u00ab\u00a0concurrence libre\u00a0\u00bb en faveur des consommateurs \u2026), ce qui am\u00e8ne les producteurs \u00e0 des ventes en dessous de leurs co\u00fbts de productions&#8230; Dramatique. <\/span><\/p>\n<p style=\"text-align: justify;\"><span style=\"color: #008000;\">Il convient de modifier cette r\u00e8gle et de s&rsquo;assurer que<strong> les producteurs puissent \u00eatre r\u00e9mun\u00e9r\u00e9s avec pour minimum, leurs co\u00fbts de productions<\/strong>. (Le r\u00e9seau de r\u00e9f\u00e9rence est d\u00e9j\u00e0 existant dans la plupart des fili\u00e8res).<\/span><\/p>\n<h2><span style=\"color: #008000;\">E ) D\u00e9veloppons les fili\u00e8res de proximit\u00e9s\u00a0:<\/span><\/h2>\n<p align=\"JUSTIFY\"><span style=\"color: #008000;\">Ici il s&rsquo;agit de mettre en \u0153uvre tous les m\u00e9canismes d\u00e9velopp\u00e9s dans le chapitre de la Micro-\u00e9conomie\u00a0: D\u00e9veloppement du march\u00e9 int\u00e9rieur, par <strong>des circuits courts et semi long<\/strong>, pour limiter les co\u00fbts des interm\u00e9diaires, <strong>augmenter les marges des producteurs<\/strong>, et favoriser les consommateurs. <\/span><\/p>\n<h2><span style=\"color: #008000;\">F \/ Simplifions leurs d\u00e9marches\u00a0: <\/span><\/h2>\n<p style=\"text-align: justify;\"><span style=\"color: #008000;\">En plus de satisfaire les d\u00e9fis techniques et commerciaux, les agriculteurs ont une grosse part de travail administratif. Il s&rsquo;agit des d\u00e9marches d&rsquo;aides \u00e0 l&rsquo;investissement, \u00e0 l&rsquo;installation, en cas de catastrophe naturel, ainsi que les formalit\u00e9s li\u00e9es \u00e0 la fiscalit\u00e9 \u2026 Que de paperasses pour des hommes et des femmes de terrain. Actuellement la tendance est \u00e0 la complexification de ces dossiers, en raison de financements restreints et d&rsquo;enjeux environnementaux extr\u00eames.<\/span><\/p>\n<p style=\"text-align: justify;\"><span style=\"color: #008000;\">Des efforts doivent \u00eatre faits pour <strong>rendre les formulaires lisibles et compr\u00e9hensibles<\/strong> par tous. Les contraintes de justification doivent \u00eatre \u00e0 minima par rapport \u00e0 l&rsquo;objectif vis\u00e9.<\/span><\/p>\n<h2 style=\"text-align: justify;\"><span style=\"color: #008000;\">G \/ \u00c9galit\u00e9 des producteurs en mati\u00e8res d&rsquo;aides\u00a0: <\/span><\/h2>\n<p style=\"text-align: justify;\"><span style=\"color: #008000;\">On assiste actuellement \u00e0 une diff\u00e9renciation des aides en fonction du mode de commercialisation des agriculteurs\u00a0: Ceux qui sont en Organisation de Producteurs (OP, coop\u00e9ratives &#8230;) b\u00e9n\u00e9ficient de taux major\u00e9s par rapport aux ind\u00e9pendants, ce qui va \u00e0 l&rsquo;encontre de la Micro-\u00e9conomie, et appara\u00eet totalement injuste pour une certaine cat\u00e9gorie\u00a0: En quoi, juridiquement, ces agriculteurs sont diff\u00e9rents, en terme de statut, pour justifier une diff\u00e9renciation de l&rsquo;aide\u00a0? Tout les agriculteurs sont sens\u00e9s avoir les m\u00eames devoirs et les m\u00eames droits. Or le syst\u00e8me\u00a0 actuelle privil\u00e9gie certains en fonction de leurs fili\u00e8res de commercialisations et non de leurs statuts: Totalement injuste. <\/span><\/p>\n<p style=\"text-align: justify;\"><span style=\"color: #008000;\">Bien s\u00fbr, les ind\u00e9pendants se doivent de justifier autant que ceux qui sont en fili\u00e8re, d&rsquo;une comptabilit\u00e9 en bonne et du forme, confirmant leurs capacit\u00e9s d&rsquo;\u00e9coulements et donc d&rsquo;investissement, choses qu&rsquo;il est plus ais\u00e9 de justifier en OP. Mais ils doivent avoir le droit et la possibilit\u00e9 de le faire. L&rsquo;exclusion d&rsquo;office en pensant qu&rsquo;ils n&rsquo;en sont pas capable est totalement arbitraire et indigne d&rsquo;un pays comme la France. <\/span><\/p>\n<h2><span style=\"color: #008000;\">H \/ Exiger des concurrents le respect des normes fran\u00e7aises :<\/span><\/h2>\n<p style=\"text-align: justify;\"><span style=\"color: #008000;\">Le plus difficile est peut \u00eatre cette injustice qui leurs est impos\u00e9e : Cette contradiction en mati\u00e8re de normes, que r\u00e9sume l&rsquo;avis du CESE du 18 mars 2015 : \u00ab\u00a0<strong>Le principe de r\u00e9ciprocit\u00e9<\/strong> devrait garantir que toutes les productions qui arrivent sur un march\u00e9 d\u00e9termin\u00e9 aient obligatoirement \u00e9t\u00e9 produites dans le respect des exigences ou normes en vigueur pour celles dont la culture s&rsquo;effectue en Europe, concernant la s\u00e9curit\u00e9 sanitaire, l\u2019\u00e9co-conditionnalit\u00e9, l&rsquo;utilisation de mati\u00e8res actives, etc &#8230;\u00a0\u00bb<\/span><\/p>\n<p style=\"text-align: justify;\"><span style=\"color: #008000;\">S\u00e9lectionner les importations de qualit\u00e9\u00a0: Cela signifie que <strong>ne peut \u00eatre commercialis\u00e9<\/strong> sur le territoire que les produits qui r\u00e9pondent <strong>aux normes de notre territoire<\/strong>, cela pour la protection de notre population. Sujet longuement d\u00e9velopp\u00e9 dans le chapitre \u00ab\u00a0Protection Sociale, les normes\u00a0\u00bb.<\/span><\/p>\n<p style=\"text-align: justify;\"><span style=\"color: #008000;\">Cela aura \u00e9galement l&rsquo;avantage de soustraire nos agriculteurs \u00e0 la concurrence des productions ext\u00e9rieurs de moindre qualit\u00e9 \u00e0 bas co\u00fbt. Injustice face \u00e0 la qualit\u00e9 de nos industries en g\u00e9n\u00e9rale.<\/span><\/p>\n<h2><span style=\"color: #008000;\">I \/ Accompagner les agriculteurs dans le maintien et l&rsquo;acquisition de comp\u00e9tence.<\/span><\/h2>\n<p style=\"text-align: justify;\"><span style=\"color: #008000;\">Cela se fait en prenant en compte toute la cha\u00eene\u00a0: <\/span><\/p>\n<p style=\"text-align: justify;\"><span style=\"color: #008000;\">1 \u2013 <strong>Recherche<\/strong>\u00a0: fondement de la compr\u00e9hension des probl\u00e8mes et des directions \u00e0 prendre pour leur r\u00e9solutions. <\/span><\/p>\n<p style=\"text-align: justify;\"><span style=\"color: #008000;\">2 \u2013<strong> Exp\u00e9rimentations\u00a0<\/strong>: Pour trouver des solutions applicables \u00e0 l&rsquo;\u00e9chelle de l&rsquo;exploitation. <\/span><\/p>\n<p style=\"text-align: justify;\"><span style=\"color: #008000;\">3 \u2013 <strong>Vulgarisations\u00a0<\/strong>: Pour transf\u00e9rer des solutions \u00e0 la majorit\u00e9 des exploitations<\/span><\/p>\n<p style=\"text-align: justify;\"><span style=\"color: #008000;\">4 \u2013 <strong>La formation<\/strong> : Le m\u00e9tier d&rsquo;agriculteurs, comme nous l&rsquo;avons vue en pr\u00e9sentation, demande une mise \u00e0 jours continuelle des informations et des comp\u00e9tences, en raison de l&rsquo;\u00e9volution rapide des diff\u00e9rents domaines auxquels ils sont confront\u00e9s. Il convient d&rsquo;accompagner tout ceux qui d\u00e9sirent se former en leurs offrant des offres adapt\u00e9es \u00e0 leurs demandes, en qualit\u00e9 et quantit\u00e9, cela parfois en d\u00e9veloppant un service de remplacement qui aura son utilit\u00e9 pour d&rsquo;autres raisons \u00e9galement.<\/span><\/p>\n<h2><span style=\"color: #008000;\">J \/ Le service de remplacement\u00a0:<\/span><\/h2>\n<p align=\"JUSTIFY\"><span style=\"color: #008000;\">La mise en place et le d\u00e9veloppement par r\u00e9gion d&rsquo;un p\u00f4le de remplacement, permettant aux agriculteurs de b\u00e9n\u00e9ficier de solution en cas d&rsquo;impossibilit\u00e9 temporaire d&rsquo;exercer (maladie, accident, formation, vacances \u2026), sans perdre la totalit\u00e9 de leurs revenus.<\/span><\/p>\n<h2><span style=\"color: #008000;\">Conclusion\u00a0:<\/span><\/h2>\n<p style=\"text-align: justify;\"><span style=\"color: #008000;\"><strong>Les agriculteurs fran\u00e7ais<\/strong> sont actuellement en souffrance. A raison. La vie est plus difficile pour eux que pour tout le reste de la population. Pourtant<strong> ils sont l\u00e0<\/strong>. Ils ne l\u00e2chent pas, restent attel\u00e9s \u00e0 la tache tel des chevaux de trait. Ils ne demandent pourtant rien d&rsquo;autres que de vivre d\u00e9cemment de leurs m\u00e9tiers, comme tout le monde. Mais eux, peut \u00eatre plus que tout le monde, le m\u00e9riteraient amplement.<\/span><\/p>\n<p style=\"text-align: justify;\"><span style=\"color: #008000;\">Le chantier qui am\u00e8nerait cette profession \u00e0 remplir ces missions de production, dans le cadre l\u00e9gale en toute viabilit\u00e9 et confort de vie, est ici immense. Il passe par plusieurs phases \u00e0 diff\u00e9rents degr\u00e9s\u00a0:<\/span><\/p>\n<ul style=\"text-align: justify;\">\n<li><span style=\"color: #008000;\">la phase politique et diplomatique, pour <strong>modifier,<\/strong> ne serait ce que partiellement, <strong>les r\u00e8gles de l&rsquo;OMC et de l&rsquo;UE.<\/strong><\/span><\/li>\n<li><span style=\"color: #008000;\">une r\u00e9forme de l&rsquo;organisation de l&rsquo;\u00e9conomie en direction de la <strong>micro-\u00e9conomie<\/strong>, pour augmenter les marges des producteurs et leurs d\u00e9ficits d&rsquo;image.<\/span><\/li>\n<li><span style=\"color: #008000;\">Une<strong> simplification de l&rsquo;administratif<\/strong> pour faciliter leurs d\u00e9marches, nombreuses.<\/span><\/li>\n<li><span style=\"color: #008000;\">Des plans d&rsquo;<strong>acquisitions de comp\u00e9tences,<\/strong> pour s&rsquo;assurer de leurs adaptations dans le monde de demain.<\/span><\/li>\n<\/ul>\n<p style=\"text-align: justify;\"><span style=\"color: #008000;\">Nous disposons pour ce faire au minimum, des budgets affect\u00e9s les ann\u00e9es pr\u00e9c\u00e9dentes et sera \u00e9tudier l&rsquo;extension de ce budget. Voir chapitre BUDGET.<\/span><\/p>\n<p style=\"text-align: justify;\"><span style=\"color: #008000;\">Ils peuvent et doivent pouvoir \u00eatre fi\u00e8res de leurs m\u00e9tiers, car ils sont les premiers maillons de la soci\u00e9t\u00e9, tellement essentiel pour notre monde. Il convient de se le rappeler et de leurs exprimer continuellement, dans les paroles, les budgets et dans les actes.<\/span><\/p>\n","protected":false},"excerpt":{"rendered":"<p>L&rsquo;Agriculture fran\u00e7aise \u00e0 l&rsquo;agonie. Jusqu&rsquo;\u00e0 quand\u00a0? A \/ Qu&rsquo;est ce que l&rsquo;agriculture, qu&rsquo;est ce qu&rsquo;un agriculteur\u00a0? \u00a0: D&rsquo;abord, remettons les choses \u00e0 leurs places\u00a0: Ce sont des hommes et des femmes qui, de part leurs m\u00e9tiers, produisent des mati\u00e8res premi\u00e8res, <a href=\"http:\/\/www.politikfrance.fr\/index.php\/salaire-universel\/\" class=\"read-more\">En savoir plus &#8230;<\/a><\/p>\n","protected":false},"author":2,"featured_media":0,"parent":0,"menu_order":0,"comment_status":"closed","ping_status":"closed","template":"","meta":{"footnotes":""},"class_list":["post-28","page","type-page","status-publish","hentry"],"_links":{"self":[{"href":"http:\/\/www.politikfrance.fr\/index.php\/wp-json\/wp\/v2\/pages\/28","targetHints":{"allow":["GET"]}}],"collection":[{"href":"http:\/\/www.politikfrance.fr\/index.php\/wp-json\/wp\/v2\/pages"}],"about":[{"href":"http:\/\/www.politikfrance.fr\/index.php\/wp-json\/wp\/v2\/types\/page"}],"author":[{"embeddable":true,"href":"http:\/\/www.politikfrance.fr\/index.php\/wp-json\/wp\/v2\/users\/2"}],"replies":[{"embeddable":true,"href":"http:\/\/www.politikfrance.fr\/index.php\/wp-json\/wp\/v2\/comments?post=28"}],"version-history":[{"count":6,"href":"http:\/\/www.politikfrance.fr\/index.php\/wp-json\/wp\/v2\/pages\/28\/revisions"}],"predecessor-version":[{"id":247,"href":"http:\/\/www.politikfrance.fr\/index.php\/wp-json\/wp\/v2\/pages\/28\/revisions\/247"}],"wp:attachment":[{"href":"http:\/\/www.politikfrance.fr\/index.php\/wp-json\/wp\/v2\/media?parent=28"}],"curies":[{"name":"wp","href":"https:\/\/api.w.org\/{rel}","templated":true}]}}