{"id":288,"date":"2016-08-17T16:54:52","date_gmt":"2016-08-17T16:54:52","guid":{"rendered":"http:\/\/www.politikfrance.fr\/?page_id=288"},"modified":"2016-08-17T17:25:45","modified_gmt":"2016-08-17T17:25:45","slug":"la-guyanne","status":"publish","type":"page","link":"http:\/\/www.politikfrance.fr\/index.php\/accueil-2\/la-guyanne\/","title":{"rendered":"La Guyanne"},"content":{"rendered":"<h1 style=\"text-align: center;\">La Guyane<\/h1>\n<h2 class=\"western\">A \/ g\u00e9n\u00e9ralit\u00e9s\u00a0:<\/h2>\n<p class=\"western\">Population\u00a0: 214118 habitants<\/p>\n<p class=\"western\">Surface\u00a0: 83846 km\u00b2<\/p>\n<p class=\"western\">Surface en for\u00eat\u00a0: 98 %<\/p>\n<p class=\"western\">Domaine marin\u00a0: 350 milles nautiques<\/p>\n<p class=\"western\">1 parc National\u00a0: 3,4 millions d&rsquo;hectare<\/p>\n<p class=\"western\">6 r\u00e9serves naturelles1<\/p>\n<p class=\"western\">densit\u00e9\u00a0: 3 hab\/km\u00b2<\/p>\n<p class=\"western\">Ch\u00f4mage\u00a0: 21,3 % en 2013, 40 % chez les jeunes<\/p>\n<p class=\"western\">PIB\u00a0: 14100 \u20ac par hab en 2008<\/p>\n<p class=\"western\">2 d\u00e9put\u00e9s<\/p>\n<p class=\"western\">2 s\u00e9nateurs<\/p>\n<p class=\"western\">La plus in\u00e9gales des r\u00e9gions francaises, avec pres de 5000 enfants non scolaris\u00e9s en primaire en 2013, avec une justice sous dimensionn\u00e9 et de nombreuses carences dans la mise en place des dispositifs d&rsquo;insertion et de formation.<\/p>\n<p class=\"western\">Il est a not\u00e9 un manque d&rsquo;infrastructure \u00e9galement comme le manque d&rsquo;acc\u00e8s \u00e0 l&rsquo;eau potable, comme le d\u00e9ficit d&rsquo;offre de formations sup\u00e9rieurs, comme la rupture num\u00e9rique.<\/p>\n<h2>B \/ Am\u00e9liorer la lutte contre l&rsquo;orpaillage et augmentation de l&rsquo;exploitation mini\u00e8res l\u00e9gales (or, diamant, poxite) :<\/h2>\n<p class=\"western\">L&rsquo;industrie de l&rsquo;or, est la premi\u00e8re source de revenu de la Guyane, la seconde activit\u00e9 industrielle (trentaines de soci\u00e9t\u00e9 PME et artisans, 500 personnes), devant la p\u00eache et le bois. 5 tonnes d&rsquo;or produits et 10 tonnes export\u00e9s. La diff\u00e9rence \u00e9tant le r\u00e9sultat de l&rsquo;exploitation de sites ill\u00e9galement, appel\u00e9 \u00ab\u00a0orpaillage\u00a0\u00bb.<\/p>\n<p class=\"western\">Vol de l&rsquo;or du territoire\u00a0: estim\u00e9 \u00e0 10 tonnes d&rsquo;or par an, pour une valeur de 350 millions.<\/p>\n<p class=\"western\">L&rsquo;orpaillage, qui est un pillage ill\u00e9gale des richesses de la Guyane francaise et donc de la France, pillage dans diff\u00e9rents domaines\u00a0:<\/p>\n<p class=\"western\">D\u00e9forestation sauvage, menace de la biodiversit\u00e9<\/p>\n<p class=\"western\">Pollution des sites clandestins, au mercure principalement, mais pas que.<\/p>\n<p class=\"western\">Ins\u00e9curit\u00e9<\/p>\n<p>Estimation\u00a0: Plus de 250 sites d&rsquo;orpaillages clandestins actifs en 2015. Plus de 1500 mineurs mineurs clandestins.<\/p>\n<p>Il faut reconna\u00eetre que depuis 2008, des efforts ont \u00e9t\u00e9 consenti par l&rsquo;Etat francais. Renforcement des effectifs militaires et de gendarmeries sur les lieux. Cependant, ces efforts restent insuffisant.<\/p>\n<p align=\"JUSTIFY\">Il est n\u00e9cessaire\u00a0de :<\/p>\n<p class=\"western\"><b>Promouvoir la tra\u00e7abilit\u00e9 de l&rsquo;or<\/b>\u00a0:<\/p>\n<p class=\"western\">Actuellement il existe une possibilit\u00e9 de tracer l&rsquo;or vendu, pour savoir s&rsquo;il vient d&rsquo;une carri\u00e8re l\u00e9gal ou un site d&rsquo;orpaillage. Valoriser, financer et vulgariser cette tra\u00e7abilit\u00e9.<\/p>\n<p class=\"western\"><b>Requalifier certaines infractions\u00a0<\/b>: Aujourd&rsquo;hui, approvisionner en mercure des orpailleurs est class\u00e9 en infraction secondaire, ce qui n\u00e9cessite d&rsquo;abord de prouver l&rsquo;acte d&rsquo;exploitation ill\u00e9gale, avant de poursuivre ceux qui les approvisionnent. Le reclassement en infractions de type \u00ab\u00a0complicit\u00e9 d&rsquo;orpaillage ill\u00e9gale\u00a0\u00bb pour tout actes d&rsquo;approvisionnement, permettront aux officiers judiciaires de condamner les fili\u00e8res d&rsquo;approvisionnement ind\u00e9pendamment des exploitants de sites\u00a0; Et n\u00e9ammoins porter un grand coup \u00e0 la fili\u00e8re ill\u00e9gale.<\/p>\n<p class=\"western\"><b>Augmenter les effectifs de polices judiciaires<\/b>\u00a0car le manque d&rsquo;officiers judiciaires p\u00e9nalisent les interpellations et les instructions, dans ce domaine. Augmentation des effectifs des gendarmes et militaires sur le terrain.<\/p>\n<p class=\"western\">D\u00e9velopper et <b>augmenter les moyens en techniques <\/b>de t\u00e9l\u00e9d\u00e9tection, photographie a\u00e9rienne et image satellite pour am\u00e9liorer le rep\u00e9rage des sites ill\u00e9gaux, et le contr\u00f4le des sites l\u00e9gaux.<\/p>\n<p><strong>Am\u00e9liorer l&rsquo;efficacit\u00e9<\/strong> du traitement des dossiers d&rsquo;exploitations de sites miniers, afin de favoriser le d\u00e9veloppement des industries mini\u00e8res l\u00e9gales, locales. Ce qui signifie, d\u00e9localiser aux maximums l\u2019instruction des dossiers, sur place, pour un gain de rapidit\u00e9 et de faisabilit\u00e9. En faisant intervenir les services hexagonaux \u00e0 la fin du processus d&rsquo;instructions.<\/p>\n<p>D\u00e9velopper les fili\u00e8res de formations\u00a0: Cr\u00e9er une \u00e9cole sup\u00e9rieur des exploitations mini\u00e8res.<\/p>\n<p align=\"JUSTIFY\">Lutter contre l&rsquo;immigration clandestine (en provenance du Surinam et du Br\u00e9sil), en augmentant les moyens<\/p>\n<h2 class=\"western\">C \/ Lutter contre la d\u00e9linquance et notamment la d\u00e9linquance juv\u00e9nile\u00a0:<\/h2>\n<p class=\"western\">Les chiffres\u00a0en 2012 :<\/p>\n<p class=\"western\">Atteintes aux personnes\u00a0: 4387 soit + 29 % par rapport \u00e0 2011.<\/p>\n<p class=\"western\">Atteintes aux biens\u00a0: 8719 soit + 13 %<\/p>\n<p class=\"western\">Meurtres et tentatives\u00a0: 71 soit + 26 % (taux 4 fois sup\u00e9rieurs \u00e0 Marseille)<\/p>\n<p class=\"western\">Viols sur majeurs\u00a0: 42 soit + 27 %<\/p>\n<p class=\"western\">Viols sur mineurs\u00a0: 80 soit &#8211; 2,6 %<\/p>\n<p class=\"western\">Cambriolage\u00a0: 1488 soit + 10 %<\/p>\n<p class=\"western\">Vol de v\u00e9hicules motoris\u00e9s\u00a0: 128 soit + 17 %<\/p>\n<p class=\"western\">fait de violences sur Agents d\u00e9positaires de l&rsquo;autorit\u00e9\u00a0: 241 soit + 74 %<\/p>\n<p class=\"western\">Vol avec armes \u00e0 feu\u00a0: 163 soit \u2013 13 %<\/p>\n<p>Les chiffres \u00e0 eux seuls, nous donnent une id\u00e9e de la probl\u00e9matique de garantir la s\u00e9curit\u00e9 des personnes et des biens sur ce territoire, et nous voyons l&rsquo;urgence de la situation.<\/p>\n<p>Nous comprenons que la r\u00e9pression \u00e0 lui seul ne peut r\u00e9soudre le probl\u00e8me, et qu&rsquo;il est n\u00e9cessaire d&rsquo;agir en amont\u00a0: L&rsquo;\u00e9ducation, l&rsquo;insertion, la formation, la pr\u00e9vention, la lutte contre les addictions \u2026<\/p>\n<p>Il est n\u00e9cessaire de mettre en place toute une fili\u00e8re d&rsquo;exclusion de la violence et d&rsquo;insertion des personnes. Consciencieusement.<\/p>\n<p>Evaluer les moyens dans tout ces domaines, jusqu&rsquo;aux niveaux des effectifs dans le domaine judiciaire.<\/p>\n<p>Ensuite mettre en place un plan de rattrapage structurel pour amener ces territoires aux niveaux de la France hexagonale\u00a0: Structure de sant\u00e9, sociale, d&rsquo;\u00e9ducation, judiciaires \u2026<\/p>\n<h2 class=\"western\">D \/ Rendre possible l&rsquo;exploitation du p\u00e9trole dans les sous sol marin guyannais\u00a0:<\/h2>\n<p class=\"western\">Le premier Permis Exclusif de recherche \u00ab\u00a0Guyane Maritime\u00a0\u00bb \u00e0 ouvert une perspective \u00e0 long terme d&rsquo;exploitation p\u00e9troli\u00e8re au large de la Guyane. Un r\u00e9sultat partiellement positif a \u00e9t\u00e9 enregistr\u00e9. Cependant le chemin est encore long et parsem\u00e9 d&#8217;emb\u00fbches, notamment administratifs, avant une exploitation commerciale. Ce permis se termine, et il est n\u00e9cessaire de prolonger ou d&rsquo;en ouvrir de nouveaux, pour la suite des prospections.<\/p>\n<p class=\"western\">Il est n\u00e9cessaire de <b>faciliter les proc\u00e9dures<\/b> d&rsquo;accord de Permis de Recherche\u00a0(efficacit\u00e9 et rapidit\u00e9); Peut \u00eatre par une d\u00e9centralisation maximum de la proc\u00e9dure d&rsquo;instruction des dossiers de demande. En tout \u00e9tat de cause, le sujet m\u00e9rite d&rsquo;\u00eatre abord\u00e9 pour ce territoire.<\/p>\n<p class=\"western\">De m\u00eame \u00e9tudier l&rsquo;opportunit\u00e9 d&rsquo;une <b>fili\u00e8re de formation<\/b> des personnes du territoire aux m\u00e9tiers li\u00e9s \u00e0 cette <b>industrie du p\u00e9trole<\/b>\u00a0;<\/p>\n<h2 class=\"western\"><\/h2>\n","protected":false},"excerpt":{"rendered":"<p>La Guyane A \/ g\u00e9n\u00e9ralit\u00e9s\u00a0: Population\u00a0: 214118 habitants Surface\u00a0: 83846 km\u00b2 Surface en for\u00eat\u00a0: 98 % Domaine marin\u00a0: 350 milles nautiques 1 parc National\u00a0: 3,4 millions d&rsquo;hectare 6 r\u00e9serves naturelles1 densit\u00e9\u00a0: 3 hab\/km\u00b2 Ch\u00f4mage\u00a0: 21,3 % en 2013, 40 % <a href=\"http:\/\/www.politikfrance.fr\/index.php\/accueil-2\/la-guyanne\/\" class=\"read-more\">En savoir plus &#8230;<\/a><\/p>\n","protected":false},"author":2,"featured_media":0,"parent":222,"menu_order":0,"comment_status":"closed","ping_status":"closed","template":"","meta":{"footnotes":""},"class_list":["post-288","page","type-page","status-publish","hentry"],"_links":{"self":[{"href":"http:\/\/www.politikfrance.fr\/index.php\/wp-json\/wp\/v2\/pages\/288","targetHints":{"allow":["GET"]}}],"collection":[{"href":"http:\/\/www.politikfrance.fr\/index.php\/wp-json\/wp\/v2\/pages"}],"about":[{"href":"http:\/\/www.politikfrance.fr\/index.php\/wp-json\/wp\/v2\/types\/page"}],"author":[{"embeddable":true,"href":"http:\/\/www.politikfrance.fr\/index.php\/wp-json\/wp\/v2\/users\/2"}],"replies":[{"embeddable":true,"href":"http:\/\/www.politikfrance.fr\/index.php\/wp-json\/wp\/v2\/comments?post=288"}],"version-history":[{"count":3,"href":"http:\/\/www.politikfrance.fr\/index.php\/wp-json\/wp\/v2\/pages\/288\/revisions"}],"predecessor-version":[{"id":292,"href":"http:\/\/www.politikfrance.fr\/index.php\/wp-json\/wp\/v2\/pages\/288\/revisions\/292"}],"up":[{"embeddable":true,"href":"http:\/\/www.politikfrance.fr\/index.php\/wp-json\/wp\/v2\/pages\/222"}],"wp:attachment":[{"href":"http:\/\/www.politikfrance.fr\/index.php\/wp-json\/wp\/v2\/media?parent=288"}],"curies":[{"name":"wp","href":"https:\/\/api.w.org\/{rel}","templated":true}]}}