{"id":293,"date":"2016-08-17T17:42:56","date_gmt":"2016-08-17T17:42:56","guid":{"rendered":"http:\/\/www.politikfrance.fr\/?page_id=293"},"modified":"2016-08-17T17:55:59","modified_gmt":"2016-08-17T17:55:59","slug":"la-guadeloupe","status":"publish","type":"page","link":"http:\/\/www.politikfrance.fr\/index.php\/accueil-2\/la-guadeloupe\/","title":{"rendered":"La Guadeloupe"},"content":{"rendered":"<h2 class=\"western\" align=\"LEFT\">1 \/ La Guadeloupe<\/h2>\n<h3 class=\"western\">A \/ g\u00e9n\u00e9ralit\u00e9s\u00a0:<\/h3>\n<p>Population\u00a0: 402119 habitants<\/p>\n<p>Surface\u00a0: 1648 km\u00b2<\/p>\n<p>densit\u00e9\u00a0: 247 hab\/km\u00b2<\/p>\n<p class=\"western\">Ch\u00f4mage\u00a0: 25 % en 2014, 40 % chez les jeunes<\/p>\n<p class=\"western\">PIB\u00a0: 17900 \u20acpar habitant<\/p>\n<p class=\"western\">4 d\u00e9put\u00e9s<\/p>\n<p class=\"western\">3 s\u00e9nateurs<\/p>\n<h3 class=\"western\">A \/ Lutter contre la d\u00e9linquance\u00a0:<\/h3>\n<p class=\"western\">Les chiffres\u00a0en 2012 :<\/p>\n<p class=\"western\">Atteintes aux personnes\u00a0: 5625<\/p>\n<p class=\"western\">Meurtres et tentatives\u00a0: 70<\/p>\n<p class=\"western\">Violence sexuelles\u00a0: 182<\/p>\n<p class=\"western\">Cambriolage\u00a0: 3750<\/p>\n<p class=\"western\">Vol de v\u00e9hicules motoris\u00e9s\u00a0: 4010<\/p>\n<p class=\"western\">Vol avec armes \u00e0 feu\u00a0: 366<\/p>\n<p class=\"western\">Les chiffres \u00e0 eux seuls, nous donnent une id\u00e9e de la probl\u00e9matique de garantir la s\u00e9curit\u00e9 des personnes et des biens sur ce territoire aussi, et nous voyons l&rsquo;urgence de la situation.<\/p>\n<p class=\"western\">Nous comprenons que la r\u00e9pression \u00e0 lui seul ne peut r\u00e9soudre le probl\u00e8me, et qu&rsquo;il est n\u00e9cessaire d&rsquo;agir en amont\u00a0: L&rsquo;\u00e9ducation, l&rsquo;insertion, la formation, la pr\u00e9vention, la lutte contre les addictions \u2026<\/p>\n<p class=\"western\">Il est n\u00e9cessaire de <b>mettre en place toute une fili\u00e8re d&rsquo;exclusion de la violence et d&rsquo;insertion des personnes<\/b>. Consciencieusement.<\/p>\n<p class=\"western\"><b>Evaluer les moyens<\/b> dans tout ces domaines, jusqu&rsquo;aux niveaux des effectifs dans le domaine judiciaire.<\/p>\n<p class=\"western\">Ensuite <b>mettre en place un plan de rattrapage structurel<\/b> pour amener ces territoires aux niveaux de la France hexagonale\u00a0: Structure de sant\u00e9, sociale, d&rsquo;\u00e9ducation, judiciaires \u2026<\/p>\n<h3 class=\"western\">B \/ La probl\u00e9matique agricole\u00a0:<\/h3>\n<p align=\"JUSTIFY\">Les productions \u00e0 \u00e9chelle industrielle de ce territoire sont la banane et la canne \u00e0 sucre. Ces productions sont en d\u00e9clins, et leurs avenirs n&rsquo;est pas visible, en raison de la fin des quotas programm\u00e9s. C&rsquo;est la probl\u00e9matique agricole de ces territoires que nous avons vue dans le chapitre probl\u00e9matique commune, vue plus haut.<\/p>\n<p align=\"JUSTIFY\">Cependant, ce territoire \u00e0 une marge importante en terme de possibilit\u00e9 de d\u00e9veloppement et de march\u00e9 d&rsquo;une fili\u00e8re locales de productions mara\u00eech\u00e8res et fruiti\u00e8res. 10000 tonnes sont import\u00e9s annuellement. Il est n\u00e9cessaire d&rsquo;encourager le d\u00e9veloppement de ces fili\u00e8res en pr\u00e9servant le foncier en les accompagnant, et cela dans une d\u00e9marche d&rsquo;agriculture durable.<\/p>\n<h2 class=\"western\">C \/ Les Grands Travaux<\/h2>\n<p align=\"JUSTIFY\">Le projet de la Guadeloupe est un projet de Tramway de 31,7 km de long, desservant Abymes Point \u00e0 pitre Baie Mahaut et Abymes Gosier et aussi la zone de Jarry. d&rsquo;un co\u00fbt total de 219 millions d&rsquo;Euros. Ce projet se d\u00e9roulera sur une dur\u00e9e de 13 ans. De 2017 \u00e0 2030.<\/p>\n<p align=\"JUSTIFY\">Il est important de rassurer les Guadeloup\u00e9ens du soutien de l&rsquo;Etat pour l&rsquo;accompagner dans la r\u00e9alisation de ce projet de liaison des diff\u00e9rents p\u00f4le d&rsquo;activit\u00e9s.<\/p>\n<h3 align=\"JUSTIFY\">D\/ Le Tourisme\u00a0:<\/h3>\n<p align=\"JUSTIFY\">Dans cette probl\u00e9matique d\u00e9velopp\u00e9 aussi en probl\u00e9matique commune, nous trouvons de mani\u00e8re sp\u00e9cifique le probl\u00e8me des algues sargasse sur une partie des plages.<\/p>\n<p class=\"western\">Entre 20.000 et 40.000 tonnes d&rsquo;algues sargasses envahissent les c\u00f4tes guadeloup\u00e9ennes chaque ann\u00e9e.<\/p>\n<p class=\"western\">L&rsquo;arriv\u00e9e massive des algues provoque des dommages chez les h\u00f4teliers, restaurateurs et p\u00eacheurs qui cherchent \u00e0 \u00eatre indemnis\u00e9s, sans succ\u00e8s pour l&rsquo;instant.<\/p>\n<p class=\"western\">Il est n\u00e9cessaire de comprendre le ph\u00e9nom\u00e8ne et de pr\u00e9voir les actions \u00e0 mettre en \u0153uvre, du point de vue mat\u00e9riels, logistique et chantier de nettoyage et ainsi que des mesure d&rsquo;accompagnement fiscale.<\/p>\n<h1 class=\"western\"><\/h1>\n","protected":false},"excerpt":{"rendered":"<p>1 \/ La Guadeloupe A \/ g\u00e9n\u00e9ralit\u00e9s\u00a0: Population\u00a0: 402119 habitants Surface\u00a0: 1648 km\u00b2 densit\u00e9\u00a0: 247 hab\/km\u00b2 Ch\u00f4mage\u00a0: 25 % en 2014, 40 % chez les jeunes PIB\u00a0: 17900 \u20acpar habitant 4 d\u00e9put\u00e9s 3 s\u00e9nateurs A \/ Lutter contre la d\u00e9linquance\u00a0: <a href=\"http:\/\/www.politikfrance.fr\/index.php\/accueil-2\/la-guadeloupe\/\" class=\"read-more\">En savoir plus &#8230;<\/a><\/p>\n","protected":false},"author":2,"featured_media":0,"parent":222,"menu_order":0,"comment_status":"closed","ping_status":"closed","template":"","meta":{"footnotes":""},"class_list":["post-293","page","type-page","status-publish","hentry"],"_links":{"self":[{"href":"http:\/\/www.politikfrance.fr\/index.php\/wp-json\/wp\/v2\/pages\/293","targetHints":{"allow":["GET"]}}],"collection":[{"href":"http:\/\/www.politikfrance.fr\/index.php\/wp-json\/wp\/v2\/pages"}],"about":[{"href":"http:\/\/www.politikfrance.fr\/index.php\/wp-json\/wp\/v2\/types\/page"}],"author":[{"embeddable":true,"href":"http:\/\/www.politikfrance.fr\/index.php\/wp-json\/wp\/v2\/users\/2"}],"replies":[{"embeddable":true,"href":"http:\/\/www.politikfrance.fr\/index.php\/wp-json\/wp\/v2\/comments?post=293"}],"version-history":[{"count":2,"href":"http:\/\/www.politikfrance.fr\/index.php\/wp-json\/wp\/v2\/pages\/293\/revisions"}],"predecessor-version":[{"id":296,"href":"http:\/\/www.politikfrance.fr\/index.php\/wp-json\/wp\/v2\/pages\/293\/revisions\/296"}],"up":[{"embeddable":true,"href":"http:\/\/www.politikfrance.fr\/index.php\/wp-json\/wp\/v2\/pages\/222"}],"wp:attachment":[{"href":"http:\/\/www.politikfrance.fr\/index.php\/wp-json\/wp\/v2\/media?parent=293"}],"curies":[{"name":"wp","href":"https:\/\/api.w.org\/{rel}","templated":true}]}}