{"id":313,"date":"2016-08-24T09:49:18","date_gmt":"2016-08-24T09:49:18","guid":{"rendered":"http:\/\/www.politikfrance.fr\/?page_id=313"},"modified":"2016-09-15T13:03:33","modified_gmt":"2016-09-15T13:03:33","slug":"mayotte","status":"publish","type":"page","link":"http:\/\/www.politikfrance.fr\/index.php\/accueil-2\/mayotte\/","title":{"rendered":"Mayotte"},"content":{"rendered":"<h1 style=\"text-align: center;\">Mayotte<\/h1>\n<p>Populations : 226 915 habitant (2015)<\/p>\n<p>Surfaces : 376 km\u00b2<\/p>\n<p>Densit\u00e9s : 603 hab\/km\u00b2<\/p>\n<p>Chomage 22 %, chomage des jeunes sup\u00e9rieurs \u00e0 \u00a050 %<\/p>\n<p>SMIC = inf\u00e9rieur \u00e0 60 % du SMIC M\u00e9tropole<\/p>\n<p>Les probl\u00e9matiques de Mayotte :<\/p>\n<p>A \/ La situation du territoire mahorais :<\/p>\n<p>Mayotte est d\u00e9partement fran\u00e7ais depuis mars 2011. Cette petite ile est situ\u00e9 \u00e0 80 km des Comores (de l&rsquo;\u00eele d&rsquo;Anjouan). Sa r\u00e9cente nomination en tant que d\u00e9partement fran\u00e7ais explique son retard dans de nombreux domaine par rapport \u00e0 l&rsquo;hexagone. En effet, 30 % des enfants ne sont pas scolaris\u00e9 en primaire.<\/p>\n<h2><span style=\"color: #808000;\">B \/ L&rsquo;immigration clandestine en provenance des Comores (Anjouan, Moh\u00e9li et la Grande Comore)<\/span><\/h2>\n<p style=\"text-align: justify;\"><span style=\"color: #808000;\">Les Comores alentour est \u00e0 80 km du territoire mahorais, par Anjouan. Soit \u00a0\u00e0 6 h de bateau des c\u00f4tes de Mayotte et il fait partie des pays les plus pauvres du monde (50 \u20ac par mois par habitants en moyenne). Il est ais\u00e9 d&rsquo;imaginer l&rsquo;envie de ses habitants de rejoindre une \u00eele fran\u00e7aise pour am\u00e9liorer leurs conditions de vie. <strong>On estime \u00e0 40 % de la population soit environ 70000, le nombre de clandestin \u00e0 Mayotte.<\/strong><\/span><\/p>\n<p style=\"text-align: justify;\"><span style=\"color: #808000;\">Cela am\u00e8ne la France \u00e0 lutter en continue contre un flot d&rsquo;immigr\u00e9s arrivant par la mer, sur des Kwasa kwasa (embarcation de fortune) au p\u00e9ril de leurs vie. Les estimation donnent une moyenne de<strong> 16000 entr\u00e9e<\/strong> par an en 2015 &#8230; et une moyenne de <strong>17000 expulsions par an<\/strong> (la moiti\u00e9 de la totalit\u00e9 des expuls\u00e9s de France). Globalement, nous pouvons dire que pour le moment, le flux est continue dans les deux sens et se valent&#8230;<\/span><\/p>\n<p style=\"text-align: justify;\"><span style=\"color: #808000;\">Cependant, <strong>le co\u00fbt \u00e9conomique est cons\u00e9quent<\/strong> : Interpellation des clandestins, contr\u00f4le sanitaire, car le passage m\u00e9dicale est obligatoire. Proc\u00e9dure d&rsquo;expulsion acc\u00e9l\u00e9r\u00e9e et expulsion dans les 24 h \u00e0 la charge de la France. Nous pouvons pens\u00e9e que <strong>l&rsquo;immigration est un business,<\/strong> pay\u00e9 d&rsquo;une part, par les clandestins, aux b\u00e9n\u00e9fices des passeurs, en partance des Comores et dans l&rsquo;autres sens, pay\u00e9 par la France, aux b\u00e9n\u00e9fices des clandestins.<\/span><\/p>\n<p style=\"text-align: justify;\"><span style=\"color: #808000;\">Cela entra\u00eene \u00e9galement <strong>la mobilisation de tous les dispositifs de justice<\/strong> pour interpeller, (les forces de l&rsquo;ordre 822 policiers et gendarmes en 2015, assurent ces missions en plus d&rsquo;autres), juger et renvoyer (50 renvois par jour) ces clandestins. Sans assurance qu&rsquo;il ne reviendrons pas <strong>(75 % reviennent).<\/strong><\/span><\/p>\n<p><span style=\"color: #808000;\">En plus du co\u00fbt, cette immigration massive pour un si petit territoire cause de nombreux autres probl\u00e8mes, qui seront abord\u00e9 ci dessous :\u00a0<\/span><\/p>\n<p>En plus du<\/p>\n<p>Le droit du sol assure la nationalit\u00e9 francaise \u00e0 tout naissant sur le sol mahorais; Un enfant ne peux \u00eatre sans ses parents. Un enfant scolaris\u00e9 ne peut \u00eatre expuls\u00e9. un malade ne peut \u00eatre expuls\u00e9. Ils ne peuvent \u00eatre expuls\u00e9 si ils ont une convocation au tribunal.<\/p>\n<p>80000 sans papiers clandestins sur l&rsquo;\u00eele, pour profiter de la porte d&rsquo;entr\u00e9 vers l&rsquo;EUROPE;<\/p>\n<p>&nbsp;<\/p>\n<p>50 clandestins renvoy\u00e9 par jour.<\/p>\n<p>Le nombre augmente de mani\u00e8re continuel.<\/p>\n<p>Proc\u00e9dure d&rsquo;expulsion ultra rapide (coute\u00fbx)<\/p>\n<p>Que faire ?<\/p>\n<p><strong>Propositions :\u00a0<\/strong><\/p>\n<p style=\"text-align: justify;\">Cr\u00e9er les conditions de s\u00e9curit\u00e9, en mati\u00e8re de sant\u00e9, d&rsquo;\u00e9ducation, d&rsquo;infrastructure, de revenu, de s\u00e9curit\u00e9, de vie (se nourrir, se loger) sur l&rsquo;\u00eele est un premier pas essentiel. Il est indispensable d&rsquo;augmenter le niveau de vie des mahorais. Mayotte doit \u00eatre un d\u00e9partement francais<\/p>\n<p style=\"text-align: justify;\">Le Changement de mod\u00e8le soci\u00e9tale, C&rsquo;est \u00e0 dire, passage d&rsquo;un mod\u00e8le soci\u00e9tale de communaut\u00e9 \u00e0 un mod\u00e8le soci\u00e9tale parentale avec des carences d&rsquo;information, restaurer l&rsquo;autorit\u00e9 parentale, des parents, des institutions, des collectivit\u00e9s.<\/p>\n<p style=\"text-align: justify;\">Jeunesse \u00e0 l&rsquo;abandon, livr\u00e9 \u00e0 elle m\u00eame.<\/p>\n<p>Aussi difficile que cela puisse \u00eatre imagin\u00e9, il est important de d\u00e9ploy\u00e9 des moyens diplomatiques qui nous permettrait d&rsquo;acc\u00e9der \u00e0 la diplomatie comorienne, afin d&rsquo;accompagner ces territoires vers un d\u00e9veloppement susceptible de fixer leurs populations.<\/p>\n<p>Mettre en place un plan de rattrapage des in\u00e9galit\u00e9s. SMIC, Prestations sociale, Couverture du territoire en offre d&rsquo;\u00e9ducation et sant\u00e9.<\/p>\n<p>Augmenter les effectifs de s\u00e9curit\u00e9 au m\u00eame niveau que la moyenne francaise.<\/p>\n<p>Am\u00e9liorer les infrastructures, route, \u00e9cole &#8230;<\/p>\n<p>D\u00e9velopper l&rsquo;agriculture, \u00a0pourvoyeuse d&rsquo;activit\u00e9 et de produit alimentaire.<\/p>\n<p>Il est impensable de mettre en cause le droit du sol et de fleurter avec l&rsquo;extr\u00eame droite qui pr\u00f4ne le droit du sang. Venir \u00e0 une tel extr\u00e9mit\u00e9 sur le territoire francais, en plus de son c\u00f4t\u00e9 morale insupportable, risque de cr\u00e9er un pr\u00e9c\u00e9dent, qui pourrait se r\u00e9pandre en m\u00e9tropole et \u00a0fermer nos fronti\u00e8res aux \u00e9trangers, alors que le renouvellement d&rsquo;une population d\u00e9pend aussi des entrants en plus de la natalit\u00e9.<\/p>\n<p>L&rsquo;accompagnement juridique<\/p>\n<p>&nbsp;<\/p>\n<p>Cela entra\u00eene des probl\u00e8mes de d\u00e9linquances.<\/p>\n<h2><span style=\"color: #ff6600;\">B \/ L&rsquo;ins\u00e9curit\u00e9, la d\u00e9linquance des mineurs en explosion.<\/span><\/h2>\n<p><span style=\"color: #ff6600;\">La d\u00e9linquance des mineurs :<\/span><\/p>\n<p><span style=\"color: #ff6600;\">On assiste \u00e0 Mayotte une augmentation constante des actes d&rsquo;incivilit\u00e9s plus ou moins grave. Cela va du simple vol, des bureaux de postes, des \u00e9coles, aux agressions physiques, en passant par le caillassage des voitures, les infractions d&rsquo;appartement, parfois avec violences. Ces actes peuvent concerner aussi bien les hexagonaux ou personnes b\u00e9n\u00e9ficiant d&rsquo;un statut \u00e9lev\u00e9, que les clandestins immigr\u00e9s ou les mahorais entre eux. Leurs auteurs sont r\u00e9put\u00e9s \u00eatre jeunes adolescents de 14 \u00e0 17 ans, en manque d&rsquo;encadrement, par les familles de clandestins ou mahoraises, en situation de pr\u00e9carit\u00e9, qui d\u00e9troussent pour revendre ou manger.<\/span><\/p>\n<p>Les chiffres :<\/p>\n<p>atteinte aux biens : 2012 \u00a0&#8211; 25 pour \u00a01000 + 17 %<\/p>\n<p>atteintes \u00e0 l&rsquo;int\u00e9grit\u00e9 physique : 8 pour 1000 &#8211; 2 %<\/p>\n<p>&nbsp;<\/p>\n<p>Pr\u00e9cisons d&rsquo;abord, quels types d&rsquo;ins\u00e9curit\u00e9s, Les conditions d\u00e9crit ci dessus favorisent la mont\u00e9e de la d\u00e9linquance juv\u00e9nile ou d\u00e9linquance des mineurs. De nombreuses familles ne disposent plus de moyens d&rsquo;\u00e9lever les enfants, voir de les encadrer. Ces jeunes livr\u00e9s \u00e0 eux m\u00eame se d\u00e9brouillent pour<\/p>\n<p>&nbsp;<\/p>\n<p>&nbsp;<\/p>\n<p>Le taux de ch\u00f4mage est important. La moiti\u00e9 de la population \u00e0 moins de 20 ans. Le taux de chomage des jeunes est sup\u00e9rieurs \u00e0 50 %.<\/p>\n<p>Le nombre important de clandestins, le taux de natalit\u00e9 importante,<\/p>\n<p>Les agressions sont monnaies courantes. Avec, souvent du caillassage, qui ab\u00eeme les habitations, les v\u00e9hicules. Cela arrivent souvent aussi que les agressions soient physiques. Avec blessures. sur les personnes. Elle touche les quartiers r\u00e9sidentielles, les \u00e9coles. On d\u00e9nombre aussi de nombreux cambriolages. d&rsquo;appartement, de maisons, d&rsquo;\u00e9coles &#8230;<\/p>\n<p>C \/ La pauvret\u00e9, le manque d&rsquo;infrastructure,<\/p>\n<p>Les quartiers de bangas.<\/p>\n<p>&nbsp;<\/p>\n<p>C \/ La drogue<\/p>\n<p>D \/ Le travail au noir<\/p>\n<p>Les comores 50 \u20ac par mois, \u00e0 6 h de Mayotte, d\u00e9partement depuis mars 2011.<\/p>\n<p>822 policiers et gendarmes en 2015<\/p>\n<p>Fond marins riches,<\/p>\n","protected":false},"excerpt":{"rendered":"<p>Mayotte Populations : 226 915 habitant (2015) Surfaces : 376 km\u00b2 Densit\u00e9s : 603 hab\/km\u00b2 Chomage 22 %, chomage des jeunes sup\u00e9rieurs \u00e0 \u00a050 % SMIC = inf\u00e9rieur \u00e0 60 % du SMIC M\u00e9tropole Les probl\u00e9matiques de Mayotte : A <a href=\"http:\/\/www.politikfrance.fr\/index.php\/accueil-2\/mayotte\/\" class=\"read-more\">En savoir plus &#8230;<\/a><\/p>\n","protected":false},"author":2,"featured_media":0,"parent":222,"menu_order":0,"comment_status":"closed","ping_status":"closed","template":"","meta":{"footnotes":""},"class_list":["post-313","page","type-page","status-publish","hentry"],"_links":{"self":[{"href":"http:\/\/www.politikfrance.fr\/index.php\/wp-json\/wp\/v2\/pages\/313","targetHints":{"allow":["GET"]}}],"collection":[{"href":"http:\/\/www.politikfrance.fr\/index.php\/wp-json\/wp\/v2\/pages"}],"about":[{"href":"http:\/\/www.politikfrance.fr\/index.php\/wp-json\/wp\/v2\/types\/page"}],"author":[{"embeddable":true,"href":"http:\/\/www.politikfrance.fr\/index.php\/wp-json\/wp\/v2\/users\/2"}],"replies":[{"embeddable":true,"href":"http:\/\/www.politikfrance.fr\/index.php\/wp-json\/wp\/v2\/comments?post=313"}],"version-history":[{"count":9,"href":"http:\/\/www.politikfrance.fr\/index.php\/wp-json\/wp\/v2\/pages\/313\/revisions"}],"predecessor-version":[{"id":358,"href":"http:\/\/www.politikfrance.fr\/index.php\/wp-json\/wp\/v2\/pages\/313\/revisions\/358"}],"up":[{"embeddable":true,"href":"http:\/\/www.politikfrance.fr\/index.php\/wp-json\/wp\/v2\/pages\/222"}],"wp:attachment":[{"href":"http:\/\/www.politikfrance.fr\/index.php\/wp-json\/wp\/v2\/media?parent=313"}],"curies":[{"name":"wp","href":"https:\/\/api.w.org\/{rel}","templated":true}]}}