{"id":41,"date":"2016-05-25T06:42:52","date_gmt":"2016-05-25T06:42:52","guid":{"rendered":"http:\/\/www.politikfrance.fr\/?page_id=41"},"modified":"2016-07-06T16:57:48","modified_gmt":"2016-07-06T16:57:48","slug":"le-vote-et-les-mathematiques","status":"publish","type":"page","link":"http:\/\/www.politikfrance.fr\/index.php\/le-vote-et-les-mathematiques\/","title":{"rendered":"CITOYENNET\u00c9 ET POLITIQUE"},"content":{"rendered":"<h2 class=\"western\">Qu&rsquo;est ce que le vote\u00a0? :<\/h2>\n<p align=\"JUSTIFY\"><span style=\"color: #222222;\"><span style=\"font-family: Calibri, sans-serif;\"><span style=\"font-size: medium;\">Une id\u00e9e, une envie, une vision, <b>un int\u00e9r\u00eat appara\u00eet dans la soci\u00e9t\u00e9, de mani\u00e8re individuelle, ind\u00e9pendamment des uns et des autres<\/b>. (Exemple : l&rsquo;\u00e9cologie : Je pense qu&rsquo;il est n\u00e9cessaire de prot\u00e9ger notre milieu, nos \u00e9cosyst\u00e8mes, la terre, l&rsquo;eau et le ciel). La perception de cet int\u00e9r\u00eat est personnelle, c&rsquo;est la mienne. Peut \u00eatre que d&rsquo;autres personnes per\u00e7oivent le m\u00eame int\u00e9r\u00eat que moi. Mais je ne le sais pas. Peu importe. Je sais o\u00f9 se trouve mon int\u00e9r\u00eat.<\/span><\/span><\/span><\/p>\n<p align=\"JUSTIFY\"><span style=\"color: #222222;\"><span style=\"font-family: Calibri, sans-serif;\"><span style=\"font-size: medium;\"><b>Une personne s&rsquo;en saisit.<\/b> Une personne qui peut appartenir \u00e0 un groupe politique (EEV) ou non. <b>Il travaille cet int\u00e9r\u00eat<\/b> nouveau, le pr\u00e9cise, l&rsquo;affine, le d\u00e9crit, l\u2019argumente, l&rsquo;explique, le m\u00e9diatise, le d\u00e9fend (L&rsquo;\u00e9cologie c&rsquo;est bien, c&rsquo;est bon, c&rsquo;est rentable).<\/span><\/span><\/span><\/p>\n<p align=\"JUSTIFY\"><span style=\"color: #222222;\"><span style=\"font-family: Calibri, sans-serif;\"><span style=\"font-size: medium;\"><b>Il se positionne lors d&rsquo;une \u00e9lection ou plusieurs et s&rsquo;affiche comme r\u00e9f\u00e9rent de cet int\u00e9r\u00eat<\/b>. Lors de cette \u00e9lection, je reconnais mon int\u00e9r\u00eat. J&rsquo;identifie le porteur de cet int\u00e9r\u00eat.<\/span><\/span><\/span><\/p>\n<p align=\"JUSTIFY\"><span style=\"color: #222222;\"><span style=\"font-family: Calibri, sans-serif;\"><span style=\"font-size: medium;\"><b>Je le choisis comme repr\u00e9sentant de mon int\u00e9r\u00eat<\/b>. Les autres individus qui se reconnaissent aussi dans cet int\u00e9r\u00eat et sa d\u00e9fense, le reconnaissent aussi comme porteurs de leurs int\u00e9r\u00eats et le choisissent comme repr\u00e9sentant de leurs int\u00e9r\u00eats.<\/span><\/span><\/span><\/p>\n<p align=\"JUSTIFY\"><span style=\"color: #222222;\"><span style=\"font-family: Calibri, sans-serif;\"><span style=\"font-size: medium;\"><b>Je vote\u00a0pour lui<\/b> (c&rsquo;est une action citoyenne personnelle, et l&rsquo;essentiel est que tout le monde exprime leur int\u00e9r\u00eat personnel) : ce qui signifie\u00a0: <\/span><\/span><\/span><\/p>\n<p align=\"JUSTIFY\"><span style=\"color: #222222;\"><span style=\"font-family: Calibri, sans-serif;\"><span style=\"font-size: medium;\"><b>\u00ab\u00a0je te reconnais comme porteur de l&rsquo;id\u00e9e que je d\u00e9fends, de mon int\u00e9r\u00eat. Je te choisis comme repr\u00e9sentant de mon pouvoir de modifier la soci\u00e9t\u00e9 et d&rsquo;y int\u00e9grer mon int\u00e9r\u00eat. Je ne te donne pas mon pouvoir, Je te donne sa repr\u00e9sentation. J&rsquo;attends de toi que tu d\u00e9fendes mes int\u00e9r\u00eats et fasse le n\u00e9cessaire pour qu&rsquo;elle soit perceptible et profitable dans ma vie quotidienne.\u00a0\u00bb<\/b><\/span><\/span><\/span><\/p>\n<p align=\"JUSTIFY\"><span style=\"color: #222222;\"><span style=\"font-family: Calibri, sans-serif;\"><span style=\"font-size: medium;\">Comme la majorit\u00e9 des individus, ind\u00e9pendamment des uns et des autres ont vot\u00e9s pour ce candidat porteur de leurs int\u00e9r\u00eats, <b>cette personne est \u00e9lue <\/b>:<\/span><\/span><\/span><\/p>\n<p align=\"JUSTIFY\"><span style=\"color: #222222;\"><span style=\"font-family: Calibri, sans-serif;\"><span style=\"font-size: medium;\"><b>Il participe \u00e0 l&rsquo;\u00e9laboration de la vie de la cit\u00e9<\/b>, et \u00e0 ce titre, se doit toujours de d\u00e9fendre ces int\u00e9r\u00eats, <b>par la mise en place de mesures, de projets de lois<\/b>, de propositions de norme, de demandes d&rsquo;\u00e9tude d&rsquo;impact&#8230;<b> afin d&rsquo;introduire dans la vie quotidienne des \u00e9lecteurs qui l&rsquo;ont \u00e9lu, (la majorit\u00e9) la promotion et la protection de ces int\u00e9r\u00eats<\/b> (L&rsquo;\u00e9cologie).<\/span><\/span><\/span><\/p>\n<p align=\"JUSTIFY\"><span style=\"color: #222222;\"><span style=\"font-family: Calibri, sans-serif;\"><span style=\"font-size: medium;\">L&rsquo;objectif est atteint quand :<\/span><\/span><\/span><\/p>\n<p align=\"JUSTIFY\"><span style=\"color: #222222;\"><span style=\"font-family: Calibri, sans-serif;\"><span style=\"font-size: medium;\">1 \/ L&rsquo;int\u00e9r\u00eat est affich\u00e9 et introduit dans le d\u00e9bat publique et politique, et que personne ne peut l&rsquo;y soustraire. Il devient incontournable (l&rsquo;Ecologie)<\/span><\/span><\/span><\/p>\n<p align=\"JUSTIFY\"><span style=\"color: #222222;\"><span style=\"font-family: Calibri, sans-serif;\"><span style=\"font-size: medium;\">2 \/ Quand des lois qui promotionnent et prot\u00e8gent ces int\u00e9r\u00eats s&rsquo;appliquent \u00e0 toute la soci\u00e9t\u00e9\u00a0de part ses structures r\u00e9galiennes et \u00e9ducatifs. Exemple\u00a0: Les lois de la protection de nos ressources en eau. Les lois de la protection de la biodiversit\u00e9.<\/span><\/span><\/span><\/p>\n<p align=\"JUSTIFY\"><span style=\"color: #222222;\"><span style=\"font-family: Calibri, sans-serif;\"><span style=\"font-size: medium;\">Et cela quelque soit la personne, le parti politique qui est \u00e0 la finition de ces lois. Car si cet int\u00e9r\u00eat est promesse de voies \u00e9lectorales, gageons qu&rsquo;il y aura r\u00e9cup\u00e9ration, lutte de pouvoir de repr\u00e9sentation; Peu importe, tant que l&rsquo;int\u00e9r\u00eat n&rsquo;est pas d\u00e9natur\u00e9 et effac\u00e9.<\/span><\/span><\/span><\/p>\n<p align=\"CENTER\"><span style=\"font-family: Calibri, sans-serif;\"><span style=\"font-size: small;\"><b>Exprimons ce que nous pensons, et non ce que les autres veulent que nous disions. Parlons pour nous, uniquement pour nous\u00a0! La somme des votes de chacun donnera \u00e0 la commune, d\u00e9partement ou pays la direction \u00e0 prendre. En toutes fid\u00e9lit\u00e9s de ce que veut son peuple \u00e0 la majorit\u00e9. A condition que nous sachions comment fonctionne les \u00e9lections et le vote \u2026 d&rsquo;o\u00f9 ce papier et son ambition. <\/b><\/span><\/span><\/p>\n<p align=\"CENTER\"><span style=\"font-family: Calibri, sans-serif;\"><span style=\"font-size: small;\"><i><u><b>Merci de votre attention <\/b><\/u><\/i><\/span><\/span><\/p>\n<p align=\"JUSTIFY\">\n","protected":false},"excerpt":{"rendered":"<p>Qu&rsquo;est ce que le vote\u00a0? : Une id\u00e9e, une envie, une vision, un int\u00e9r\u00eat appara\u00eet dans la soci\u00e9t\u00e9, de mani\u00e8re individuelle, ind\u00e9pendamment des uns et des autres. (Exemple : l&rsquo;\u00e9cologie : Je pense qu&rsquo;il est n\u00e9cessaire de prot\u00e9ger notre milieu, <a href=\"http:\/\/www.politikfrance.fr\/index.php\/le-vote-et-les-mathematiques\/\" class=\"read-more\">En savoir plus &#8230;<\/a><\/p>\n","protected":false},"author":2,"featured_media":0,"parent":0,"menu_order":0,"comment_status":"closed","ping_status":"closed","template":"","meta":{"footnotes":""},"class_list":["post-41","page","type-page","status-publish","hentry"],"_links":{"self":[{"href":"http:\/\/www.politikfrance.fr\/index.php\/wp-json\/wp\/v2\/pages\/41","targetHints":{"allow":["GET"]}}],"collection":[{"href":"http:\/\/www.politikfrance.fr\/index.php\/wp-json\/wp\/v2\/pages"}],"about":[{"href":"http:\/\/www.politikfrance.fr\/index.php\/wp-json\/wp\/v2\/types\/page"}],"author":[{"embeddable":true,"href":"http:\/\/www.politikfrance.fr\/index.php\/wp-json\/wp\/v2\/users\/2"}],"replies":[{"embeddable":true,"href":"http:\/\/www.politikfrance.fr\/index.php\/wp-json\/wp\/v2\/comments?post=41"}],"version-history":[{"count":5,"href":"http:\/\/www.politikfrance.fr\/index.php\/wp-json\/wp\/v2\/pages\/41\/revisions"}],"predecessor-version":[{"id":243,"href":"http:\/\/www.politikfrance.fr\/index.php\/wp-json\/wp\/v2\/pages\/41\/revisions\/243"}],"wp:attachment":[{"href":"http:\/\/www.politikfrance.fr\/index.php\/wp-json\/wp\/v2\/media?parent=41"}],"curies":[{"name":"wp","href":"https:\/\/api.w.org\/{rel}","templated":true}]}}