{"id":45,"date":"2016-05-25T06:50:41","date_gmt":"2016-05-25T06:50:41","guid":{"rendered":"http:\/\/www.politikfrance.fr\/?page_id=45"},"modified":"2016-10-26T17:48:50","modified_gmt":"2016-10-26T17:48:50","slug":"le-vote-blanc","status":"publish","type":"page","link":"http:\/\/www.politikfrance.fr\/index.php\/le-vote-et-les-mathematiques\/le-vote-blanc\/","title":{"rendered":"L&rsquo;ABSTENTION et LE VOTE BLANC ?"},"content":{"rendered":"<h1 style=\"text-align: center;\">Le vote\u00a0 et le probl\u00e8me fran\u00e7ais<\/h1>\n<p align=\"JUSTIFY\">A chaque \u00e9lections (locale ou nationale) nous avons plusieurs listes qui repr\u00e9sentent la diversit\u00e9 fran\u00e7aise.<\/p>\n<h2 align=\"JUSTIFY\">A \/ Les listes m\u00e9diatiquement connus<\/h2>\n<p align=\"JUSTIFY\">Listes comprenant des <strong>personnes publiques ou c\u00e9l\u00e8bres<\/strong>.<\/p>\n<p align=\"JUSTIFY\">Dans cette cat\u00e9gories nous pouvons trouver les politiciens des grands parties, les politiciens de carri\u00e8re (maire, d\u00e9put\u00e9s, conseiller g\u00e9n\u00e9raux, d\u00e9partementaux \u2026 ), les artistes &#8230;<\/p>\n<p align=\"JUSTIFY\">A la question posez au grand publics\u00a0: \u00ab\u00a0<strong>connaissez vous cette personne ou une personne de cette liste\u00a0?<\/strong>\u00bb, nous avons en g\u00e9n\u00e9ral plus de<strong> 75 % de \u00ab\u00a0oui\u00a0\u00bb<\/strong>.<\/p>\n<p align=\"JUSTIFY\">Cette publicit\u00e9 explique que <strong>ces listes<\/strong> (en moyenne 1\/3 du total), b\u00e9n\u00e9ficient, du point de vue communications, d&rsquo;un <strong>\u00e9norme avantage<\/strong>\u00a0: elles sont identifiables et connues d&rsquo;avance, ceux qui statistiquement, se traduit par une <strong>r\u00e9serve de votants d&rsquo;office<\/strong>. (Sans jugement aucun sur leur programme et ou sur les hommes). Elles ne d\u00e9pensent pas d&rsquo;\u00e9nergie pour se faire conna\u00eetre ( au m\u00eame titre que Coca Cola, Nike \u2026) ou faire conna\u00eetre leurs programmes car par extension est associ\u00e9 \u00e0 la personne publique, imprim\u00e9e dans les subconscients collectifs.<\/p>\n<h2 align=\"JUSTIFY\">B \/ Et les autres listes\u00a0:<\/h2>\n<p align=\"JUSTIFY\">Que nous pouvons class\u00e9es en 2 cat\u00e9gories\u00a0:<\/p>\n<p align=\"JUSTIFY\">1 &#8211; Des <strong>personnes fortun\u00e9es<\/strong> d\u00e9sireux de se lancer en politique, qui ont acc\u00e8s au moyens de communications.<\/p>\n<p align=\"JUSTIFY\">2 &#8211; <strong>Des personnes de la soci\u00e9t\u00e9 civile<\/strong>, qui comme vous et moi, travaillent la journ\u00e9e, s&rsquo;occupent de leur famille le soir, et qui pour diverses raisons, ont d\u00e9cid\u00e9 de partir en politique. Ils sont parfois <strong>plus repr\u00e9sentatifs<\/strong> de notre vie que les politiciens de carri\u00e8res, en raison d&rsquo;un quotidien confront\u00e9s au m\u00eame probl\u00e8me que nous.<\/p>\n<p align=\"JUSTIFY\">Pour ces hommes et ou ces parties, il est <strong>n\u00e9cessaire de d\u00e9penser de l\u2019\u00e9nergie<\/strong> (du temps, de l&rsquo;argent, de la disponibilit\u00e9, de la r\u00e9flexion \u2026) pour se faire conna\u00eetre. <strong>Cela leurs co\u00fbte beaucoup plus que les personnes publics<\/strong> d\u00e9j\u00e0 connu, dont la communication est le m\u00e9tier. Les personnes fortun\u00e9s b\u00e9n\u00e9ficient d&rsquo;un avantage. Et vice versa <strong>pour le grand publics, pour les conna\u00eetre, il est n\u00e9cessaire de d\u00e9penser de l&rsquo;\u00e9nergie<\/strong>, car ils apparaissent comme totalement nouveaux, inconnus, et une enqu\u00eate devient n\u00e9cessaire (du temps de l&rsquo;argent, de la r\u00e9flexion \u2026) pour \u00e9valuer leurs valeurs, leurs programmes et id\u00e9es.<\/p>\n<p align=\"JUSTIFY\">Pour ces 2 \u00e8me cat\u00e9gories de listes et ou hommes, c&rsquo;est un \u00e9norme inconv\u00e9nient de communication.<\/p>\n<p align=\"JUSTIFY\"><strong>Ils sont<\/strong> souvent totalement invisibles&#8230; Alors que <strong>bien r\u00e9elles<\/strong> \u2026<\/p>\n<h3 align=\"JUSTIFY\">C\u00a0&lsquo;est \u00e0 ce niveau que se pose le probl\u00e8me fran\u00e7ais\u00a0:<\/h3>\n<p align=\"JUSTIFY\">Ce sont ces 2 diff\u00e9rences fondamentales, en mati\u00e8re de communication, qui <strong>fait croire au grand public que le choix politique en France est restreint<\/strong>, et le pousse \u00e0 tort vers l&rsquo;abstention, le vote blanc ou nul quand ils veut montrer son d\u00e9saccord au syst\u00e8me.<\/p>\n<p align=\"JUSTIFY\">Mais la r\u00e9alit\u00e9 est tout autre,<strong> les fran\u00e7ais ont le choix<\/strong>, mais il ne le savent pas\u00a0! Ne le savait pas, si vous lisez ce papier.<\/p>\n<p align=\"LEFT\"><strong>L&rsquo;abstention, le vote blanc ou nul<\/strong>, les alli\u00e9s du <strong>non changement<\/strong> au 1er tour :<\/p>\n<p align=\"JUSTIFY\">Voyez vous m\u00eame\u00a0: S&rsquo;abstenir, voter blanc, voter nul c&rsquo;est\u00a0:<\/p>\n<p align=\"JUSTIFY\">Les grandes listes ou les hommes publiques, b\u00e9n\u00e9ficient de publicit\u00e9 toute l&rsquo;ann\u00e9e et m\u00eame plus, elles ont un r\u00e9servoir de voies (votants) d&rsquo;office. Comme les \u00e9lections prennent en compte uniquement les bulletins de votes d\u00e9signant une liste ou un candidat &#8230;\u00a0Ne pas choisir (s&rsquo;abstenir, voter blanc, voter nul), math\u00e9matiquement, aboutit au r\u00e9sultat suivant\u00a0: Ceux qui sont \u00ab\u00a0pour\u00a0\u00bb votent, ceux qui ne sont \u00ab\u00a0pas pour\u00a0\u00bb ne s&rsquo;expriment pas\u00a0: s&rsquo;abstiennent, ou votent blanc ou votent nul. Seuls sont comptabilis\u00e9s les bulletins exprim\u00e9s.<\/p>\n<h3 align=\"JUSTIFY\">R\u00e9sultats\u00a0:<\/h3>\n<p align=\"JUSTIFY\">Ne ressortent des \u00e9lections que les listes et hommes m\u00e9diatiquement connus. Alors que <strong>le changement<\/strong> viendrait plut\u00f4t des<strong> nouvelles listes et hommes<\/strong>, malheureusement invisible m\u00e9diatiquement, et donc r\u00e9ellement inconnu, sans effort du citoyen lui m\u00eame.<\/p>\n<p align=\"JUSTIFY\">La contradiction par le silence au 1er tour ne fonctionne pas, et m\u00eame, fait le jeu du syst\u00e8me en place. La continuit\u00e9. Au 2 \u00e8me tour, le vote blanc exprime de mani\u00e8re audible la contradiction mais il n&rsquo;est toujours pas pris en compte par les instances actuelles.<\/p>\n<h2 align=\"JUSTIFY\">Conclusion\u00a0:<\/h2>\n<p align=\"JUSTIFY\">Quelque soit la politique que vous souhaitez, <strong>Voter pour un candidat quel qu&rsquo;il soit, lui et sa politique, constitue un choix assum\u00e9 de ce que l&rsquo;on souhaite dire\u00a0: d&rsquo;accord ou pas d&rsquo;accord<\/strong>. Une direction ou une autre.<\/p>\n<p align=\"JUSTIFY\"><strong>En aucun cas, l&rsquo;abstention, le vote blanc ou nul, au 1er tour, n&rsquo;exprime un quelconque message transmis aux dirigeants<\/strong>, bien au contraire, ils se font complices du pouvoir en place dans leurs objectifs de continuit\u00e9. Et au 2\u00e8me tour, c&rsquo;est trop tard, les jeux sont faits.<\/p>\n<p align=\"JUSTIFY\"><strong>Que les gens s&rsquo;abstienne ou vote blanc, au 1er tour, parce qu&rsquo;il ne sont pas d&rsquo;accord, est une erreur de proc\u00e9dure.<\/strong><\/p>\n<p align=\"JUSTIFY\"><span style=\"text-decoration: underline;\">Alors au 1 er tour<\/span><\/p>\n<p align=\"JUSTIFY\"><span style=\"text-decoration: underline;\"><strong>S&rsquo;exprimer<\/strong><\/span> (pour ou contre qui vous voulez)\u00a0:<\/p>\n<p align=\"JUSTIFY\">C&rsquo;est <strong>votez\u00a0!<\/strong><\/p>\n<p align=\"JUSTIFY\">C&rsquo;est <strong>ne pas votez blanc<\/strong>\u00a0!<\/p>\n<p align=\"JUSTIFY\">C&rsquo;est <strong>ne pas votez nul<\/strong>\u00a0!<\/p>\n<p align=\"JUSTIFY\"><span style=\"text-decoration: underline;\"><strong>Ne pas s&rsquo;exprimer<\/strong><\/span>, au 1er tour\u00a0:<\/p>\n<p align=\"JUSTIFY\">C&rsquo;est s&rsquo;abstenir de votez\u00a0!<\/p>\n<p align=\"JUSTIFY\">C&rsquo;est votez nul\u00a0!<\/p>\n<p align=\"JUSTIFY\">C&rsquo;est votez blanc\u00a0!<\/p>\n<p align=\"JUSTIFY\">Autant ne pas se d\u00e9placer, le r\u00e9sultat est le m\u00eame.<\/p>\n<p align=\"JUSTIFY\">Ce que vous faites lors des \u00e9lections, est il r\u00e9ellement en accord avec ce que vous voulez dire\u00a0?<\/p>\n<p align=\"CENTER\"><em>Exprimons ce que nous pensons, et non ce que les autres veulent que nous disions. Parler pour vous, uniquement pour vous\u00a0! La somme des votes de chacun donnera \u00e0 la commune, d\u00e9partement ou pays la direction \u00e0 prendre. En toutes fid\u00e9lit\u00e9s de ce que veut son peuple \u00e0 la majorit\u00e9. A condition que nous sachions comment fonctionne les \u00e9lections et le vote \u2026 d&rsquo;o\u00f9 ce papier et son ambition. <\/em><\/p>\n<p align=\"CENTER\"><em>Merci de votre attention <\/em><\/p>\n","protected":false},"excerpt":{"rendered":"<p>Le vote\u00a0 et le probl\u00e8me fran\u00e7ais A chaque \u00e9lections (locale ou nationale) nous avons plusieurs listes qui repr\u00e9sentent la diversit\u00e9 fran\u00e7aise. A \/ Les listes m\u00e9diatiquement connus Listes comprenant des personnes publiques ou c\u00e9l\u00e8bres. Dans cette cat\u00e9gories nous pouvons trouver <a href=\"http:\/\/www.politikfrance.fr\/index.php\/le-vote-et-les-mathematiques\/le-vote-blanc\/\" class=\"read-more\">En savoir plus &#8230;<\/a><\/p>\n","protected":false},"author":2,"featured_media":0,"parent":41,"menu_order":0,"comment_status":"closed","ping_status":"closed","template":"","meta":{"footnotes":""},"class_list":["post-45","page","type-page","status-publish","hentry"],"_links":{"self":[{"href":"http:\/\/www.politikfrance.fr\/index.php\/wp-json\/wp\/v2\/pages\/45","targetHints":{"allow":["GET"]}}],"collection":[{"href":"http:\/\/www.politikfrance.fr\/index.php\/wp-json\/wp\/v2\/pages"}],"about":[{"href":"http:\/\/www.politikfrance.fr\/index.php\/wp-json\/wp\/v2\/types\/page"}],"author":[{"embeddable":true,"href":"http:\/\/www.politikfrance.fr\/index.php\/wp-json\/wp\/v2\/users\/2"}],"replies":[{"embeddable":true,"href":"http:\/\/www.politikfrance.fr\/index.php\/wp-json\/wp\/v2\/comments?post=45"}],"version-history":[{"count":4,"href":"http:\/\/www.politikfrance.fr\/index.php\/wp-json\/wp\/v2\/pages\/45\/revisions"}],"predecessor-version":[{"id":398,"href":"http:\/\/www.politikfrance.fr\/index.php\/wp-json\/wp\/v2\/pages\/45\/revisions\/398"}],"up":[{"embeddable":true,"href":"http:\/\/www.politikfrance.fr\/index.php\/wp-json\/wp\/v2\/pages\/41"}],"wp:attachment":[{"href":"http:\/\/www.politikfrance.fr\/index.php\/wp-json\/wp\/v2\/media?parent=45"}],"curies":[{"name":"wp","href":"https:\/\/api.w.org\/{rel}","templated":true}]}}