{"id":604,"date":"2017-08-02T11:14:18","date_gmt":"2017-08-02T11:14:18","guid":{"rendered":"http:\/\/www.politikfrance.fr\/?page_id=604"},"modified":"2017-08-05T11:04:35","modified_gmt":"2017-08-05T11:04:35","slug":"protection-sociale-bis","status":"publish","type":"page","link":"http:\/\/www.politikfrance.fr\/index.php\/protection-sociale-bis\/","title":{"rendered":"PROTECTION SOCIALE Bis"},"content":{"rendered":"<style type=\"text\/css\">\n\t<!-- @page { margin: 2cm } P { margin-bottom: 0.1cm; text-align: justify; page-break-before: auto } P.western { font-family: \"Calibri\", sans-serif; font-size: 8pt; font-style: normal } P.cjk { font-style: normal } P.ctl { font-style: normal } H1 { margin-bottom: 0.21cm } H1.western { font-family: \"Arial\", sans-serif; font-size: 16pt } H1.cjk { font-family: \"Microsoft YaHei\"; font-size: 16pt } H1.ctl { font-family: \"Mangal\"; font-size: 16pt } H2 { margin-top: 0.2cm; margin-bottom: 0.2cm; text-decoration: underline; page-break-before: auto } H2.western { font-family: \"Calibri\", sans-serif; font-size: 8pt; font-style: normal } H2.cjk { font-family: \"Microsoft YaHei\"; font-size: 14pt; font-style: italic } H2.ctl { font-family: \"Mangal\"; font-size: 14pt; font-style: italic } H3 { margin-top: 0.1cm; margin-bottom: 0.1cm } H3.western { font-family: \"Calibri\", sans-serif; font-size: 8pt; font-style: italic; font-weight: normal } H3.cjk { font-family: \"Microsoft YaHei\"; font-style: italic; font-weight: normal } H3.ctl { font-family: \"Mangal\"; font-style: italic; font-weight: normal } --><br \/>\t<\/style>\n<h1 align=\"CENTER\"><span style=\"color: #333333;\">LA PROTECTION SOCIALE EN FRANCE \/ PRATIQUEMENT<\/span><\/h1>\n<p align=\"JUSTIFY\"><span style=\"color: #333333;\">&#8211; 1 \/ Retraite<\/span><\/p>\n<p align=\"JUSTIFY\"><span style=\"color: #333333;\">&#8211; 2 \/ Sant\u00e9<\/span><\/p>\n<p align=\"JUSTIFY\"><span style=\"color: #333333;\">&#8211; 3 \/ Pr\u00e9voyance<\/span><\/p>\n<h2><span style=\"color: #333333;\">Introduction\u00a0:<\/span><\/h2>\n<p align=\"JUSTIFY\"><span style=\"color: #333333;\"><strong>La protection sociale<\/strong><strong>\u00a0d\u2019un pays, volet sant\u00e9<\/strong>, est l\u2019ensemble des mesures <strong>permettant \u00e0\u00a0<\/strong><strong>tous les citoyens<\/strong>, <strong>d\u2019acc\u00e9der<\/strong>\u00a0en cas de besoin (maladies, accidents, handicaps, maternit\u00e9, d\u00e9c\u00e8s, accidents du travail, maladies professionnelles, vieillesse)\u00a0<strong>aux soins<\/strong>(actes diagnostiqu\u00e9s par les consultations et analyses, soins m\u00e9dicaux et actes m\u00e9dicales par les soignants et h\u00f4pitaux) <strong>et\u00a0<\/strong><strong>aux m\u00e9dicaments<\/strong>\u00a0par le biais des pharmacies, et au minimum n\u00e9cessaire\u00a0\u00e0 la vie. Elle comprend \u00e9galement un volet \u00ab\u00a0protection contre le manque de ressource\u00a0\u00bb, <strong>ASSEDIC et RSA<\/strong>.\u00a0<\/span><\/p>\n<p align=\"JUSTIFY\"><span style=\"color: #333333;\">Pour assurer la Protection Sociale de la population fran\u00e7aise, L&rsquo;Etat a mis en place, <strong>un syst\u00e8me de r\u00e9cup\u00e9ration de cotisation en fonction des revenus. <\/strong><\/span><\/p>\n<p align=\"JUSTIFY\"><span style=\"color: #333333;\">Puis l&rsquo;Etat a mis en place <strong>un syst\u00e8me de redistribution de ce volume financier en protection sociale<\/strong> (en fonction de chaque type de protection), pour tous.\u00a0<\/span><\/p>\n<p align=\"JUSTIFY\"><span style=\"color: #333333;\">Nous vous proposons d&rsquo;\u00e9tudier les syst\u00e8mes de r\u00e9cup\u00e9ration des cotisations et redistributions de la protection sociale minimale assur\u00e9 \u00e0 tous par l&rsquo;Etat.<\/span><\/p>\n<h2><span style=\"color: #333333;\">A \/ La r\u00e9cup\u00e9ration des cotisations, Pour 100 \u20ac de revenu :\u00a0<\/span><\/h2>\n<p align=\"JUSTIFY\"><span style=\"color: #333333;\">Ce syst\u00e8me diff\u00e8rent en fonction de la cat\u00e9gorie sociale de l&rsquo;individu\u00a0:<\/span><\/p>\n<h3><span style=\"color: #333333;\">1 \/ Les salari\u00e9s\u00a0:<\/span><\/h3>\n<p align=\"JUSTIFY\"><span style=\"color: #333333;\">Pour 100 \u20ac de salaire,<strong> reverse en cotisation 40 \u20ac<\/strong> \u00e0 l&rsquo;Etat, en protection sociale totale (40 %, \u00e0 partir du salaire super brut &#8211; celui que le patron d\u00e9pense en totalit\u00e9 )<\/span><\/p>\n<h3><span style=\"color: #333333;\">2 \/ Les Ind\u00e9pendants au r\u00e9gime RSI\u00a0: <\/span><\/h3>\n<p align=\"JUSTIFY\"><span style=\"color: #333333;\">Pour 100 \u20ac per\u00e7u (en b\u00e9n\u00e9fice ou dividende en fin d&rsquo;exercice), l&rsquo;ind\u00e9pendant <strong>reverse 52 \u20ac <\/strong>\u00e0 l&rsquo;Etat en protection sociale \u00e0 l&rsquo;Etat.<\/span><\/p>\n<h3><span style=\"color: #333333;\">3 \/ Les G\u00e9rants salari\u00e9s de SAS, et SASU\u00a0: <\/span><\/h3>\n<p align=\"JUSTIFY\"><span style=\"color: #333333;\">Pour 100 \u20ac de salaire per\u00e7u,<strong> reverse 53 \u20ac<\/strong> environ \u00e0 l&rsquo;Etat en protection sociale<\/span><\/p>\n<h3><span style=\"color: #333333;\">4 \/ Les SA\u00a0:<\/span><\/h3>\n<p align=\"JUSTIFY\"><span style=\"color: #333333;\">Sur le plan social,\u00a0<strong>les dividendes vers\u00e9s par la SA ne sont pas soumis \u00e0 cotisations sociales<\/strong> (contrairement \u00e0 certains dividendes vers\u00e9s par les SARL).\u00a0Ces dividendes supportent n\u00e9anmoins des\u00a0pr\u00e9l\u00e8vements sociaux, qui ont \u00e9t\u00e9<strong> retenus \u00e0 la source<\/strong>, \u00e0 hauteur de <strong>15,5%<\/strong>.<\/span><\/p>\n<p align=\"JUSTIFY\"><span style=\"color: #333333;\">Les Pr\u00e9sidents et Directeurs des SA, sont assimil\u00e9s aux r\u00e9gimes salari\u00e9s.<\/span><\/p>\n<h3><span style=\"color: #333333;\">Conclusion\u00a0: <\/span><\/h3>\n<p align=\"JUSTIFY\"><span style=\"color: #333333;\">Voil\u00e0 comment l&rsquo;Etat proc\u00e8de pour r\u00e9cup\u00e9rer les finances n\u00e9cessaire \u00e0 la protection sociale de toute la population. Nous voyons que <strong>le financement est bas\u00e9 sur toutes les valeurs ajout\u00e9es (celle du travail)<\/strong>.\u00a0Et qu&rsquo;elle varie de 40 % \u00e0 53 % environ en fonction de la cat\u00e9gorie sociale de l&rsquo;individu. <strong>Pourquoi\u00a0 cette diff\u00e9rence de taux ?<\/strong><\/span><\/p>\n<h2><span style=\"color: #333333;\">B \/ La Redistribution des cotisations en fonction des besoins\u00a0: <\/span><\/h2>\n<p align=\"JUSTIFY\"><span style=\"color: #333333;\">Gardons en t\u00eate que<strong> la protection sociale en France est une proc\u00e9dure de partage de Richesse, une solidarit\u00e9<\/strong> de notre soci\u00e9t\u00e9 fran\u00e7aise.<\/span><\/p>\n<p><span style=\"color: #333333;\">Nous \u00e9tudierons donc les redistributions de bases, qui constituent la Protection Sociale minimale que l&rsquo;Etat garanti \u00e0 tous\u00a0: <\/span><\/p>\n<h3><span style=\"color: #333333;\">1 \/ Droit \u00e0 la Retraite :<\/span><\/h3>\n<p align=\"JUSTIFY\"><span style=\"color: #333333;\">Pour les salari\u00e9s\u00a0: <\/span><\/p>\n<p align=\"JUSTIFY\"><span style=\"color: #333333;\">Pour 173 trimestres cotis\u00e9s et un d\u00e9part \u00e0 62 ans, <strong>2 conditions minimum requises<\/strong>, le salari\u00e9 futur retrait\u00e9 percevra :\u00a0<\/span><\/p>\n<p align=\"JUSTIFY\"><span style=\"color: #333333;\">a \/ En retraite de base : <strong>50 % <\/strong>de la moyenne de son <strong>salaire moyen<\/strong> annuelle (calculer sur ses 25 meilleurs ann\u00e9es de salariat)<\/span><\/p>\n<p align=\"JUSTIFY\"><strong><span style=\"color: #333333;\">ajout\u00e9 de\u00a0<\/span><\/strong><\/p>\n<p align=\"JUSTIFY\"><span style=\"color: #333333;\">b \/ En retraite compl\u00e9mentaire : <strong>30 %<\/strong> de la moyenne de son <strong>salaire moyen<\/strong> annuelle (calculer sur ses 25 meilleurs ann\u00e9es de salariat)<\/span><\/p>\n<p align=\"JUSTIFY\"><span style=\"color: #333333;\">Remarques :\u00a0<\/span><\/p>\n<p align=\"JUSTIFY\"><span style=\"color: #333333;\">&#8211; Ceci est une approximation \u00e0 moins de 5 % d&rsquo;erreurs de la retraite de base, car les mode de calcul de la retraites compl\u00e9mentaires, bien qu&rsquo;aboutissant \u00e0 ces chiffres, ne se comptabilisent pas sur le m\u00eame mode que la retraite de base : elle se calcul sur un syst\u00e8me \u00e0 point. Mais peu importe. Le r\u00e9sultat est celui ci.<\/span><\/p>\n<p align=\"JUSTIFY\"><span style=\"color: #333333;\">&#8211; Ceci est une approximation g\u00e9n\u00e9rale du r\u00e9gime de base, car <strong>nombre de r\u00e9gimes sp\u00e9ciaux ont apport\u00e9, lors de n\u00e9gociation syndicales ou autres, des am\u00e9liorations qui s&rsquo;ajoutent \u00e0 ce r\u00e9gime de base<\/strong> : Par exemple, pour les fonctionnaires, on ne prends en compte que les 6 derniers mois de salaires plut\u00f4t que la moyenne des 300 meilleurs mois &#8230;\u00a0Mais nous insistons, l&rsquo;Etat garanti cette retraite de base \u00e0 tous les salari\u00e9s remplissant les conditions.<\/span><\/p>\n<p align=\"JUSTIFY\"><em><span style=\"color: #333333;\">Les autres cat\u00e9gories de la population, b\u00e9n\u00e9ficient aussi de la solidarit\u00e9 nationale pour la retraite :\u00a0<\/span><\/em><\/p>\n<p align=\"JUSTIFY\"><span style=\"color: #333333;\"><em>Cas de l&rsquo;Ind\u00e9pendant<\/em>, ils cotisent globalement plus que les salari\u00e9es mais b\u00e9n\u00e9ficient d&rsquo;une retraite comparable\u00a0\u00e0 celui des salari\u00e9s, sur le m\u00eame mode.\u00a0<\/span><\/p>\n<p align=\"JUSTIFY\"><span style=\"color: #333333;\"><em>Cas de celui qui n&rsquo;a pas le temps de cotisations<\/em> ouvrant droit \u00e0 une retraite de base : Pour ceux l\u00e0, <strong>le minimum vieillesse r\u00e9actualis\u00e9 en ASPA<\/strong>, ou Allocation de Solidarit\u00e9 aux Personnes Ag\u00e9es, assure \u00e0 tout ceux qui sont seul <strong>une retraite minimum de 801 \u20ac et aux couples 1247 \u20ac.<\/strong><\/span><\/p>\n<p align=\"JUSTIFY\"><span style=\"color: #333333;\">Dans le sens inverse,<strong> la solidarit\u00e9 nationale \u00e0 des limites<\/strong> (heureusement, c&rsquo;est nous qui payons) :\u00a0<\/span><\/p>\n<p align=\"JUSTIFY\"><span style=\"color: #333333;\">39228 \u20ac annuelle en 2017, cela donne 3269 \u20ac mensuel en plafond.<\/span><\/p>\n<h3><span style=\"color: #333333;\">2 \/ Droit \u00e0 la Protection Sant\u00e9 :\u00a0<\/span><\/h3>\n<p align=\"JUSTIFY\"><span style=\"color: #333333;\">a \/ Garantie l&rsquo;acc\u00e8s aux soins \u00e0 tous : <strong>remboursement des m\u00e9dicaments \u00e0 hauteur de 65 %<\/strong>, en r\u00e8gle g\u00e9n\u00e9rale. Tout en sachant que certains soins, traitements sont mieux rembours\u00e9s que cela.<\/span><\/p>\n<p align=\"JUSTIFY\"><span style=\"color: #333333;\">b \/ \u00a0Prise en charge de l<strong>&lsquo;acc\u00e8s aux soins, de 80 %<\/strong> en moyenne et pouvant aller jusque 100 %, notamment pour les interventions chirurgicales, et les maladies lourdes. Certains actes sont moins bien rembours\u00e9s, comme l&rsquo;orthodontie et l&rsquo;ophtalmologie, mais restent fortement minoritaires dans le domaine de la sant\u00e9.\u00a0<\/span><\/p>\n<h3><span style=\"color: #333333;\">3 \/ Droit \u00e0 la Pr\u00e9voyance :\u00a0<\/span><\/h3>\n<p align=\"JUSTIFY\"><span style=\"color: #333333;\">La Pr\u00e9voyance concerne tout ce qui est accident de la vie, comme les accidents de la route, accident de travail, maladie professionnel ou longue dur\u00e9e &#8230; <strong>L&rsquo;Etat garantie la prise en charge des journ\u00e9e de travail <\/strong>\u00e0 hauteur maximal de 50 \u20ac par jours et minimal de <strong>50 % du salaire brut journalier<\/strong>, durant 90 jours minimum \u00e0 partir du 3 \u00e8me jours non travaill\u00e9. Dans certains cas, ces prises en charges sont am\u00e9lior\u00e9 en terme de dur\u00e9e et ou de financement;\u00a0<\/span><\/p>\n<h3><span style=\"color: #333333;\">4 \/ Droit de prise en charge du handicap de tous &#8230;\u00a0<\/span><\/h3>\n<h3><span style=\"color: #333333;\">5 \/ ASSEDIC et RSA<\/span><\/h3>\n<p><span style=\"color: #333333;\">Sont aussi support\u00e9 par la solidarit\u00e9 nationale. <\/span><\/p>\n<p><span style=\"color: #333333;\">L&rsquo;ASSEDIC, m\u00e9rite d&rsquo;\u00eatre mentionn\u00e9, car les Ind\u00e9pendants ne b\u00e9n\u00e9ficient pas de cette solidarit\u00e9. Pourquoi\u00a0?<\/span><\/p>\n<h2 style=\"text-align: justify;\"><span style=\"color: #333333;\">C \/ Les d\u00e9fauts du syst\u00e8me actuel\u00a0:<\/span><\/h2>\n<p style=\"text-align: justify;\"><span style=\"color: #333333;\">Nous l&rsquo;avons vue, le principe de Protection Sociale de notre pays est plut\u00f4t performant, mais <strong>dans son fonctionnement,<\/strong> \u00e9norm\u00e9ment de points peuvent \u00eatre relev\u00e9, entra\u00eenant <strong>de la d\u00e9perdition financi\u00e8re au profit d&rsquo;op\u00e9rateur priv\u00e9 et aux d\u00e9triments des cotisants et de la population<\/strong>\u00a0: <\/span><\/p>\n<h3 style=\"text-align: justify;\"><span style=\"color: #333333;\">1 \/ Les In\u00e9galit\u00e9s de taux de cotisations en fonction des statuts\u00a0:<\/span><\/h3>\n<p style=\"text-align: justify;\"><span style=\"color: #333333;\">Bien que les cotisations sociales se font sur la valeur ajout\u00e9e du travail, nous avons pu remarquer que <strong>les taux de cotisation varient en fonction des statuts des personnes<\/strong>.<\/span><\/p>\n<p style=\"text-align: justify;\"><span style=\"color: #333333;\">Par exemple\u00a0: En effet, les salari\u00e9s et les Ind\u00e9pendants ne cotisent pas le m\u00eame pourcentage.<\/span><\/p>\n<p style=\"text-align: justify;\"><span style=\"color: #333333;\"> les Ind\u00e9pendants cotisent plus que les salari\u00e9s. Pourquoi\u00a0? <\/span><\/p>\n<p style=\"text-align: justify;\"><span style=\"color: #333333;\"><strong>Pourquoi ces diff\u00e9renciations, allant \u00e0 l&rsquo;encontre de l&rsquo;\u00e9galit\u00e9\u00a0?<\/strong> La proportion, le pourcentage cotis\u00e9 sur la valeur ajout\u00e9 du travail, salaires ou b\u00e9n\u00e9fices, devrait \u00eatre la m\u00eame pour tous, ne pensez vous pas\u00a0? <\/span><\/p>\n<h3 style=\"text-align: justify;\"><span style=\"color: #333333;\">2 \/ La multiplicit\u00e9 des r\u00e9gimes b\u00e9n\u00e9ficiaires sp\u00e9ciaux \u00a0: <\/span><\/h3>\n<p style=\"text-align: justify;\"><span style=\"color: #333333;\">Bien que notre constitution consid\u00e8re tout les fran\u00e7ais comme \u00e9gaux, un homme = une voix, la protection sociale de notre pays, lui au contraire, consid\u00e8re que certains valent plus que d&rsquo;autres\u00a0! <\/span><\/p>\n<p style=\"text-align: justify;\"><span style=\"color: #333333;\">\u00ab\u00a0Pour \u00e9viter la faillite, <strong>la plupart des r\u00e9gimes sp\u00e9ciaux b\u00e9n\u00e9ficient de subventions publiques, d\u2019imp\u00f4ts et de taxes directement affect\u00e9s ou de contributions des autres caisses de retraite<\/strong>. A travers les comptes de l\u2019\u00c9tat et des r\u00e9gimes de retraite, il est possible de recenser toutes ces aides. Au total \u2013 hors r\u00e9gimes de la fonction publique \u2013 cela co\u00fbte 9,76 milliards d\u2019euros par an aux contribuables et aux autres assur\u00e9s sociaux. A titre de comparaison, cela repr\u00e9sente la retraite moyenne vers\u00e9e \u00e0 670 000 retrait\u00e9s, anciens salari\u00e9s du secteur priv\u00e9. (De \u00ab\u00a0Sauvegarde retraites, \u00e9tudes et analyses, juin 2013, n\u00b043)<\/span><\/p>\n<p style=\"text-align: justify;\"><span style=\"color: #333333;\">Plus r\u00e9cemment, dans une \u00e9tude sur la France, l\u2019OCDE a confirm\u00e9 ce constat : \u00ab<strong> les r\u00e9gimes sp\u00e9ciaux rendent l\u2019ensemble du syst\u00e8me de retraite opaque et sans doute peu \u00e9quitable<\/strong> \u00bb2, avant de pr\u00e9ciser que les r\u00e8gles, dans les r\u00e9gimes sp\u00e9ciaux, \u00ab sont tellement diff\u00e9rentes de celles qui s\u2019appliquent au priv\u00e9 qu\u2019il est difficile d\u2019avoir une appr\u00e9ciation d\u2019ensemble sur (leur) niveau de g\u00e9n\u00e9rosit\u00e9 \u00bb. <\/span><\/p>\n<p style=\"text-align: justify;\"><span style=\"color: #333333;\">En effet, la multiplicit\u00e9 des r\u00e9gimes sp\u00e9ciaux, permet \u00e0 certains corps de m\u00e9tiers (fonctionnaires) de b\u00e9n\u00e9ficier de traitements de faveur de leurs r\u00e9gimes de retraite et de pr\u00e9voyance principalement.<\/span><\/p>\n<p style=\"text-align: justify;\"><span style=\"color: #333333;\">Mais n&rsquo;omettons pas la v\u00e9rit\u00e9\u00a0: <strong>ces r\u00e9gimes sp\u00e9ciaux qui profitent \u00e0 certains, p\u00e9nalisent tout le reste de la soci\u00e9t\u00e9<\/strong>. En effet, ce que nous donnons comme avantage suppl\u00e9mentaire \u00e0 certains, est un manque \u00e0 gagner pour tout les autres qui constituent la majorit\u00e9 des fran\u00e7ais. Pourquoi, en 2017, avons nous toujours une bourgeoisie dans la Protection Sociale du pays\u00a0? <strong>Innaceptable\u00a0!!! <\/strong><\/span><\/p>\n<h3 style=\"text-align: justify;\"><span style=\"color: #333333;\">3 \/ L&rsquo;opacit\u00e9 de la gestion des retraites et la multiplicit\u00e9 des caisses\u00a0: <\/span><\/h3>\n<p style=\"text-align: justify;\"><span style=\"color: #333333;\">\u00ab\u00a0Entre la multitude des r\u00e9gimes de retraite et des organismes interm\u00e9diaires, la vari\u00e9t\u00e9 des modes de financement : cotisations, cotisations \u00ab fictives \u00bb, contributions de l\u2019\u00c9tat, contributions des collectivit\u00e9s publiques, contributions de l\u2019employeur en situation de monopole, imp\u00f4ts et taxes affect\u00e9s, compensations entre r\u00e9gimes, etc., le financement du syst\u00e8me de retraite fran\u00e7ais est devenu un domaine imp\u00e9n\u00e9trable.\u00a0\u00bb dixit le magazine sauvegarde retraites \u2026 <\/span><\/p>\n<p style=\"text-align: justify;\"><span style=\"color: #333333;\">En effet, <strong>a qui veut savoir comment est calcul\u00e9 sa retraite, \u00e0 qui il a cotis\u00e9, qui g\u00e8re ses retraites (compl\u00e9mentaires et de bases), commence le parcours de combattant<\/strong>. Et il ne sert \u00e0 rien de prendre exemple sur sa famille, son voisin, son commer\u00e7ant ou autres \u2026 rare sont les comparatifs possible. <\/span><\/p>\n<p style=\"text-align: justify;\"><strong><span style=\"color: #333333;\">Est ce normal\u00a0? <\/span><\/strong><\/p>\n<h3 style=\"text-align: justify;\"><span style=\"color: #333333;\">4 \/ La d\u00e9l\u00e9gation des services publique \u00e0 des sous-traitants\u00a0: <\/span><\/h3>\n<p style=\"text-align: justify;\"><span style=\"color: #333333;\">Pour conduire ses missions,<strong> l&rsquo;Assurance Maladie s&rsquo;appuie sur 101 caisses primaires d&rsquo;assurance maladie (CPAM)<\/strong> en France m\u00e9tropolitaine, une caisse commune de s\u00e9curit\u00e9 sociale (CCSS de la Loz\u00e8re), et 5 caisses de s\u00e9curit\u00e9 sociale dans les d\u00e9partements d&rsquo;outre-mer.<\/span><\/p>\n<div id=\"article\" dir=\"LTR\" style=\"text-align: justify;\">\n<p><span style=\"color: #333333;\">101 CPAM en France m\u00e9tropolitaine<\/span><\/p>\n<p><span style=\"color: #333333;\">Les CPAM sont des organismes de droit priv\u00e9 exer\u00e7ant une mission de service public. Elles assurent les relations de proximit\u00e9 avec les publics de l&rsquo;Assurance Maladie.\u00a0<\/span><\/p>\n<\/div>\n<p style=\"text-align: justify;\"><span style=\"color: #333333;\">Dixit \u00ab\u00a0am\u00e9li.fr\u00a0\u00bb, site des assur\u00e9s sociaux\u00a0!<\/span><\/p>\n<p style=\"text-align: justify;\"><span style=\"color: #333333;\">En gros, <strong>la CGSS emploi des sous traitants pour effectuer le travail n\u00e9cessaire \u00e0 la protection sociale fran\u00e7aise.<\/strong> Comprenez vous ce que cela signifie\u00a0? <strong>Cela signifie \u00ab\u00a0Privatisation\u00a0\u00bb<\/strong>\u00a0: que l&rsquo;Etat paye des entreprises priv\u00e9s pour faire le travail, r\u00e9galien, du service publique, et comme tout le monde sait, les entreprises priv\u00e9es travaillent pour faire du b\u00e9n\u00e9fices, ce qui est conforme \u00e0 leurs natures. <strong>En gros, nous payons des actionnaires pour faire du service publique, et cela co\u00fbtent ch\u00e8re\u00a0! <\/strong><\/span><\/p>\n<h2 style=\"text-align: justify;\"><span style=\"color: #333333;\">Conclusion et Propositions d&rsquo;am\u00e9lioration :<\/span><\/h2>\n<p style=\"text-align: justify;\"><span style=\"color: #333333;\">En cours de pr\u00e9paration &#8230;<\/span><\/p>\n<p>&nbsp;<\/p>\n","protected":false},"excerpt":{"rendered":"<p>LA PROTECTION SOCIALE EN FRANCE \/ PRATIQUEMENT &#8211; 1 \/ Retraite &#8211; 2 \/ Sant\u00e9 &#8211; 3 \/ Pr\u00e9voyance Introduction\u00a0: La protection sociale\u00a0d\u2019un pays, volet sant\u00e9, est l\u2019ensemble des mesures permettant \u00e0\u00a0tous les citoyens, d\u2019acc\u00e9der\u00a0en cas de besoin (maladies, accidents, <a href=\"http:\/\/www.politikfrance.fr\/index.php\/protection-sociale-bis\/\" class=\"read-more\">En savoir plus &#8230;<\/a><\/p>\n","protected":false},"author":2,"featured_media":0,"parent":0,"menu_order":0,"comment_status":"closed","ping_status":"closed","template":"","meta":{"footnotes":""},"class_list":["post-604","page","type-page","status-publish","hentry"],"_links":{"self":[{"href":"http:\/\/www.politikfrance.fr\/index.php\/wp-json\/wp\/v2\/pages\/604","targetHints":{"allow":["GET"]}}],"collection":[{"href":"http:\/\/www.politikfrance.fr\/index.php\/wp-json\/wp\/v2\/pages"}],"about":[{"href":"http:\/\/www.politikfrance.fr\/index.php\/wp-json\/wp\/v2\/types\/page"}],"author":[{"embeddable":true,"href":"http:\/\/www.politikfrance.fr\/index.php\/wp-json\/wp\/v2\/users\/2"}],"replies":[{"embeddable":true,"href":"http:\/\/www.politikfrance.fr\/index.php\/wp-json\/wp\/v2\/comments?post=604"}],"version-history":[{"count":4,"href":"http:\/\/www.politikfrance.fr\/index.php\/wp-json\/wp\/v2\/pages\/604\/revisions"}],"predecessor-version":[{"id":610,"href":"http:\/\/www.politikfrance.fr\/index.php\/wp-json\/wp\/v2\/pages\/604\/revisions\/610"}],"wp:attachment":[{"href":"http:\/\/www.politikfrance.fr\/index.php\/wp-json\/wp\/v2\/media?parent=604"}],"curies":[{"name":"wp","href":"https:\/\/api.w.org\/{rel}","templated":true}]}}