{"id":65,"date":"2016-05-26T16:47:32","date_gmt":"2016-05-26T16:47:32","guid":{"rendered":"http:\/\/www.politikfrance.fr\/?page_id=65"},"modified":"2016-07-06T17:13:07","modified_gmt":"2016-07-06T17:13:07","slug":"le-salaire-universel","status":"publish","type":"page","link":"http:\/\/www.politikfrance.fr\/index.php\/le-salaire-universel\/","title":{"rendered":"EMPLOIS ET ACTIVITES"},"content":{"rendered":"<h1 style=\"text-align: center;\"><span style=\"text-decoration: underline;\">EMPLOIS OU ACTIVITES ?<\/span><\/h1>\n<p>&nbsp;<\/p>\n<h2 align=\"JUSTIFY\">A \/ Quelqu&rsquo;un de responsable, quelqu&rsquo;un de bien :<\/h2>\n<p align=\"JUSTIFY\">Qu&rsquo;est ce que c&rsquo;est ?<\/p>\n<p align=\"JUSTIFY\">On nous fait croire que c&rsquo;est le travail qui fait de nous quelqu&rsquo;un de bien, de responsable. Mais est ce vrai \u00a0? Oui et non &#8230; Cela se discute. Et il faut en discuter !!!<\/p>\n<p align=\"JUSTIFY\">Je pense que quelqu&rsquo;un de bien, quelqu&rsquo;un de responsable, c&rsquo;est un homme, une femme, qui respecte autrui, qui respecte la libert\u00e9 d&rsquo;autrui. Quelqu&rsquo;un de responsable, c&rsquo;est quelqu&rsquo;un qui s&rsquo;occupe de sa famille, de son \u00e9ducation, de son bien \u00eatre, en toute conscience. Que l&rsquo;on soit salari\u00e9, patron, ou ch\u00f4meur, peu importe, du moment qu&rsquo;on s&rsquo;attache \u00e0 prendre soin au bien \u00eatre des siens, sans nuire aux autres.<\/p>\n<p align=\"JUSTIFY\">L&rsquo;activit\u00e9, nous donne un r\u00f4le, une place dans la soci\u00e9t\u00e9. je ne vais pas m&rsquo;abaisser \u00e0 expliquer que l&rsquo;homme est un \u00eatre sociable, ce n&rsquo;est plus \u00e0 prouver. Nous avons besoins de nous situer par rapport aux autres, nous avons besoins de liens, de reconnaissance, d&rsquo;amour. L&rsquo;activit\u00e9 quel quel soit, nous situe ainsi que\u00a0 notre utilit\u00e9. Elle est essentielle \u00e0 l&rsquo;Homme.<\/p>\n<p align=\"JUSTIFY\">Le travail, n&rsquo;est qu&rsquo;une activit\u00e9 parmi tant d&rsquo;autres. Une activit\u00e9 dans un rapport de subordination. Une activit\u00e9 r\u00e9mun\u00e9r\u00e9e. Mais en aucun cas, il \u00a0nous informe du caract\u00e8re responsable de la personne, du caract\u00e8re honn\u00eate non plus.<\/p>\n<p align=\"JUSTIFY\">Devons nous nous battre pour que tout le monde est un travail ? Non; L&rsquo;\u00e9poque de l&rsquo;esclavage \u00e9tait une p\u00e9riode du plein emploi. Devons nous y retourner (par le biais de la Loi el KHOMRI)? Non ! Les travailleurs pauvres \u00e0 la merci de leurs employeurs, est ce la soci\u00e9t\u00e9 dont nous, majorit\u00e9, aspirons ? Non. Alors il va falloir d\u00e9fendre nos int\u00e9r\u00eats. Par la violence , je ne sais pas faire et pense que c&rsquo;est une mauvaise solution. Par le droit, avec les moyens que notre d\u00e9mocratie nous offre, je suis plus comp\u00e9tent et int\u00e9ress\u00e9.<\/p>\n<p align=\"JUSTIFY\">Devons nous faire le n\u00e9cessaire pour que tout le monde ait une activit\u00e9 ? Oui; Il est essentiel de donner \u00e0 chacun une place dans notre soci\u00e9t\u00e9. Une place sociale. Et cette activit\u00e9 peut \u00eatre un travail, \u00e0 r\u00e9mun\u00e9ration d\u00e9cente. Ou autres choses, S\u2019il n&rsquo;y a pas de travail \u00e0 r\u00e9mun\u00e9ration d\u00e9cente.<\/p>\n<h2 align=\"JUSTIFY\">\u00a0B \/ Abrogation de la Loi EL KHOMRI<\/h2>\n<p align=\"JUSTIFY\">Elle est en discussion aujourd&rsquo;hui. le premier ministre \u00e0 \u00e9voquer la proc\u00e9dure 49.3. Comme Nicolas SARKOZY, \u00e0 l&rsquo;\u00e9poque du Trait\u00e9 de Lisbonne, en 2008. Elle risque de passer, cette loi, qui donne aux patrons, la main mise sur le contrat de travail, en dehors du cadre de l\u2019\u00c9tat. Inverser la hi\u00e9rarchie des Normes !!!<\/p>\n<p align=\"JUSTIFY\">Cette loi, demande \u00e0 \u00eatre abrog\u00e9e. je la consid\u00e8re comme un retour en arri\u00e8re. Qui met le salari\u00e9 dans une situation de d\u00e9pendance par rapport au capital. Comment lutter, face \u00e0 une telle concurrence pour une r\u00e9mun\u00e9ration, si ce n&rsquo;est de se mettre en concurrence, et donc baisser sa valeur, baisser son niveau de vie et ceux de ses enfants ? Certains diront augmenter les qualifications. Mais, toutes les cat\u00e9gories sont touch\u00e9es par le ch\u00f4mage Jusque quand ? jusqu&rsquo;\u00e0 quel niveau de r\u00e9mun\u00e9ration ? La paup\u00e9risation nous pends au nez ! Et les hauts responsables actuels de l\u2019\u00c9tat, montrent leurs volont\u00e9s de servir le capital, et non les citoyens; Ils sont plus pr\u00e9occup\u00e9s \u00e0 sauver un syst\u00e8me que les citoyens.<\/p>\n<p align=\"JUSTIFY\">Que devons nous faire , nous r\u00e9signer sans nous battre ? NON ! R\u00e9agissons !<\/p>\n<h2 align=\"JUSTIFY\">Conclusion :<\/h2>\n<p align=\"JUSTIFY\">Abrogation de la Loi el KHOMRI. Cela me parait indispensable.<\/p>\n<p align=\"JUSTIFY\">Encouragement au travail \u00e0 r\u00e9mun\u00e9ration d\u00e9cente. Qui permet la construction d&rsquo;une vie, en plus de servir \u00e0 la production de finance.<\/p>\n<p align=\"JUSTIFY\">Encouragement \u00e0 l&rsquo;activit\u00e9. chapitre Salaire Universel.<\/p>\n<p align=\"JUSTIFY\">Entendons nous bien ! Je ne suis pas contre le travail. Je suis contre le travail mal r\u00e9mun\u00e9r\u00e9, et donc ind\u00e9cent, qui conduit \u00e0 l&rsquo;exploitation de l&rsquo;homme par l&rsquo;homme dans le but de cr\u00e9ation de richesses in\u00e9quitablement r\u00e9parties.<\/p>\n<p align=\"JUSTIFY\">\n","protected":false},"excerpt":{"rendered":"<p>EMPLOIS OU ACTIVITES ? &nbsp; A \/ Quelqu&rsquo;un de responsable, quelqu&rsquo;un de bien : Qu&rsquo;est ce que c&rsquo;est ? On nous fait croire que c&rsquo;est le travail qui fait de nous quelqu&rsquo;un de bien, de responsable. Mais est ce vrai <a href=\"http:\/\/www.politikfrance.fr\/index.php\/le-salaire-universel\/\" class=\"read-more\">En savoir plus &#8230;<\/a><\/p>\n","protected":false},"author":2,"featured_media":0,"parent":0,"menu_order":0,"comment_status":"closed","ping_status":"closed","template":"","meta":{"footnotes":""},"class_list":["post-65","page","type-page","status-publish","hentry"],"_links":{"self":[{"href":"http:\/\/www.politikfrance.fr\/index.php\/wp-json\/wp\/v2\/pages\/65","targetHints":{"allow":["GET"]}}],"collection":[{"href":"http:\/\/www.politikfrance.fr\/index.php\/wp-json\/wp\/v2\/pages"}],"about":[{"href":"http:\/\/www.politikfrance.fr\/index.php\/wp-json\/wp\/v2\/types\/page"}],"author":[{"embeddable":true,"href":"http:\/\/www.politikfrance.fr\/index.php\/wp-json\/wp\/v2\/users\/2"}],"replies":[{"embeddable":true,"href":"http:\/\/www.politikfrance.fr\/index.php\/wp-json\/wp\/v2\/comments?post=65"}],"version-history":[{"count":9,"href":"http:\/\/www.politikfrance.fr\/index.php\/wp-json\/wp\/v2\/pages\/65\/revisions"}],"predecessor-version":[{"id":245,"href":"http:\/\/www.politikfrance.fr\/index.php\/wp-json\/wp\/v2\/pages\/65\/revisions\/245"}],"wp:attachment":[{"href":"http:\/\/www.politikfrance.fr\/index.php\/wp-json\/wp\/v2\/media?parent=65"}],"curies":[{"name":"wp","href":"https:\/\/api.w.org\/{rel}","templated":true}]}}