{"id":650,"date":"2019-07-28T19:11:31","date_gmt":"2019-07-28T19:11:31","guid":{"rendered":"http:\/\/www.politikfrance.fr\/?page_id=650"},"modified":"2019-07-28T19:12:24","modified_gmt":"2019-07-28T19:12:24","slug":"le-tampon","status":"publish","type":"page","link":"http:\/\/www.politikfrance.fr\/index.php\/accueil-2\/reunion\/le-tampon\/","title":{"rendered":"Le TAMPON"},"content":{"rendered":"<h1 class=\"western\" align=\"CENTER\"><\/h1>\n<h2 class=\"western\">1 \/ L&rsquo;Agriculture au Tampon<\/h2>\n<p><span style=\"font-family: Calibri, sans-serif;\"><span style=\"font-size: medium;\">La Surface Agricole Utile\u00a0: 7448 ha<\/span><\/span><\/p>\n<p><span style=\"font-family: Calibri, sans-serif;\"><span style=\"font-size: medium;\">le nombre d&rsquo;agriculteurs\u00a0: <\/span><\/span><\/p>\n<p><span style=\"font-family: Calibri, sans-serif;\"><span style=\"font-size: medium;\">La Surface en Canne \u00e0 Sucre\u00a0: 1100 ha +-100<\/span><\/span><\/p>\n<p><span style=\"font-family: Calibri, sans-serif;\"><span style=\"font-size: medium;\">La surface en Prairies\u00a0: 5040 ha<\/span><\/span><\/p>\n<p><span style=\"font-family: Calibri, sans-serif;\"><span style=\"font-size: medium;\">Le nombre d&rsquo;exploitation d&rsquo;\u00e9levage, tout confondu\u00a0: 713<\/span><\/span><\/p>\n<p><span style=\"font-family: Calibri, sans-serif;\"><span style=\"font-size: medium;\">Le cheptel Bovin viande\u00a0: 12000 t\u00eates, premier de l&rsquo;\u00eele<\/span><\/span><\/p>\n<p><span style=\"font-family: Calibri, sans-serif;\"><span style=\"font-size: medium;\">Le cheptel Bovin lait\u00a0: 1860 t\u00eates, premier de l&rsquo;\u00eele<\/span><\/span><\/p>\n<p><span style=\"font-family: Calibri, sans-serif;\"><span style=\"font-size: medium;\">380 exploitation de volailles pour une production de 412147 volailles annuelles. <\/span><\/span><\/p>\n<p><span style=\"font-family: Calibri, sans-serif;\"><span style=\"font-size: medium;\">Un cheptel porcin de 4354 truies.<\/span><\/span><\/p>\n<p><span style=\"font-family: Calibri, sans-serif;\"><span style=\"font-size: medium;\">Le nombre de Litre de lait\u00a0: 13,4 millions de litres annuelle (72 % de la production locale)<\/span><\/span><\/p>\n<p><span style=\"font-family: Calibri, sans-serif;\"><span style=\"font-size: medium;\">Les surface en diversification\u00a0: 612 ha<\/span><\/span><\/p>\n<p><span style=\"font-family: Calibri, sans-serif;\"><span style=\"font-size: medium;\">friches\u00a0: 1000 ha, \u00e0 vocation pastoral et \u2026<\/span><\/span><\/p>\n<p><span style=\"font-family: Calibri, sans-serif;\"><span style=\"font-size: medium;\">La SICAREVIA\u00a0: Am\u00e9lioration g\u00e9n\u00e9tique du cheptel R\u00e9unionnais et <\/span><\/span><\/p>\n<p><span style=\"font-family: Calibri, sans-serif;\"><span style=\"font-size: medium;\">Association Fonci\u00e8re Pastoral (AFP)\u00a0: <\/span><\/span><\/p>\n<p><span style=\"font-family: Calibri, sans-serif;\"><span style=\"font-size: medium;\">La Commune du Tampon est fondamentalement agricole. En effet, alors que ses \u00ab\u00a0Hauts\u00a0\u00bb ont vu na\u00eetre la fili\u00e8re \u00e9levage et constituent aujourd\u2019hui le territoire de d\u00e9veloppement des activit\u00e9s bovins viande et bovins lait<\/span><\/span><\/p>\n<p>&nbsp;<\/p>\n<h3 class=\"western\">L&rsquo;\u00e9levage bovin viande<\/h3>\n<p><span style=\"color: #222222;\"><span style=\"font-family: Calibri, sans-serif;\"><span style=\"font-size: medium;\">La zone pastorale du Tampon, la Plaine des Cafres, est compos\u00e9e de prairies p\u00e2tur\u00e9es (allaitants) et de prairies fauch\u00e9es (laitiers et allaitants). On d\u00e9nombre avec la BD parcellaire 2004 plus de 4 100 hectares de prairies. Celles-ci sont souvent \u00e0 la propri\u00e9t\u00e9 de leurs exploitants. Cependant un certains nombres de prairies sont install\u00e9es dans le domaine forestier et d\u2019autres se trouvent sur du foncier communal. <\/span><\/span><\/span><\/p>\n<h3 class=\"western\"><span style=\"color: #222222;\"><span style=\"font-family: Calibri, sans-serif;\"><span style=\"font-size: large;\">La Canne \u00e0 Sucre\u00a0: <\/span><\/span><\/span><\/h3>\n<p><span style=\"font-family: Calibri, sans-serif;\"><span style=\"font-size: medium;\"><span style=\"color: #222222;\">Le Tampon poss\u00e8de actuellement pr\u00e8s de 1100 hectares (2004) et dispose d\u2019un potentiel de reconqu\u00eate de 60 hectares (friches,\u2026).<\/span><\/span><\/span><\/p>\n<h3 class=\"western\"><span style=\"color: #222222;\"><span style=\"font-family: Calibri, sans-serif;\"><span style=\"font-size: large;\">La Diversification, mara\u00eechage et arboriculture<\/span><\/span><\/span><\/h3>\n<p><span style=\"color: #222222;\"><span style=\"font-family: Calibri, sans-serif;\"><span style=\"font-size: medium;\">On recense 612 hectares en mara\u00eechage \u2013 arboriculture sur la commune du Tampon (Agreste 2003). Ces surfaces se concentrent en partie autour de Piton Hyacinthe <\/span><\/span><\/span><\/p>\n<h3 class=\"western\">L&rsquo;Irrigation<\/h3>\n<p><span style=\"font-family: Calibri, sans-serif;\"><span style=\"font-size: medium;\">Les besoins en eau de l&rsquo;ensemble des agriculteurs tamponnais sont estim\u00e9s \u00e0 1,3 millions de m3 par an. 20% sont aujourd&rsquo;hui couverts par la retenue collinaire des Herbes Blanches situ\u00e9e \u00e0 la Plaine des Cafres. La r\u00e9alisation d&rsquo;autres retenues \u00e0 Piton S\u00e2h\u00e2l, Piton Manuel, Trou \u00e0 Cabris, Piton Rouge et Piton Mahot et la cr\u00e9ation de syst\u00e8mes d&rsquo;irrigation permettront \u00e0 terme de d\u00e9connecter l&rsquo;irrigation des terres du r\u00e9seau d&rsquo;eau potable.<\/span><\/span><\/p>\n<p><span style=\"font-family: Calibri, sans-serif;\"><span style=\"font-size: medium;\">Ainsi apr\u00e8s la r\u00e9alisation de la retenue collinaire des Herbes Blanches, c\u2019est une nouvelle retenue de grande capacit\u00e9 (\u00e9galement 350.000 m3) qui a \u00e9t\u00e9 livr\u00e9e en 2018 , la retenue Piton Marcellin. Dans l\u2019avenir, le refoulement de l\u2019eau de Dassy, ainsi que de nouvelles retenues collinaires (Piton Sahale et Piton Villiers) augmenteront encore l\u2019eau mise \u00e0 disposition des agriculteurs.<br \/>\n<\/span><\/span><\/p>\n<h3 class=\"western\"><span style=\"font-family: Calibri, sans-serif;\"><span style=\"font-size: large;\">La Structuration des fili\u00e8res<\/span><\/span><\/h3>\n<p><span style=\"font-family: Calibri, sans-serif;\"><span style=\"font-size: medium;\">L<\/span><\/span><span style=\"font-family: Calibri, sans-serif;\"><span style=\"font-size: medium;\">a structuration des fili\u00e8res porc, b\u0153uf, lait, volaille et lapin sont organis\u00e9es depuis plus de 40 ans au sein des interprofessions ARIBEV et ARIV. En 2018, les fili\u00e8res animales comptent pr\u00e8s de 750 \u00e9leveurs et repr\u00e9sentent 2.300 emplois directs (\u00e9leveurs, coop\u00e9ratives et outils industriels) r\u00e9partis sur toute l\u2019i\u0302le.<\/span><\/span><\/p>\n<p>Les fili\u00e8res animales r\u00e9unionnaises assurent la production, la transformation et la commercialisation de la viande aupr\u00e8s de la grande distribution, des bouchers-charcutiers, des caf\u00e9s, h\u00f4tels, restaurants et des collectivit\u00e9s de l\u2019i\u0302le.<\/p>\n<p>&nbsp;<\/p>\n","protected":false},"excerpt":{"rendered":"<p>1 \/ L&rsquo;Agriculture au Tampon La Surface Agricole Utile\u00a0: 7448 ha le nombre d&rsquo;agriculteurs\u00a0: La Surface en Canne \u00e0 Sucre\u00a0: 1100 ha +-100 La surface en Prairies\u00a0: 5040 ha Le nombre d&rsquo;exploitation d&rsquo;\u00e9levage, tout confondu\u00a0: 713 Le cheptel Bovin viande\u00a0: <a href=\"http:\/\/www.politikfrance.fr\/index.php\/accueil-2\/reunion\/le-tampon\/\" class=\"read-more\">En savoir plus &#8230;<\/a><\/p>\n","protected":false},"author":2,"featured_media":0,"parent":281,"menu_order":1,"comment_status":"closed","ping_status":"closed","template":"","meta":{"footnotes":""},"class_list":["post-650","page","type-page","status-publish","hentry"],"_links":{"self":[{"href":"http:\/\/www.politikfrance.fr\/index.php\/wp-json\/wp\/v2\/pages\/650","targetHints":{"allow":["GET"]}}],"collection":[{"href":"http:\/\/www.politikfrance.fr\/index.php\/wp-json\/wp\/v2\/pages"}],"about":[{"href":"http:\/\/www.politikfrance.fr\/index.php\/wp-json\/wp\/v2\/types\/page"}],"author":[{"embeddable":true,"href":"http:\/\/www.politikfrance.fr\/index.php\/wp-json\/wp\/v2\/users\/2"}],"replies":[{"embeddable":true,"href":"http:\/\/www.politikfrance.fr\/index.php\/wp-json\/wp\/v2\/comments?post=650"}],"version-history":[{"count":2,"href":"http:\/\/www.politikfrance.fr\/index.php\/wp-json\/wp\/v2\/pages\/650\/revisions"}],"predecessor-version":[{"id":653,"href":"http:\/\/www.politikfrance.fr\/index.php\/wp-json\/wp\/v2\/pages\/650\/revisions\/653"}],"up":[{"embeddable":true,"href":"http:\/\/www.politikfrance.fr\/index.php\/wp-json\/wp\/v2\/pages\/281"}],"wp:attachment":[{"href":"http:\/\/www.politikfrance.fr\/index.php\/wp-json\/wp\/v2\/media?parent=650"}],"curies":[{"name":"wp","href":"https:\/\/api.w.org\/{rel}","templated":true}]}}