{"id":667,"date":"2019-07-30T05:06:28","date_gmt":"2019-07-30T05:06:28","guid":{"rendered":"http:\/\/www.politikfrance.fr\/?page_id=667"},"modified":"2020-01-13T10:29:57","modified_gmt":"2020-01-13T10:29:57","slug":"saint-paul","status":"publish","type":"page","link":"http:\/\/www.politikfrance.fr\/index.php\/accueil-2\/reunion\/saint-paul\/","title":{"rendered":"SAINT PAUL"},"content":{"rendered":"<h2>Saint Paul, les statistiques :<\/h2>\n<p>La population est de\u00a0<strong>105967 habitants pour 43343 logements<\/strong><\/p>\n<p>Il y a 23831 jeunes de 0 \u00e0 14 ans qui repr\u00e9sentent 23 % de la population Saint Pauloise<\/p>\n<p>66000 personnes de 15 \u00e0 59 ans qui repr\u00e9sente 62 % de la population<\/p>\n<p>16136 personnes de plus de 60 ans qui repr\u00e9sente 15 % de la population.<\/p>\n<p><strong>La composition des m\u00e9nages<\/strong>\u00a0: 2,82 personnes par m\u00e9nages<\/p>\n<p>28 % de m\u00e9nage \u00e0 une personne<\/p>\n<p>17 % de m\u00e9nage couple sans enfant<\/p>\n<p>36 % de m\u00e9nage avec enfant<\/p>\n<p>19 % de m\u00e9nage monoparentale<\/p>\n<p><strong>Taux de ch\u00f4mage<\/strong>\u00a0des actifs de 15 \u00e0 64 ans\u00a0: 34 % soit 17263 personnes.<\/p>\n<p>Evolution de la consommation fonci\u00e8re d\u00e9di\u00e9 \u00e0\u00a0<strong>l\u2019urbanisation\u00a0<\/strong>:<\/p>\n<p>2008\u00a0: 1040 ha<\/p>\n<p>2014\u00a0: + 119 ha soit 19,8 ha\/an<\/p>\n<p>2018\u00a0: + 27 ha soit 6,75 ha\/an<\/p>\n<h4>Les hauts de Saint Paul :<\/h4>\n<p>Zone d\u2019adh\u00e9sion\u00a0: 9231 ha soit 45% du p\u00e9rim\u00e8tre<\/p>\n<p>27 % de la population de la commune<\/p>\n<p><strong>28744 habitants dans 10185 logements<\/strong><\/p>\n<p>6988 jeunes de 0 \u00e0 14 ans peuplent les hauts de la commune et repr\u00e9sente 24,3 % de la population..<\/p>\n<p>17769 habitants de 15 \u00e0 59 ans qui repr\u00e9sente 61,8 % de la population.<\/p>\n<p>3986 habitants de plus de 60 ans qui repr\u00e9sente 13,8 % de la population.<\/p>\n<p><strong>Composition des m\u00e9nages<\/strong>\u00a0: Au vue de la diff\u00e9rence de comportement des huit quartiers IRIS, il est difficile de vous citer une moyenne. Nous retiendrons des faits marquants par rapport \u00e0 la population de Saint Paul et de la TCO\u00a0:<\/p>\n<p>Le volume de m\u00e9nage couple avec enfant est sans conteste plus \u00e9lev\u00e9 dans la zone des hauts de la commune\u00a0: tout les IRIS sont \u00e9gales voir au del\u00e0 de 40. Jusque 47 pour Sans Souci. Hormis Guillaume centre o\u00f9 nous sommes \u00e0 38, pas tr\u00e8s loin de la moyenne communale m\u00eame si au dessus.<\/p>\n<p>Sur Barrage, Ravine Daniel et Sans Souci, le volume de m\u00e9nage couple sans enfant est tr\u00e8s bas, de 10 \u00e0 12 %.<\/p>\n<p>Le volume de m\u00e9nage monoparentale est comparable, aux moyennes communes et TCO hormis pour Ravine Daniel ou elle atteint 27 %.<\/p>\n<p>Le volume de m\u00e9nage compos\u00e9 d\u2019une personne est plus faible que la moyenne communale et TCO, hormis \u00e0 Barrage 28 % et Ruisseau 26 %. Le reste au dessous de 24 %.<\/p>\n<p><strong>Les revenus disponible<\/strong>\u00a0par unit\u00e9 de consommation\u00a0:\u00a0<strong>12541 \u20ac<\/strong>\u00a0en moyenne.<\/p>\n<p>Ch\u00f4mage des 15-64 ans\u00a0: 5554 ch\u00f4meurs sur 13242 actifs soit une moyenne de 42 %. Avec une amplitude allant de 36 % \u00e0 54 %.<\/p>\n<p><strong>L\u2019urbanisation<\/strong>\u00a0: Actuellement (donn\u00e9es 2018), 852 ha sont d\u00e9di\u00e9 \u00e0 l\u2019urbanisation de la zone d\u2019adh\u00e9sion des hauts de la TCO, U (760 ha) et AU (92 ha) compris. Il reste encore de disponible, 146 ha au total \u00e0 urbaniser sur les hauts de la commune.<\/p>\n<h5>Les infrastructures\u00a0:<\/h5>\n<p>12 \u00e9coles pour 2200 \u00e9l\u00e8ves<\/p>\n<p>2 coll\u00e8ges<\/p>\n<p>1 lyc\u00e9e<\/p>\n<p>Bureau de Poste<\/p>\n<p>Mairie<\/p>\n<h5>L\u2019agriculture\u00a0:<\/h5>\n<p>Surface class\u00e9 A au PLU\u00a0: 4898 ha<\/p>\n<p>Empi\u00e9tement de la T\u00e2che Urbaine\u00a0: 392 ha soit 8 %<\/p>\n<h2 class=\"western\">\u00a0SAINT PAUL agricole<\/h2>\n<p class=\"western\">Superficie\u00a0: 24128 Ha<\/p>\n<p class=\"western\">SAU\u00a0: 5671 ha,<\/p>\n<p class=\"western\">1071 exploitations soit 12 % de l&rsquo;\u00eele qui emploient 2368 personnes.<\/p>\n<p class=\"western\">75 % des exploitations ont moins de 5 ha.<\/p>\n<p class=\"western\">72 % des agriculteurs n&rsquo;ont aucune formation agricole. 37 %ont plus de 50 ans.<\/p>\n<p class=\"western\">Canne \u00e0 sucre\u00a0: 46 % des exploitations cultivent de la Cannes \u00e0 Sucre sur 39 % de la SAU, autrement dit 1535 ha ou 1857 ha pour 160 planteurs environs. La production est de 77000 tonnes en 2018.<\/p>\n<p class=\"western\">Mara\u00eechage\u00a0: 119 ha environs.<\/p>\n<p class=\"western\">Arboriculture\u00a0: 153 ha<\/p>\n<p class=\"western\">Elevage\u00a0: 1000 \u00e9levage sur 3542 ha. 24 % de la commune est en prairie. 13 % de l&rsquo;effectif avicole de l&rsquo;\u00eele.<\/p>\n<p class=\"western\">Faire Valoir Direct\u00a0: 1178 Exploitation, 3560 ha<\/p>\n<p class=\"western\">Fermage\u00a0: 682 exploitations, 1170 ha<\/p>\n<p class=\"western\">Colonage\u00a0: 105 exploitations, 378 ha<\/p>\n<p class=\"western\">39 % de la SAU communal est en Canne \u00e0 sucre et 24 % en prairies<\/p>\n<h3>Le ch\u00f4mage \u00e0 Saint Paul :<\/h3>\n<p>17263 personnes soit 39 % de la Population. Dans l&rsquo;aire d&rsquo;adh\u00e9sion de la \u00ab\u00a0zone des haut \u00e9ligible au financement LEADER\u00a0\u00bb, il monte \u00e0 42 % avec 5554 ch\u00f4meurs pour 13242 actifs.<\/p>\n<h3>Les transports en commun<\/h3>\n<p>Il est jug\u00e9 inefficace en fiabilit\u00e9 et fr\u00e9quence.<\/p>\n<h3>La zone des hauts de la TCO (\u00e9ligible au financement LEADER) :<\/h3>\n<p>La zone des hauts de la TCO s&rsquo;\u00e9tant sur 20600 ha soit 38 % de l&rsquo;air totale du TCO qui est de 53720 ha. l&rsquo;espace naturel et agricole compte 18800 ha. Cette zone compte 47800 habitants, sur un total de 244795 habitants pour toute la zone TCO.<\/p>\n<p>La commune de Saint Paul a elle seule, constitue 45 % du territoire TCO. Dans la zone des hauts\u00a0 y habite 27 % de la population soit 28744 habitant dans 10185 logements.<\/p>\n<h2 class=\"western\"><\/h2>\n","protected":false},"excerpt":{"rendered":"<p>Saint Paul, les statistiques : La population est de\u00a0105967 habitants pour 43343 logements Il y a 23831 jeunes de 0 \u00e0 14 ans qui repr\u00e9sentent 23 % de la population Saint Pauloise 66000 personnes de 15 \u00e0 59 ans qui <a href=\"http:\/\/www.politikfrance.fr\/index.php\/accueil-2\/reunion\/saint-paul\/\" class=\"read-more\">En savoir plus &#8230;<\/a><\/p>\n","protected":false},"author":2,"featured_media":0,"parent":281,"menu_order":0,"comment_status":"closed","ping_status":"closed","template":"","meta":{"footnotes":""},"class_list":["post-667","page","type-page","status-publish","hentry"],"_links":{"self":[{"href":"http:\/\/www.politikfrance.fr\/index.php\/wp-json\/wp\/v2\/pages\/667","targetHints":{"allow":["GET"]}}],"collection":[{"href":"http:\/\/www.politikfrance.fr\/index.php\/wp-json\/wp\/v2\/pages"}],"about":[{"href":"http:\/\/www.politikfrance.fr\/index.php\/wp-json\/wp\/v2\/types\/page"}],"author":[{"embeddable":true,"href":"http:\/\/www.politikfrance.fr\/index.php\/wp-json\/wp\/v2\/users\/2"}],"replies":[{"embeddable":true,"href":"http:\/\/www.politikfrance.fr\/index.php\/wp-json\/wp\/v2\/comments?post=667"}],"version-history":[{"count":9,"href":"http:\/\/www.politikfrance.fr\/index.php\/wp-json\/wp\/v2\/pages\/667\/revisions"}],"predecessor-version":[{"id":788,"href":"http:\/\/www.politikfrance.fr\/index.php\/wp-json\/wp\/v2\/pages\/667\/revisions\/788"}],"up":[{"embeddable":true,"href":"http:\/\/www.politikfrance.fr\/index.php\/wp-json\/wp\/v2\/pages\/281"}],"wp:attachment":[{"href":"http:\/\/www.politikfrance.fr\/index.php\/wp-json\/wp\/v2\/media?parent=667"}],"curies":[{"name":"wp","href":"https:\/\/api.w.org\/{rel}","templated":true}]}}