{"id":671,"date":"2019-07-30T05:28:24","date_gmt":"2019-07-30T05:28:24","guid":{"rendered":"http:\/\/www.politikfrance.fr\/?page_id=671"},"modified":"2019-07-31T17:09:10","modified_gmt":"2019-07-31T17:09:10","slug":"sante","status":"publish","type":"page","link":"http:\/\/www.politikfrance.fr\/index.php\/accueil-2\/reunion\/sante\/","title":{"rendered":"SANTE"},"content":{"rendered":"<p>SANTE<\/p>\n<p>Nous avons \u00e0 la R\u00e9union un ensemble de structure officiant dans les soins<\/p>\n<h3><span style=\"color: #ff00ff;\">Les Offres de soin en sant\u00e9 mentale<\/span><\/h3>\n<p>Il est repr\u00e9sent\u00e9 \u00e0 la R\u00e9union par le groupe Sant\u00e9 \u00ab\u00a0les Flamboyants\u00a0\u00bb<\/p>\n<p><span style=\"color: #ff00ff;\">Il existe \u00e0 la R\u00e9union 3 cliniques sp\u00e9cialis\u00e9es dans la d\u00e9pression, les n\u00e9vroses et la r\u00e9\u00e9ducation neurologique fonctionnelle pour les patients victimes d&rsquo;AVC. Il s&rsquo;agit du groupe sant\u00e9 Les Flamboyants<\/span><\/p>\n<p><span style=\"color: #ff00ff;\">Les structures sont moderne s, par exemple en 2008, le centre de Tamarins, \u00e9tait parmi les 3 premiers \u00e0 disposer\u00a0<\/span><\/p>\n<p><span style=\"color: #ff00ff;\">Elle compte 350 salari\u00e9s.<\/span><\/p>\n<p><span style=\"color: #ff00ff;\">Ils ont trait\u00e9 de 1995 \u00e0 2016, 15000 patients. dont 85 % en une seule hospitalisation, et 18 % en deux.\u00a0<\/span><\/p>\n<h3>Les Violences Conjugales<\/h3>\n<p>repris en partie de l&rsquo;article paru dans le magazine \u00ab Belle \u00bb, suppl\u00e9ment du \u00ab Quotidien \u00bb, Ile de la R\u00e9union. Auteur David GOULOIS<\/p>\n<div class=\"_2cuy _3dgx _2vxa\">L&rsquo;indice de violence conjugale est de 15 % \u00e0 La R\u00e9union, contre 9 % en moyenne dans la m\u00e9tropole.<\/div>\n<div class=\"_2cuy _3dgx _2vxa\">La R\u00e9union est dans le top des 15 premiers d\u00e9partements fran\u00e7ais perp\u00e9trant, statistiquement, le plus de violences conjugales<a href=\"https:\/\/l.facebook.com\/l.php?u=http%3A%2F%2Fwww.blog4ever.com%2Fgestion%2Fressources%2Fold_composeur%2Fhtml%2Fblank.htm%3Ffbclid%3DIwAR1sRWUkOQaKb_uf85H5N5HZR_NFfmKQjrIvNc0mroDieUeuzWG5ooTrSVI%23_ftn2&amp;h=AT0oeT4uZIGOV3qJlljiD4In2HCceLJxbQ-AMEujbk0z7jQN4PBvXMXU_fvu2pTiIXaFQrOgZbL2wrpXWEQDjRRVA2-gYVBneTVdmuhqsfPYX5tHN2jt-BhXKG-_EO1XGA\" target=\"_blank\" rel=\"noopener nofollow\" data-lynx-mode=\"asynclazy\">[2]<\/a>.<\/div>\n<div class=\"_2cuy _3dgx _2vxa\">Globalement sur le territoire fran\u00e7ais, une femme meurt tous les 3 jours des coups de son conjoint.<\/div>\n<div class=\"_2cuy _3dgx _2vxa\">Mais il faut savoir que les hommes aussi peuvent \u00eatre victimes, m\u00eame si tr\u00e8s peu en parlent. La peur du \u00ab moukatage du dalon \u00bb, notamment.<\/div>\n<div class=\"_2cuy _3dgx _2vxa\">Enfin, toutes classes d&rsquo;\u00e2ge, toutes les cat\u00e9gories sociaux-professionnelles peuvent \u00eatre concern\u00e9es.<\/div>\n<div><\/div>\n<div class=\"_2cuy _3dgx _2vxa\">Pourquoi cette violence ?<\/div>\n<div class=\"_2cuy _3dgx _2vxa\">Quand l&rsquo;on n&rsquo;arrive plus \u00e0 communiquer, les mots, les cris partent d&rsquo;eux-m\u00eames. Le corps, lui aussi va traduire cette impossibilit\u00e9 \u00e0 communiquer. Ainsi celui qui agresse souffre. Certes la victime \u00e9galement, mais il faut se rendre compte qu&rsquo;une personne violente, est bien souvent une personne dont le v\u00e9cu infantile n&rsquo;a pas \u00e9t\u00e9 tr\u00e8s joyeux.<\/div>\n<div class=\"_2cuy _3dgx _2vxa\">Une famille qui ne communique pas, dans laquelle on n&rsquo;exprime pas ses \u00e9motions et plus sujette \u00e0 conna\u00eetre la violence.\u00a0Il est hors de question d&rsquo;excuser les agresseurs, mais pour comprendre leur fonctionnement, pour d\u00e9passionner le d\u00e9bat et r\u00e9agir efficacement, il est bon de l&rsquo;avoir en t\u00eate.<\/div>\n<div class=\"_2cuy _3dgx _2vxa\"><\/div>\n<div class=\"_2cuy _3dgx _2vxa\">Il s&rsquo;agit souvent d&rsquo;une escalade de conflits, qui aura men\u00e9e au passage \u00e0 l&rsquo;acte.<\/div>\n<div class=\"_2cuy _3dgx _2vxa\">Mais par la suite, ces actes de violences recommenceront, toujours plus fort et plus souvent.<\/div>\n<div><\/div>\n<div><span style=\"color: #ff6600;\">Proposition : <\/span><\/div>\n<div><span style=\"color: #ff6600;\">&#8211; Pr\u00e9vention et action,\u00a0<\/span><\/div>\n<div><span style=\"color: #ff6600;\">Coder et communiquer sur les signes pr\u00e9curseurs de violences aupr\u00e9s de toute la soci\u00e9t\u00e9. Objectif r\u00e9p\u00e9rer avant les passages \u00e0 l&rsquo;actes. Et les personnes concern\u00e9es voir l&rsquo;entourage.\u00a0<\/span><\/div>\n<div><span style=\"color: #ff6600;\">Communiquer sur les signes informatives de violences et sur les moyens d&rsquo;y soustraire<\/span><\/div>\n<div><\/div>\n<div><\/div>\n<div><\/div>\n<div class=\"_2cuy _3dgx _2vxa\">Enfin, il y a des facteurs aggravant, plus ou moins pr\u00e9disposant \u00e0 la violence au sein du couple : l&rsquo;alcool, la drogue, l&rsquo;isolement social, les difficult\u00e9s financi\u00e8res, la perte d&rsquo;un emploi.<\/div>\n<div><\/div>\n<div class=\"_2cuy _3dgx _2vxa\">Sous quelle forme se manifeste cette violence ?<\/div>\n<div class=\"_2cuy _3dgx _2vxa\">&#8211; Tout d&rsquo;abord, verbale : Se faire insulter peut \u00eatre traumatisant et laisser des s\u00e9quelles psychologiques. Elle est souvent pr\u00e9curseur de violences physiques.<\/div>\n<div class=\"_2cuy _3dgx _2vxa\">&#8211; Et puis, physique : Les s\u00e9quelles physiques peuvent \u00eatre tr\u00e8s grave.<\/div>\n<div class=\"_2cuy _3dgx _2vxa\">&#8211; Psychiques : ce sont les violences psychologiques. Toutes les formes de violences du genre harc\u00e8lement moral, mais aussi toute forme de pression : chantage par rapport aux enfants, \u00e0 la vie professionnelle, au suicide. C&rsquo;est aussi le fait de d\u00e9cider tout pour l&rsquo;autre, ne lui laisser aucune libert\u00e9 de d\u00e9cision, d&rsquo;action, de se faire couper du monde.C&rsquo;est aussi la crainte pour votre s\u00e9curit\u00e9, celle des enfants\ufffd<\/div>\n<div class=\"_2cuy _3dgx _2vxa\">&#8211; Mais aussi, financi\u00e8re.<\/div>\n<div class=\"_2cuy _3dgx _2vxa\">&#8211; Et enfin, sexuelle : le viol entre \u00e9poux est puni par la loi.<\/div>\n<div><\/div>\n<div class=\"_2cuy _3dgx _2vxa\">Quelles sont les cons\u00e9quences de cette violence :<\/div>\n<div class=\"_2cuy _3dgx _2vxa\">&#8211; Pour la victime : des blessures irr\u00e9versibles, tant physiques que psychiques. Des blessures amenant \u00e0 un handicap (paralysie), une d\u00e9figuration, ou encore la mort. Des cons\u00e9quences psychologiques graves pouvant conduire \u00e0 des mutilations, l&rsquo;alcoolisme, la drogue, le suicide, troubles alimentaires\ufffd Des cons\u00e9quences physiologiques comme des troubles psychosomatiques : troubles digestifs, maux de dos, maux de t\u00eate, palpitations, troubles du sommeil\ufffd<\/div>\n<div class=\"_2cuy _3dgx _2vxa\">&#8211; Pour l&rsquo;agresseur : des peines de prisons fermes accompagn\u00e9es ou non de sursis, des amendes et le versement de dommages et int\u00e9r\u00eats. L&rsquo;interdiction de c\u00f4toyer le domicile conjugal, un suivi th\u00e9rapeutique obligatoire.<\/div>\n<div class=\"_2cuy _3dgx _2vxa\">&#8211; Pour l&rsquo;entourage : il y a deux possibilit\u00e9s concernant l&rsquo;entourage familial, les amis, les coll\u00e8gues de travail. Soit l&rsquo;agresseur est tr\u00e8s \u00ab instantan\u00e9 \u00bb est donc aura manifest\u00e9 de l&rsquo;agressivit\u00e9 devant les autres, et ces derniers ne manifesteront pas d&rsquo;\u00e9tonnement ; soit l&rsquo;agresseur est tr\u00e8s \u00ab malin \u00bb et donc aura bien \u00ab cach\u00e9 son jeu \u00bb.<\/div>\n<div class=\"_2cuy _3dgx _2vxa\">Enfin, pour un enfant ces actes de violences r\u00e9p\u00e9t\u00e9s, sont d\u00e9vastateurs pour son psychisme. Ils laisseront des traces ind\u00e9l\u00e9biles dans l&rsquo;esprit du jeune, avec tout les risques que cela comporte. Les enfants peuvent aussi recevoir des coups directement ou indirectement lors de ces sc\u00e8nes de violences.<\/div>\n<div><\/div>\n<div class=\"_2cuy _3dgx _2vxa\"><\/div>\n<div class=\"_2cuy _3dgx _2vxa\">Pour vous aider dans l&rsquo;ensemble de ces d\u00e9marches, vous orienter, les professionnels tel que le m\u00e9decin g\u00e9n\u00e9raliste et surtout le psychologue, peuvent vous aider \u00e0 surmonter ces \u00e9preuves dans le temps. Ils exercent en lib\u00e9ral, au sein de groupes de parole, mais aussi au sein d&rsquo;institutions comme les Centre M\u00e9dico-Psychologiques ou encore certaines associations. Certaines pr\u00eatres aussi (quelle que soit la confession) le feront volontiers.<\/div>\n<div class=\"_2cuy _3dgx _2vxa\"><\/div>\n<div class=\"_2cuy _3dgx _2vxa\"><\/div>\n<div class=\"_2cuy _3dgx _2vxa\">Article paru dans le magazine \u00ab Belle \u00bb, suppl\u00e9ment du \u00ab Quotidien \u00bb, Ile de la R\u00e9union.<\/div>\n<div class=\"_2cuy _3dgx _2vxa\"><\/div>\n<div class=\"_2cuy _3dgx _2vxa\"><a href=\"https:\/\/l.facebook.com\/l.php?u=http%3A%2F%2Fwww.blog4ever.com%2Fgestion%2Fressources%2Fold_composeur%2Fhtml%2Fblank.htm%3Ffbclid%3DIwAR3vGngnqnJNY4jlJgOp-9vUh4-5OQMxPzxayJrm2rG45Gp1BPuwvrSr--I%23_ftnref1&amp;h=AT3p_qtlBg71Zs7F9fYcQNHXmBLhuvsyH4AZnaYgfxJvRqr8J_NomGAZj0djUMqphSw3hFmZTWobXexckfWltXiPc_G6W9nuTPvK8MRuihBzD16NoVCgc-veM0Odej2rmw\" target=\"_blank\" rel=\"noopener nofollow\" data-lynx-mode=\"asynclazy\">[1]<\/a> Enqu\u00eate nationale sur les violences envers les femmes \u00e0 l&rsquo;\u00eele de la R\u00e9union, DRASS, 2003.<\/div>\n<div class=\"_2cuy _3dgx _2vxa\"><a href=\"https:\/\/l.facebook.com\/l.php?u=http%3A%2F%2Fwww.blog4ever.com%2Fgestion%2Fressources%2Fold_composeur%2Fhtml%2Fblank.htm%3Ffbclid%3DIwAR0gBHC6WBmNYmtHeywPW32hqh-ljaNAX1PEE_WEOiRxTwErK8g5AnPBhJY%23_ftnref2&amp;h=AT3qWNgPV88vzxXrDwPvhvCR3ciqmcfy7mKQvIY0p4tj0Tdm6usiqF-bvYgwWqDzdHPfeo0Tfnmn0l-DpqRwScJhYLNxoIWQBhSzjHmHaqDRmkRC0LmZ0O9Tew5UHTjqDw\" target=\"_blank\" rel=\"noopener nofollow\" data-lynx-mode=\"asynclazy\">[2]<\/a> Etude de l&rsquo;observatoire Nationale de la D\u00e9linquance, 2008<\/div>\n<p>&nbsp;<\/p>\n<p>&nbsp;<\/p>\n<p>&nbsp;<\/p>\n<p>&nbsp;<\/p>\n<p>&nbsp;<\/p>\n","protected":false},"excerpt":{"rendered":"<p>SANTE Nous avons \u00e0 la R\u00e9union un ensemble de structure officiant dans les soins Les Offres de soin en sant\u00e9 mentale Il est repr\u00e9sent\u00e9 \u00e0 la R\u00e9union par le groupe Sant\u00e9 \u00ab\u00a0les Flamboyants\u00a0\u00bb Il existe \u00e0 la R\u00e9union 3 cliniques <a href=\"http:\/\/www.politikfrance.fr\/index.php\/accueil-2\/reunion\/sante\/\" class=\"read-more\">En savoir plus &#8230;<\/a><\/p>\n","protected":false},"author":2,"featured_media":0,"parent":281,"menu_order":0,"comment_status":"closed","ping_status":"closed","template":"","meta":{"footnotes":""},"class_list":["post-671","page","type-page","status-publish","hentry"],"_links":{"self":[{"href":"http:\/\/www.politikfrance.fr\/index.php\/wp-json\/wp\/v2\/pages\/671","targetHints":{"allow":["GET"]}}],"collection":[{"href":"http:\/\/www.politikfrance.fr\/index.php\/wp-json\/wp\/v2\/pages"}],"about":[{"href":"http:\/\/www.politikfrance.fr\/index.php\/wp-json\/wp\/v2\/types\/page"}],"author":[{"embeddable":true,"href":"http:\/\/www.politikfrance.fr\/index.php\/wp-json\/wp\/v2\/users\/2"}],"replies":[{"embeddable":true,"href":"http:\/\/www.politikfrance.fr\/index.php\/wp-json\/wp\/v2\/comments?post=671"}],"version-history":[{"count":5,"href":"http:\/\/www.politikfrance.fr\/index.php\/wp-json\/wp\/v2\/pages\/671\/revisions"}],"predecessor-version":[{"id":695,"href":"http:\/\/www.politikfrance.fr\/index.php\/wp-json\/wp\/v2\/pages\/671\/revisions\/695"}],"up":[{"embeddable":true,"href":"http:\/\/www.politikfrance.fr\/index.php\/wp-json\/wp\/v2\/pages\/281"}],"wp:attachment":[{"href":"http:\/\/www.politikfrance.fr\/index.php\/wp-json\/wp\/v2\/media?parent=671"}],"curies":[{"name":"wp","href":"https:\/\/api.w.org\/{rel}","templated":true}]}}