{"id":724,"date":"2019-08-16T19:06:53","date_gmt":"2019-08-16T19:06:53","guid":{"rendered":"http:\/\/www.politikfrance.fr\/?page_id=724"},"modified":"2019-08-23T19:16:52","modified_gmt":"2019-08-23T19:16:52","slug":"lenvironnement","status":"publish","type":"page","link":"http:\/\/www.politikfrance.fr\/index.php\/accueil-2\/reunion\/lenvironnement\/","title":{"rendered":"L&rsquo;ENVIRONNEMENT"},"content":{"rendered":"<h1 style=\"text-align: center;\">La protection de notre environnement \u00e0 la R\u00e9union<\/h1>\n<h2>La probl\u00e9matique de l&rsquo;amiante :<\/h2>\n<p><b>L&rsquo;amiante\u00a0<\/b>est un silicate fibreux qui a \u00e9t\u00e9 tr\u00e8s utilis\u00e9 du fait de ses nombreuses propri\u00e9t\u00e9s : <b>C&rsquo;<\/b>est un mat\u00e9riel isolant et r\u00e9sistant, notamment au feu, aux agressions chimiques, qui co\u00fbte peu ch\u00e8re, et de ce fait, qui a \u00e9t\u00e9 largement utilis\u00e9 dans le monde industriel et notamment du b\u00e2timent, jusqu&rsquo;\u00e0 son interdiction en 1997 du fait de ses effets n\u00e9fastes sur la sant\u00e9.<\/p>\n<p><strong>Quels sont les dangers pour la sant\u00e9 ?<\/strong><br \/>\nL\u2019amiante entre dans l\u2019organisme principalement par les voies respiratoires. Les fibres respirables d\u2019amiante sont invisibles \u00e0 l\u2019\u0153il nu, \u00ab en moyenne, une fibre d\u2019amiante est de 400 \u00e0 2000 fois plus petite qu\u2019un cheveu humain \u00bb1<br \/>\n. Les fibres respirables (diam\u00e8tre inf\u00e9rieur \u00e0 3 microm\u00e8tres et rapport longueur-diam\u00e8tre sup\u00e9rieur \u00e0 3:1) r\u00e9ussissent \u00e0 traverser toutes les barri\u00e8res de d\u00e9fense du syst\u00e8me respiratoire pour aller se loger dans les alv\u00e9oles des poumons. \u00ab Lorsqu\u2019une personne respire des fibres d\u2019amiante, plus le nombre de fibres inhal\u00e9es est grand, plus la p\u00e9riode d\u2019exposition est longue, plus le risque pour la sant\u00e9 est important. \u00bb Les principales maladies d\u00e9coulant d\u2019une exposition aux poussi\u00e8res d\u2019amiante sont l\u2019amiantose, le cancer du poumon et le m\u00e9soth\u00e9liome.<\/p>\n<h3>L&rsquo;amiante \u00e0 la R\u00e9union, \u00e9tat des lieux :<\/h3>\n<p>A la R\u00e9union, elle touche 163291 logements et \u00e9quipement, construit entre 1970 et 1997.<\/p>\n<p>On consid\u00e8re que 47 % du b\u00e2tit r\u00e9unionnais est potentiellement amiant\u00e9. Sur 70000 logements sociaux, l&rsquo;ARMOS (Association des Maitres d&rsquo;Ouvrages Sociaux) comptabilisent 21794 logements concern\u00e9es. 13000 dans le parc SHLMR \u00e0 lui tout seul.<\/p>\n<p>Plus grave, on consid\u00e8re que 60 % des \u00e9coles \u00e9l\u00e9mentaires, 70 % des coll\u00e8ges, et 45 % des lyc\u00e9es sont touch\u00e9s, soit 370 b\u00e2timents scolaires. A cela, il faut ajouter 54 b\u00e2timents sanitaires.<\/p>\n<p>Pour d\u00e9samianter l&rsquo;ensemble du parc immobilier au niveau r\u00e9gionale, la facture s&rsquo;\u00e9l\u00e8verait \u00e0 300 millions d&rsquo;euros,<\/p>\n<h4>Une fili\u00e8re de d\u00e9samiantage peu performante :<\/h4>\n<p>Deux probl\u00e9matiques principales s&rsquo;opposent aux d\u00e9samiantages : Le d\u00e9ficit de formation et le surco\u00fbt consid\u00e9rable de l&rsquo;\u00e9vacuation des d\u00e9chets.<\/p>\n<h3>Les d\u00e9ficites de comp\u00e9tences :<\/h3>\n<p>Aujourd&rsquo;hui, il reste 3 entreprises de d\u00e9samiantage dans l&rsquo;\u00eele, ce qui est tr\u00e8s peu au vue du travail \u00e0 fournir, surtout que souvent, nous constatons que le travail repose sur un salari\u00e9 par entreprise. Il faut dire que le co\u00fbt de formation d&rsquo;un salari\u00e9 va de 6000 \u20ac \u00e0 8000 \u20ac, cela en raison de l&rsquo;absence de fili\u00e8re de formation \u00e0 la R\u00e9union. Il faut savoir que le recyclage de la formation devrait se faire tout les 6 mois &#8230; en m\u00e9tropole, donc.<\/p>\n<p>Les op\u00e9rations de d\u00e9samiantage intervient surtout lors des\u00a0 travaux de r\u00e9habilitation des b\u00e2timents. A ce moment l\u00e0, les op\u00e9rateurs sociaux doivent se conformer au DTA (Dossier Technique Amiante) fournit par les auditeurs. mais il est \u00e0 noter que les diagnostiques, r\u00e9alis\u00e9 par les entreprises locales ou par des auditeurs ext\u00e9rieurs, sont qualifi\u00e9 de peu fiable par le rapport de la Direction G\u00e9n\u00e9ral des Outremers(1), les op\u00e9rateurs la voyant plus comme une formalit\u00e9 r\u00e9glementaire plut\u00f4t que sanitaire.<\/p>\n<p>Nous nous rendons compte qu&rsquo;aujourd&rsquo;hui, le Dossier technique Amiante des \u00e9tablissements m\u00e9dicaux et sociaux, ne sont pas \u00e0 jour !<\/p>\n<h3>Les d\u00e9ficites de solutions non on\u00e9reuses :<\/h3>\n<p>Une autre probl\u00e9matique de taille est l&rsquo;absence de laboratoire sur l&rsquo;\u00eele pour analyser les mat\u00e9riaux pr\u00e9lev\u00e9s et mesurer l&#8217;empoussi\u00e8rement (nombre de fibre par litre d&rsquo;air)<\/p>\n<p>Les traitements des d\u00e9chets amiant\u00e9 : Il n&rsquo;existe pas de fili\u00e8re structur\u00e9e et efficace de d\u00e9samiantage :<\/p>\n<p>L&rsquo;amiante est un d\u00e9chets r\u00e9pondant \u00e0 la l\u00e9gislation de d\u00e9chets dangereux.<\/p>\n<p>2 types de d\u00e9chets avec deux voies diff\u00e9rentes d&rsquo;\u00e9limination du danger :<\/p>\n<p>L&rsquo;amiante li\u00e9 : doit \u00eatre enfouis : centre d&rsquo;enfouissement \u00e0 Sainte Suzanne<\/p>\n<p>L&rsquo;amiante libre : doit \u00eatre vitrifi\u00e9 ou export\u00e9;<\/p>\n<p>pour l&rsquo;exportation, en raison de son classement de d\u00e9chets dangereux, Il est obligatoire de trouver un armateur qui accepte de transporter ce type de d\u00e9chets, qui ne lui permettra pas de s&rsquo;arr\u00eater \u00e0 tous les ports. certains n&rsquo;acceptant pas l&rsquo;escale de ce type de marchandise.<\/p>\n<p>Toutes ces contraintes rendent les co\u00fbts de neutralisations et ou d&rsquo;exportations de ces mati\u00e8res dangereuses , exorbitants : on estime \u00e0 1000 \u20ac le co\u00fbt d&rsquo;\u00e9vacuation de l&rsquo;amiante li\u00e9 et jusque 5000 \u20ac le co\u00fbt d&rsquo;\u00e9vacuation de l&rsquo;amiante libre. En sachant que cela repr\u00e9sentent souvent 40 % du prix total du d\u00e9samiantage. On estime le co\u00fbt de neutralisation de l&rsquo;amiante \u00e0 10 fois plus ch\u00e8re qu&rsquo;en m\u00e9tropole.<\/p>\n<p>En 2015, les centres de traitements ont d\u00e9clar\u00e9s 136 tonnes d&rsquo;amiantes li\u00e9 et 75 tonnes de d\u00e9chets d&rsquo;amiantes libre ce qui nous am\u00e8ne \u00e0 en d\u00e9duire que plus de 50 tonnes ont att\u00e9ris dans la nature au vue des d\u00e9clarations des entreprises de d\u00e9samiantages.<\/p>\n<h4>Du c\u00f4t\u00e9 sant\u00e9 :<\/h4>\n<p>L&rsquo;\u00e9troitesse du territoire fait qu&rsquo;il n&rsquo;existe aucune \u00e9tude \u00e9pid\u00e9miologique ne viennent illustrer la r\u00e9alit\u00e9 des infections du \u00e0 l&rsquo;amiante, cancer bronchique, des poumons et de la pl\u00e8ve.<\/p>\n<p>de l&rsquo;autre c\u00f4t\u00e9, le rapport rel\u00e8ve que plu du tiers des travailleurs de r\u00e9novation ne disposent pas de protections ad\u00e9quates.<\/p>\n<h3><em>Proposition : Mise en place d&rsquo;une fili\u00e8re structur\u00e9e du suivi et de l&rsquo;\u00e9limination du risque amiante : <\/em><\/h3>\n<p><em>Cette fili\u00e8re devra s&rsquo;assurer du contr\u00f4le de la qualit\u00e9 du diagnostique et des mises \u00e0 niveaux r\u00e9guli\u00e8re des \u00e9valuateurs. L&rsquo;audites des organismes de certifications, notamment des entreprises ext\u00e9rieurs devra aussi y \u00eatre..\u00a0Installation d&rsquo;un laboratoire dans l&rsquo;\u00eele pour tout le p\u00e9rim\u00e8tre Oc\u00e9an Indien. Rappatrier le recyclage de la formation \u00e0 la R\u00e9union. Sensibilisation de la population aux risques de l&rsquo;amiantes. Etude \u00e9pid\u00e9miologique pour \u00e9valuer les d\u00e9g\u00e2ts sur la sant\u00e9 des r\u00e9unionnais.\u00a0<\/em><\/p>\n<p>&nbsp;<\/p>\n<p>&nbsp;<\/p>\n<p>&nbsp;<\/p>\n<p>&nbsp;<\/p>\n<p>&nbsp;<\/p>\n","protected":false},"excerpt":{"rendered":"<p>La protection de notre environnement \u00e0 la R\u00e9union La probl\u00e9matique de l&rsquo;amiante : L&rsquo;amiante\u00a0est un silicate fibreux qui a \u00e9t\u00e9 tr\u00e8s utilis\u00e9 du fait de ses nombreuses propri\u00e9t\u00e9s : C&rsquo;est un mat\u00e9riel isolant et r\u00e9sistant, notamment au feu, aux agressions <a href=\"http:\/\/www.politikfrance.fr\/index.php\/accueil-2\/reunion\/lenvironnement\/\" class=\"read-more\">En savoir plus &#8230;<\/a><\/p>\n","protected":false},"author":2,"featured_media":0,"parent":281,"menu_order":0,"comment_status":"closed","ping_status":"closed","template":"","meta":{"footnotes":""},"class_list":["post-724","page","type-page","status-publish","hentry"],"_links":{"self":[{"href":"http:\/\/www.politikfrance.fr\/index.php\/wp-json\/wp\/v2\/pages\/724","targetHints":{"allow":["GET"]}}],"collection":[{"href":"http:\/\/www.politikfrance.fr\/index.php\/wp-json\/wp\/v2\/pages"}],"about":[{"href":"http:\/\/www.politikfrance.fr\/index.php\/wp-json\/wp\/v2\/types\/page"}],"author":[{"embeddable":true,"href":"http:\/\/www.politikfrance.fr\/index.php\/wp-json\/wp\/v2\/users\/2"}],"replies":[{"embeddable":true,"href":"http:\/\/www.politikfrance.fr\/index.php\/wp-json\/wp\/v2\/comments?post=724"}],"version-history":[{"count":6,"href":"http:\/\/www.politikfrance.fr\/index.php\/wp-json\/wp\/v2\/pages\/724\/revisions"}],"predecessor-version":[{"id":731,"href":"http:\/\/www.politikfrance.fr\/index.php\/wp-json\/wp\/v2\/pages\/724\/revisions\/731"}],"up":[{"embeddable":true,"href":"http:\/\/www.politikfrance.fr\/index.php\/wp-json\/wp\/v2\/pages\/281"}],"wp:attachment":[{"href":"http:\/\/www.politikfrance.fr\/index.php\/wp-json\/wp\/v2\/media?parent=724"}],"curies":[{"name":"wp","href":"https:\/\/api.w.org\/{rel}","templated":true}]}}