{"id":73,"date":"2016-05-27T01:31:11","date_gmt":"2016-05-27T01:31:11","guid":{"rendered":"http:\/\/www.politikfrance.fr\/?page_id=73"},"modified":"2021-07-23T01:06:50","modified_gmt":"2021-07-23T01:06:50","slug":"besoins","status":"publish","type":"page","link":"http:\/\/www.politikfrance.fr\/index.php\/me-soutenir\/besoins\/","title":{"rendered":"BESOINS 2016"},"content":{"rendered":"<h2 style=\"text-align: center;\"><span style=\"text-decoration: underline; color: #333333;\">RECENSEMENTS DES BESOINS, en MOYENS HUMAINS, en MOYENS FINANCIERS (sous formes d&rsquo;actions ou de prestations), en MOYENS LOGISTIQUES ET MATERIELS \u00a0:\u00a0<\/span><\/h2>\n<p>&nbsp;<\/p>\n<p>&nbsp;<\/p>\n<p>Les besoins sont associ\u00e9s \u00e0 des actions. Aussi la d\u00e9marche adopt\u00e9e est de citer les actions, et d&rsquo;y \u00e9noncer les besoins pour la r\u00e9ussite de ces actions. (voir Chapitre STRATEGIES).<\/p>\n<h2>1 \/\u00a0Me soutenir\u00a0sur le site la primaire.org (a partir du 01 juin 2016)<\/h2>\n<p>Aller sur le site laprimaire.org, cliquer sur candidat, entrer dans la case recherche \u00ab\u00a0Frederic AMANY-SAVRIMOUTOU\u00a0\u00bb, cliquer sur ma photo, cliquer sur \u00ab\u00a0ME SOUTENIR\u00a0\u00bb<\/p>\n<p>Pour\u00a0les personnes qui\u00a0ne disposent pas d&rsquo;internet et voudraient me soutenir, m&rsquo;appeler au 0692 88 27 80. Je rentrerais le formulaire pour eux par t\u00e9l\u00e9phone avec eux.<\/p>\n<p>Pour ceux qui peuvent m&rsquo;aider dans le secr\u00e9tariat, ils peuvent centraliser les demandes et rentrer les formulaires aussi des personnes autour d&rsquo;eux qui souhaitent adh\u00e9rer au projet.<\/p>\n<h2><span style=\"color: #993300;\">2\u00a0\/ \u00catre pr\u00e9sent sur les sites forains, brocantes et autres manifestations hebdomadaires de la R\u00e9union :\u00a0<\/span><\/h2>\n<ul>\n<li>Quand : cela peut \u00eatre tous les jours. Les vendredi, samedi, dimanche sont \u00e0 privil\u00e9gier, Plus de manifestations et les gens sont plus accessibles. Certains postes seront fixes (brocantes) d&rsquo;autres mobiles (march\u00e9s forains) pour les personnes.<\/li>\n<li>O\u00f9 : sur toutes les communes d&rsquo;ici et de France en g\u00e9n\u00e9rale.<\/li>\n<li>Moyens humains : 2 \u00a0personnes par site minimum, pr\u00e9voir chapeaux, boissons, restaurations. maximum 10.<\/li>\n<li>Moyens mat\u00e9riels : Une table 0,60 m X 0,80 m minimum (maniable pour \u00eatre transport\u00e9e), 2 chaises pliantes<\/li>\n<li>un ordinateur portable ou tablette (avec clavier ext\u00e9rieur) pour plus de confort.<\/li>\n<li>Une connexion internet partageable. (inscription et soutien directe)<\/li>\n<li>Des prospectus d&rsquo;information recto-verso (\u00e0 photocopier)<\/li>\n<li>des cartes de visites<\/li>\n<\/ul>\n<h2><span style=\"color: #000080;\">3\u00a0\/ \u00catre pr\u00e9sent aux centres villes\u00a0<\/span><\/h2>\n<ul>\n<li>Quand : cela peut \u00eatre tout les jours de\u00a0la semaine et surtout du vendredi apr\u00e8s midi au samedi apr\u00e8s midi \u00e0 privil\u00e9gier. Les villes sont remplies. Peut \u00eatre mise en place un ou plusieurs postes fixes pour les personnes.<\/li>\n<li>O\u00f9 : sur toutes les communes d&rsquo;ici et de France en g\u00e9n\u00e9rale<\/li>\n<li>Moyens humains : 2 \u00a0personnes par site minimum, pr\u00e9voir chapeaux, boissons, restaurations. Maximum illimit\u00e9.<\/li>\n<li>Moyens mat\u00e9riels : Une table 0,60 m X 0,80 m minimum (maniable pour \u00eatre transport\u00e9e), 2 chaises pliantes<\/li>\n<li>un ordinateur portable ou tablette (avec clavier ext\u00e9rieur) pour plus de confort.<\/li>\n<li>Une connexion internet partageable. (inscription et soutien directe)<\/li>\n<li>des cartes de visites<\/li>\n<\/ul>\n<h2><span style=\"color: #008000;\">4\u00a0\/ Communiquer au quotidien \u00a0<\/span><\/h2>\n<ul>\n<li>Quand : quand vous voulez, avec qui vous voulez.<\/li>\n<li>O\u00f9 vous voulez<\/li>\n<li>Des prospectus d&rsquo;information recto-verso (\u00e0 photocopier)<\/li>\n<li>des cartes de visites<\/li>\n<li>Moyens humains : tout ceux qui veulent, ind\u00e9pendamment les uns des autres.<\/li>\n<li>un ordinateur portable ou tablette (avec clavier ext\u00e9rieur pour plus de confort).<\/li>\n<li>Une connexion internet partageable. (inscription et soutien directe)<\/li>\n<\/ul>\n<h2><span style=\"color: #ff00ff;\">5\u00a0\/ Besoins diverses<\/span><\/h2>\n<p><span style=\"color: #333333;\"><strong>Actuellement, besoin d&rsquo;une tablette. A l&#8217;emprunt ou \u00e0 petit prix. Pour les inscription \u00e0 la vol\u00e9e.<\/strong><\/span><\/p>\n<p><strong>Besoin de relais dans toutes les communes de l&rsquo;\u00eele, pour distribuer les affichettes ou les mettre en vue ou \u00e0 disposition.<\/strong><\/p>\n<p><span style=\"color: #333333;\"><strong>Besoin d&rsquo;impression : photocopies, cartes de visites, affiches.<\/strong><\/span><\/p>\n<p><span style=\"color: #333333;\"><strong>Besoin d&rsquo;une aide dans l&rsquo;Ouest, proche de St Leu, Trois Bassins, pour travailler le c\u00f4t\u00e9 esth\u00e9tique et styl\u00e9 de ce site.<\/strong><\/span><\/p>\n<p><span style=\"color: #333333;\"><strong>Besoin de quelqu&rsquo;un pour travailler les textes (am\u00e9liorer le style et l&rsquo;orthographe), sur St Leu ou Trois Bassins de pr\u00e9f\u00e9rence.<\/strong><\/span><\/p>\n<p><span style=\"color: #333333;\"><strong>Besoin de quelqu&rsquo;un pour le secr\u00e9tariat, g\u00e9rer un planning<\/strong><\/span><\/p>\n<p>&nbsp;<\/p>\n<p>&nbsp;<\/p>\n","protected":false},"excerpt":{"rendered":"<p>RECENSEMENTS DES BESOINS, en MOYENS HUMAINS, en MOYENS FINANCIERS (sous formes d&rsquo;actions ou de prestations), en MOYENS LOGISTIQUES ET MATERIELS \u00a0:\u00a0 &nbsp; &nbsp; Les besoins sont associ\u00e9s \u00e0 des actions. Aussi la d\u00e9marche adopt\u00e9e est de citer les actions, et <a href=\"http:\/\/www.politikfrance.fr\/index.php\/me-soutenir\/besoins\/\" class=\"read-more\">En savoir plus &#8230;<\/a><\/p>\n","protected":false},"author":2,"featured_media":0,"parent":171,"menu_order":0,"comment_status":"closed","ping_status":"closed","template":"","meta":{"footnotes":""},"class_list":["post-73","page","type-page","status-publish","hentry"],"_links":{"self":[{"href":"http:\/\/www.politikfrance.fr\/index.php\/wp-json\/wp\/v2\/pages\/73","targetHints":{"allow":["GET"]}}],"collection":[{"href":"http:\/\/www.politikfrance.fr\/index.php\/wp-json\/wp\/v2\/pages"}],"about":[{"href":"http:\/\/www.politikfrance.fr\/index.php\/wp-json\/wp\/v2\/types\/page"}],"author":[{"embeddable":true,"href":"http:\/\/www.politikfrance.fr\/index.php\/wp-json\/wp\/v2\/users\/2"}],"replies":[{"embeddable":true,"href":"http:\/\/www.politikfrance.fr\/index.php\/wp-json\/wp\/v2\/comments?post=73"}],"version-history":[{"count":11,"href":"http:\/\/www.politikfrance.fr\/index.php\/wp-json\/wp\/v2\/pages\/73\/revisions"}],"predecessor-version":[{"id":848,"href":"http:\/\/www.politikfrance.fr\/index.php\/wp-json\/wp\/v2\/pages\/73\/revisions\/848"}],"up":[{"embeddable":true,"href":"http:\/\/www.politikfrance.fr\/index.php\/wp-json\/wp\/v2\/pages\/171"}],"wp:attachment":[{"href":"http:\/\/www.politikfrance.fr\/index.php\/wp-json\/wp\/v2\/media?parent=73"}],"curies":[{"name":"wp","href":"https:\/\/api.w.org\/{rel}","templated":true}]}}