{"id":741,"date":"2019-09-29T17:33:54","date_gmt":"2019-09-29T17:33:54","guid":{"rendered":"http:\/\/www.politikfrance.fr\/?page_id=741"},"modified":"2019-09-29T18:34:32","modified_gmt":"2019-09-29T18:34:32","slug":"les-listes-citoyennes","status":"publish","type":"page","link":"http:\/\/www.politikfrance.fr\/index.php\/le-vote-et-les-mathematiques\/les-listes-citoyennes\/","title":{"rendered":"LES LISTES CITOYENNES"},"content":{"rendered":"<h1 style=\"text-align: center;\">Les Listes Citoyennes Communales<\/h1>\n<p>&nbsp;<\/p>\n<h2 align=\"JUSTIFY\">A \/ D\u00e9finition\u00a0:<\/h2>\n<p align=\"JUSTIFY\"><strong>Une liste citoyenne<\/strong> est une liste qui <strong>\u00e9chappe aux influences politiques<\/strong>. Pour autant, elle peut contenir des <strong>personnes encart\u00e9es<\/strong> de divers partis, mais<strong> jamais dans les 3 premiers de la liste et jamais de mani\u00e8re majoritaire<\/strong>. Une liste citoyenne a le souci de <strong>repr\u00e9senter la population et rompt avec le concept \u00e9litistes<\/strong> des \u00e9lections, donc. Son objectif, est de <strong>d\u00e9fendre les int\u00e9r\u00eats des divers corps sociaux<\/strong> de la soci\u00e9t\u00e9 qu&rsquo;elle repr\u00e9sente, d\u00e9j\u00e0 <strong>par leurs pr\u00e9sences<\/strong> m\u00eame sur la liste, et <strong>c&rsquo;est sa seule comp\u00e9tence n\u00e9cessaire<\/strong>.<\/p>\n<h3 align=\"JUSTIFY\">Les outils de constitutions des listes citoyennes\u00a0:<\/h3>\n<p align=\"JUSTIFY\"><strong>Le tirage au sort<\/strong>, sur liste \u00e9lectorale, est un moyen fort int\u00e9ressant de constituer toute ou partie d&rsquo;une liste municipale citoyenne. Mais ce n&rsquo;est pas le seul moyen.<\/p>\n<h2 align=\"JUSTIFY\">B\/ Point sur son adversaire, les listes politiques\u00a0:<\/h2>\n<p align=\"JUSTIFY\"><strong>Une liste politique<\/strong> est une liste ou <strong>la repr\u00e9sentation<\/strong> de la soci\u00e9t\u00e9 <strong>est assur\u00e9 par un corps sp\u00e9cialis\u00e9<\/strong> de cette m\u00eame soci\u00e9t\u00e9. . Corps qui en a fait <strong>son m\u00e9tier<\/strong>. Voir les lign\u00e9es politiques qui se transmettent de p\u00e8re en fils ou dans le cercle familiale, comme les entreprises.<\/p>\n<p align=\"JUSTIFY\">Elle d\u00e9fend le <strong>concept de comp\u00e9tence<\/strong>, acquis par la formation et l&rsquo;exp\u00e9rience, souvent <strong>transmise<\/strong> puis \u00e9prouv\u00e9e sous les ailes d&rsquo;un mentor, <strong>au sein de la famille politique, voir de la famille tout court<\/strong>.<\/p>\n<p align=\"JUSTIFY\">Elle d\u00e9fend le <strong>concept de comp\u00e9tence<\/strong> par le savoir \u00e9galement. L&rsquo;existence <strong>des \u00e9coles politiques<\/strong> pour exemple, et <strong>les grandes \u00e9coles<\/strong> en g\u00e9n\u00e9rale.<\/p>\n<p align=\"JUSTIFY\">Elle d\u00e9fend \u00e9galement le<strong> concept d&rsquo;ind\u00e9pendance financi\u00e8re<\/strong> selon lequel, pour \u00e9viter d&rsquo;avoir des voleurs \u00e0 la t\u00eates des institutions, voir de la soci\u00e9t\u00e9 repr\u00e9sentative, mieux vaut faire en sorte d&rsquo;<strong>avoir des personnes<\/strong> \u00e0 l&rsquo;abri du besoin, des personnes donc <strong>fortun\u00e9es<\/strong>. <strong>Concept bien mise \u00e0 mal<\/strong>, tant aujourd&rsquo;hui, il est prouv\u00e9 que plus la fortune est \u00e9lev\u00e9e, plus le <strong>vol<\/strong> des biens communs , du tr\u00e9sor publique, est <strong>important<\/strong>. <strong>Par la soustraction \u00e0 l&rsquo;effort national<\/strong> entre autre, par placement dans les paradis fiscaux par exemple.<\/p>\n<p align=\"JUSTIFY\">Ce qui nous am\u00e8ne \u00e0 en d\u00e9duire que mieux vaut que ce soient des gens modestes qui nous repr\u00e9sentent plut\u00f4t que des aristocrates.<\/p>\n<h2 align=\"JUSTIFY\">B\/ Point sur son faux semblant, les listes de coalition politique\u00a0:<\/h2>\n<p align=\"JUSTIFY\">Cette liste, <strong>compos\u00e9es de personnes issus de partis politiques diverses, avec souvent \u00e0 sa t\u00eate une personnalit\u00e9 politique forte<\/strong>, se revendique citoyenne. Cela sous pr\u00e9texte qu&rsquo;<strong>elle a int\u00e9gr\u00e9e des citoyens non encart\u00e9es<\/strong> dans ses rangs, et qu&rsquo;elle repr\u00e9sente, qu&rsquo;<strong>elle rassemblent, divers courants politiques<\/strong> de la soci\u00e9t\u00e9. Mais <strong>elle ne peut \u00e9chapper<\/strong>, de par ses concepts et sa constitution, <strong>aux influences des partis et jeux politiques<\/strong>\u00a0;<\/p>\n<p align=\"JUSTIFY\"><strong>Son objectif<\/strong>, est surtout de <strong>battre un parti ou une coalition adverse<\/strong>, et les citoyens qui y sont , servent de caution , de faire valoir aux yeux du peuple.<\/p>\n<p align=\"JUSTIFY\"><strong>Nous y retrouvons le concept de comp\u00e9tence<\/strong>, la forme \u00e9litiste donc, et les lign\u00e9es. Egalement <strong>le concept d&rsquo;ind\u00e9pendance financi\u00e8re. <\/strong><\/p>\n<p align=\"JUSTIFY\">Nous n&rsquo;y retrouvons pas le souci de repr\u00e9senter la population dans sa constitution, et sa direction, en tout cas, pas de mani\u00e8re directe.<\/p>\n<p align=\"JUSTIFY\">Quand l&rsquo;<strong>objectif est atteint<\/strong>, , arrive le <strong>partage<\/strong> des pouvoirs, <strong>au sein des diff\u00e9rents mouvements politiques\u00a0<\/strong>;<\/p>\n<h2 align=\"JUSTIFY\">C\/ caract\u00e9ristiques essentielles des listes citoyennes\u00a0:<\/h2>\n<p align=\"JUSTIFY\"><strong>Les listes citoyennes sont ind\u00e9pendantes et libre. <\/strong><\/p>\n<p align=\"JUSTIFY\"><strong>Les listes politiques, subissent<\/strong> \u00e0 d&rsquo;autres niveaux, <strong>la hi\u00e9rarchie des cadres et ou des instances cadres des partis<\/strong> concern\u00e9es. Notamment dans les communaut\u00e9s de communes, et assembl\u00e9es d\u00e9partementales, r\u00e9gionales, nationales, voir au del\u00e0.<\/p>\n<p align=\"JUSTIFY\">Contrairement \u00e0 cela,<strong> les listes citoyennes<\/strong> d&rsquo;aujourd&rsquo;hui sont r\u00e9ellement ind\u00e9pendantes. Elles <strong>peuvent donc \u00eatre minoritaire<\/strong> face \u00e0 ses concurrents politiques <strong>et \u00e9chapper,<\/strong> au del\u00e0 des communes, <strong>aux fl\u00e9chages des financement et des pouvoirs. <\/strong><\/p>\n<p align=\"JUSTIFY\"><strong>Il leurs aient important de travailler les connexions entre elles, qui permettront, dans les valeurs de la subsidiarit\u00e9 de d\u00e9fendre les int\u00e9r\u00eats des citoyens dans tous les combats, \u00e0 tout niveau de la soci\u00e9t\u00e9.<\/strong><\/p>\n<p align=\"JUSTIFY\">Septembre 2019 &#8211; modification en cours<\/p>\n","protected":false},"excerpt":{"rendered":"<p>Les Listes Citoyennes Communales &nbsp; A \/ D\u00e9finition\u00a0: Une liste citoyenne est une liste qui \u00e9chappe aux influences politiques. Pour autant, elle peut contenir des personnes encart\u00e9es de divers partis, mais jamais dans les 3 premiers de la liste et <a href=\"http:\/\/www.politikfrance.fr\/index.php\/le-vote-et-les-mathematiques\/les-listes-citoyennes\/\" class=\"read-more\">En savoir plus &#8230;<\/a><\/p>\n","protected":false},"author":2,"featured_media":0,"parent":41,"menu_order":0,"comment_status":"closed","ping_status":"closed","template":"","meta":{"footnotes":""},"class_list":["post-741","page","type-page","status-publish","hentry"],"_links":{"self":[{"href":"http:\/\/www.politikfrance.fr\/index.php\/wp-json\/wp\/v2\/pages\/741","targetHints":{"allow":["GET"]}}],"collection":[{"href":"http:\/\/www.politikfrance.fr\/index.php\/wp-json\/wp\/v2\/pages"}],"about":[{"href":"http:\/\/www.politikfrance.fr\/index.php\/wp-json\/wp\/v2\/types\/page"}],"author":[{"embeddable":true,"href":"http:\/\/www.politikfrance.fr\/index.php\/wp-json\/wp\/v2\/users\/2"}],"replies":[{"embeddable":true,"href":"http:\/\/www.politikfrance.fr\/index.php\/wp-json\/wp\/v2\/comments?post=741"}],"version-history":[{"count":6,"href":"http:\/\/www.politikfrance.fr\/index.php\/wp-json\/wp\/v2\/pages\/741\/revisions"}],"predecessor-version":[{"id":751,"href":"http:\/\/www.politikfrance.fr\/index.php\/wp-json\/wp\/v2\/pages\/741\/revisions\/751"}],"up":[{"embeddable":true,"href":"http:\/\/www.politikfrance.fr\/index.php\/wp-json\/wp\/v2\/pages\/41"}],"wp:attachment":[{"href":"http:\/\/www.politikfrance.fr\/index.php\/wp-json\/wp\/v2\/media?parent=741"}],"curies":[{"name":"wp","href":"https:\/\/api.w.org\/{rel}","templated":true}]}}