{"id":772,"date":"2020-01-01T16:43:03","date_gmt":"2020-01-01T16:43:03","guid":{"rendered":"http:\/\/www.politikfrance.fr\/?page_id=772"},"modified":"2020-01-02T20:33:39","modified_gmt":"2020-01-02T20:33:39","slug":"reforme-systeme-judiciaire","status":"publish","type":"page","link":"http:\/\/www.politikfrance.fr\/index.php\/reforme-systeme-judiciaire\/","title":{"rendered":"LA REFORME DU SYSTEME JUDICIAIRE"},"content":{"rendered":"<h1>LA REFORME DU SYSTEME JUDICIAIRE<\/h1>\n<h2>La lutte contre la corruption et l&rsquo;\u00e9vasion fiscale<\/h2>\n<h2>PREAMBULE :<\/h2>\n<p>Thinkerview anticor, Jean Christophe PICARD<\/p>\n<p>Notre soci\u00e9t\u00e9 fran\u00e7aise, reconnu pour son caract\u00e8re sociale, est g\u00e9r\u00e9 par le pr\u00e9l\u00e8vement de richesse produite par les activit\u00e9s priv\u00e9es pour la redistribuer \u00e0 la totalit\u00e9 du collectif, en tant que bien publique, et ou, aides et assistances \u00e0 tous. Ce fonctionnement s&rsquo;auto-alimente et s&rsquo;auto-enrichie : La richesse capt\u00e9e par divers imp\u00f4ts et taxes, \u00e0 modalit\u00e9s diff\u00e9rentes, sur le priv\u00e9, les particuliers et les entreprises donc, permet de mettre en place des infrastructures, tels que les routes, les \u00e9coles, les h\u00f4pitaux, qui favorisent le d\u00e9veloppement des activit\u00e9s priv\u00e9es et donc la production de richesse, et en m\u00eame temps, permet de d\u00e9ployer la solidarit\u00e9 en faveur des plus d\u00e9munis, des malades et des retrait\u00e9s.<\/p>\n<p>Ces diff\u00e9rentes taxes, peuvent \u00eatre class\u00e9es en deux cat\u00e9gories, imp\u00f4ts directes et imp\u00f4ts indirectes.<\/p>\n<p>Des lois r\u00e9gissent la r\u00e9cup\u00e9ration de ces deniers dans un pot commun appel\u00e9 Tr\u00e9sors Publics. Et nous sommes tous \u00e9gaux devant la loi, n&rsquo;est ce pas ?<\/p>\n<p>Malheureusement non ! et c&rsquo;est l\u00e0 que le bas blesse, quand certains malgr\u00e9 les lois, \u00e9chappent aux partages, dans une proportion ou une autre, d&rsquo;une mani\u00e8re ou d&rsquo;une autre. Par notamment la CORRUPTION. Par \u00e9galement L&rsquo;EVASION FISCALE. Deux mani\u00e8res de faire totalement diff\u00e9rentes, mais qui abouti \u00e0 la m\u00eame cons\u00e9quence : priver les citoyens fran\u00e7ais, les auteurs de ces crimes y compris, d&rsquo;un capital financier et moral important, , qui fini par mettre en p\u00e9ril la p\u00e9rennit\u00e9 du syst\u00e8me fiscale, sociale, et humaniste, de notre soci\u00e9t\u00e9 fran\u00e7aise.<\/p>\n<p>Rendez vous compte, l&rsquo;\u00e9vasion fiscale repr\u00e9sente le d\u00e9ficit annuelle du pays. Sans lui, le pays serait b\u00e9n\u00e9ficiaire ! Et pourtant, Et pourtant &#8230;<\/p>\n<h2>CONSTAT :<\/h2>\n<p>Malgr\u00e9 le b\u00e9n\u00e9fice visible qu&rsquo;il y aurait \u00e0 mener une lutte contre la corruption et l&rsquo;\u00e9vasion fiscale, nous observons des moyens de luttes sous dimensionn\u00e9s :<\/p>\n<ul>\n<li>18 magistrats du parquets national financier pour toute la France<\/li>\n<li>28 inspecteurs de la Brigade Nationale de luttes contre la corruption<\/li>\n<li>3100 v\u00e9rificateurs fiscaux en moins depuis 2010<\/li>\n<li>Baisse d&rsquo;un tiers des effectifs du service de contr\u00f4le de la l\u00e9galit\u00e9<\/li>\n<li>Pas de chiffres officiels de la fraude fiscale.<\/li>\n<li>Pas de lever du verrou de Bercy, au dessous de 100000 \u20ac<\/li>\n<\/ul>\n<p>Classiquement : La lutte passerait par le contr\u00f4le, serait suivi de sanction, si la loi n&rsquo;\u00e9tait pas appliqu\u00e9. C&rsquo;est la d\u00e9marche basique, que nous autres, simple citoyen, sommes confront\u00e9s dans nos vies quotidiennes.<\/p>\n<p>Mais force est de constater que le compte n&rsquo;y est pas, que la lutte ne se fait pas, en tout cas, pour une raison ou une autre.<\/p>\n<p>Nous vous proposons de creuser le pourquoi et le comment y rem\u00e9dier !<\/p>\n<h3>Organiser une lutte :<\/h3>\n<h4>La voie officielle :<\/h4>\n<p>Pour la chose publique, En premier lieu, cela passe par l&rsquo;acc\u00e8s \u00e0 l&rsquo;information, commun\u00e9ment par la transparence. En premier lieu, celle sur les donn\u00e9es, les informations de d\u00e9part, puis par la tra\u00e7abilit\u00e9 des op\u00e9rations publiques, puis sur les \u00e9valuations des r\u00e9sultats obtenus.<\/p>\n<p>En deuxi\u00e8me lieu, cela implique des organismes de contr\u00f4les ind\u00e9pendants, dot\u00e9s de moyens humains et financiers. Organismes eux m\u00eames plac\u00e9s sous contr\u00f4les des citoyens, contr\u00f4leurs en derniers ressorts.<\/p>\n<p>En troisi\u00e8me lieu, cela suppose une possible saisie des instances judiciaires. Instance en capacit\u00e9 humaines, financi\u00e8res et aussi politique (de part justement la non intervention politique, d&rsquo;o\u00f9 l&rsquo;importance de l&rsquo;ind\u00e9pendance de la justice et du principe de la s\u00e9paration du pouvoir), d&rsquo;examiner la demande, de l&rsquo;instruire dans un d\u00e9lai jug\u00e9 raisonnable, afin de diminuer, arr\u00eater, puis r\u00e9parer au plus vite, si pr\u00e9judice il y a bien s\u00fbr,\u00a0 \u00a0l&rsquo;importance de ledit pr\u00e9judice, de part son impact et la dur\u00e9e de son impact. Cela suppose, que toute la cha\u00eene judiciaire fonctionne, de la prise en compte de la demande, en passant par son examen, puis sa condamnation s&rsquo;il y a lieu.<\/p>\n<h4>Des \u00e9checs du syst\u00e8mes judiciaire, \u00e0 plusieurs niveaux :<\/h4>\n<p>Les procureurs &#8230;<\/p>\n<p>&nbsp;<\/p>\n<h3>La voie officieuse :<\/h3>\n<p>Malheureusement, en raison de l&rsquo;inefficacit\u00e9 des voies officielles, nous voyons fleurir une voie parall\u00e8le de lutte : Les lanceurs d&rsquo;alertes ! Aussi, nous devons d\u00e8s \u00e0 pr\u00e9sent prendre en compte et appuyer ces citoyens qui s&rsquo;investit pour le bien commun.<\/p>\n<p>L&rsquo;am\u00e9nagement de la loi, La loi SAPIN II :<\/p>\n<p>A permis la d\u00e9finition du \u00ab\u00a0lanceur d&rsquo;alerte\u00a0\u00bb et leurs donne donc un statut reconnaissable par les instances de notre Etat. Leur donne un cadre d&rsquo;action, graduelle. Malheureusement mise en difficult\u00e9 par la loi sur \u00ab\u00a0le secret des affaires\u00a0\u00bb. Encore une fois l&rsquo;Ethique doit affronter l&rsquo;Economie. Et le combat n&rsquo;est pas gagn\u00e9 !<\/p>\n<p>Il est encore difficile en 2020 de savoir, pour un citoyen Lanceur d&rsquo;Alerte, h\u00e9ros trop souvent malheureux des temps modernes, de savoir quoi faire, tellement le parcours soi disant fl\u00e9ch\u00e9 est incompr\u00e9hensible.<\/p>\n<p>Il faudrait d&rsquo;une part que le D\u00e9fenseur des Droits, puisse soutenir les Lanceurs d&rsquo;Alerte. Ne serait ce financi\u00e8rement.<\/p>\n<p>La Maison des lanceurs d&rsquo;Alerte a \u00e9t\u00e9 cr\u00e9e en 2018. Premi\u00e8re \u00e9tape importante dans la s\u00e9curisation des Lanceurs d&rsquo;Alerte. Mais bien qu&rsquo;elle aie le m\u00e9rite d&rsquo;exister, ses moyens sont encore ridicules par rapport \u00e0 ses besoins, et du volume financier \u00e0 r\u00e9cup\u00e9rer ou ne pas perdre, par le pays. Ce serait l\u00e9gitime, que l&rsquo;Etat lui donne les moyens n\u00e9cessaires \u00e0 son action.<\/p>\n<p>&nbsp;<\/p>\n<p>&nbsp;<\/p>\n<p>Avec des services mise en place pour cela. Contr\u00f4l\u00e9 in fine par les citoyens.<\/p>\n<p>Concr\u00e8tement, la corruption affaiblit la capacit\u00e9 de l\u2019\u00c9tat \u00e0 faire son travail. Elle rabote les recettes dont il a besoin et pervertit les d\u00e9cisions budg\u00e9taires, car les autorit\u00e9s peuvent \u00eatre tent\u00e9es de favoriser les projets qui rapportent des pots-de-vi<\/p>\n<p>La lutte passe par le contr\u00f4le, suivi de sanction , si la loi n&rsquo;est pas appliqu\u00e9.<\/p>\n<p>Cette<\/p>\n<p>&nbsp;<\/p>\n<p>&nbsp;<\/p>\n<p>Concr\u00e8tement, la corruption affaiblit la capacit\u00e9 de l\u2019\u00c9tat \u00e0 faire son travail. Elle rabote les recettes dont il a besoin et pervertit les d\u00e9cisions budg\u00e9taires, car les autorit\u00e9s peuvent \u00eatre tent\u00e9es de favoriser les projets qui rapportent des pots-de-vin au d\u00e9triment de ceux qui cr\u00e9ent de la valeur \u00e9conomique et sociale. C\u2019est mauvais pour la croissance comme pour les perspectives \u00e9conomiques. C\u2019est mauvais pour l\u2019\u00e9quit\u00e9 et la justice, car les pauvres sont ceux qui souffrent le plus de la diminution des d\u00e9penses sociales et des sommes investies dans le d\u00e9veloppement durable. C\u2019est \u00e9galement mauvais pour la stabilit\u00e9 \u00e9conomique, car des rentr\u00e9es fiscales r\u00e9duites, combin\u00e9es \u00e0 un usage dispendieux des deniers publics, constituent un m\u00e9lange toxique qui d\u00e9g\u00e9n\u00e8re facilement en d\u00e9ficits incontr\u00f4lables.<\/p>\n<p>&nbsp;<\/p>\n","protected":false},"excerpt":{"rendered":"<p>LA REFORME DU SYSTEME JUDICIAIRE La lutte contre la corruption et l&rsquo;\u00e9vasion fiscale PREAMBULE : Thinkerview anticor, Jean Christophe PICARD Notre soci\u00e9t\u00e9 fran\u00e7aise, reconnu pour son caract\u00e8re sociale, est g\u00e9r\u00e9 par le pr\u00e9l\u00e8vement de richesse produite par les activit\u00e9s priv\u00e9es <a href=\"http:\/\/www.politikfrance.fr\/index.php\/reforme-systeme-judiciaire\/\" class=\"read-more\">En savoir plus &#8230;<\/a><\/p>\n","protected":false},"author":2,"featured_media":0,"parent":0,"menu_order":0,"comment_status":"closed","ping_status":"closed","template":"","meta":{"footnotes":""},"class_list":["post-772","page","type-page","status-publish","hentry"],"_links":{"self":[{"href":"http:\/\/www.politikfrance.fr\/index.php\/wp-json\/wp\/v2\/pages\/772","targetHints":{"allow":["GET"]}}],"collection":[{"href":"http:\/\/www.politikfrance.fr\/index.php\/wp-json\/wp\/v2\/pages"}],"about":[{"href":"http:\/\/www.politikfrance.fr\/index.php\/wp-json\/wp\/v2\/types\/page"}],"author":[{"embeddable":true,"href":"http:\/\/www.politikfrance.fr\/index.php\/wp-json\/wp\/v2\/users\/2"}],"replies":[{"embeddable":true,"href":"http:\/\/www.politikfrance.fr\/index.php\/wp-json\/wp\/v2\/comments?post=772"}],"version-history":[{"count":6,"href":"http:\/\/www.politikfrance.fr\/index.php\/wp-json\/wp\/v2\/pages\/772\/revisions"}],"predecessor-version":[{"id":779,"href":"http:\/\/www.politikfrance.fr\/index.php\/wp-json\/wp\/v2\/pages\/772\/revisions\/779"}],"wp:attachment":[{"href":"http:\/\/www.politikfrance.fr\/index.php\/wp-json\/wp\/v2\/media?parent=772"}],"curies":[{"name":"wp","href":"https:\/\/api.w.org\/{rel}","templated":true}]}}