{"id":8,"date":"2016-05-23T14:33:33","date_gmt":"2016-05-23T14:33:33","guid":{"rendered":"http:\/\/www.politikfrance.fr\/?page_id=8"},"modified":"2017-04-02T11:28:05","modified_gmt":"2017-04-02T11:28:05","slug":"accueil","status":"publish","type":"page","link":"http:\/\/www.politikfrance.fr\/index.php\/me-soutenir\/accueil\/","title":{"rendered":"LEGISLATIVES &#8211; 7\u00e8me"},"content":{"rendered":"<h1 style=\"text-align: left;\" align=\"JUSTIFY\"><img loading=\"lazy\" decoding=\"async\" class=\"size-full wp-image-101 alignleft\" src=\"http:\/\/www.politikfrance.fr\/wp-content\/uploads\/2016\/05\/frederic.png\" alt=\"frederic\" width=\"277\" height=\"277\" srcset=\"http:\/\/www.politikfrance.fr\/wp-content\/uploads\/2016\/05\/frederic.png 277w, http:\/\/www.politikfrance.fr\/wp-content\/uploads\/2016\/05\/frederic-150x150.png 150w, http:\/\/www.politikfrance.fr\/wp-content\/uploads\/2016\/05\/frederic-270x270.png 270w\" sizes=\"auto, (max-width: 277px) 100vw, 277px\" \/><\/h1>\n<p>&nbsp;<\/p>\n<p><img loading=\"lazy\" decoding=\"async\" class=\" wp-image-16 alignnone\" src=\"http:\/\/www.politikfrance.fr\/wp-content\/uploads\/2016\/05\/France-300x180.jpg\" alt=\"\" width=\"275\" height=\"165\" srcset=\"http:\/\/www.politikfrance.fr\/wp-content\/uploads\/2016\/05\/France-300x180.jpg 300w, http:\/\/www.politikfrance.fr\/wp-content\/uploads\/2016\/05\/France-768x461.jpg 768w, http:\/\/www.politikfrance.fr\/wp-content\/uploads\/2016\/05\/France-1024x615.jpg 1024w, http:\/\/www.politikfrance.fr\/wp-content\/uploads\/2016\/05\/France-360x216.jpg 360w\" sizes=\"auto, (max-width: 275px) 100vw, 275px\" \/><\/p>\n<p>&nbsp;<\/p>\n<p>&nbsp;<\/p>\n<h1 style=\"text-align: center;\">OSONS\u00a0UN AMBITIEUX PROJET DE SOCIETE \u00a0POUR LA FRANCE<\/h1>\n<h3 style=\"text-align: center;\" align=\"JUSTIFY\">\u00a0Fr\u00e9d\u00e9ric AMANY, dans une \u00e9quipe de Laprimaire.org pour les pr\u00e9sidentielles 2017<\/h3>\n<p>&nbsp;<\/p>\n<h3><em><span style=\"color: #ff0000;\">Objectif \u00a0:\u00a0<\/span><\/em><\/h3>\n<p style=\"text-align: justify;\"><em><span style=\"color: #ff0000;\">Cette candidature \u00e0 Laprimaire.org est l&rsquo;occasion pour nous, citoyens, de s&rsquo;exprimer sur ce que nous vivons et de proposer des solutions nouvelles, innovantes, de proposer une soci\u00e9t\u00e9 nouvelle. C&rsquo;est une fen\u00eatre d&rsquo;expression qui nous est offerte, et profitons en pour informer sur nos souhaits de soci\u00e9t\u00e9 et sur les moyens de les mettre en avant, dans les d\u00e9bats publics et peut \u00eatre dans notre quotidien demain. C&rsquo;est une belle opportunit\u00e9 de d\u00e9fendre et porter nos id\u00e9es au plus haut niveau, au plus grand nombre. Comment ? voir le chapitre Strat\u00e9gie.<\/span><\/em><\/p>\n<h3><\/h3>\n<h3 style=\"text-align: left;\"><span style=\"text-decoration: underline;\">Aujourd&rsquo;hui nous r\u00e9agissons.<\/span><\/h3>\n<p style=\"text-align: justify;\"><span style=\"color: #000000;\">Nous savons que la richesse du monde a consid\u00e9rablement augmenter.\u00a0Que le Libre Echange \u00e0 favoris\u00e9 et favorise toujours cette augmentation. Qu&rsquo;il est b\u00e9n\u00e9fique dans beaucoup de ses initiatives. Mais il contient des pr\u00e9ceptes inacceptable \u00e0 long terme , qu&rsquo;<span style=\"color: #666699;\"><span style=\"color: #000000;\">il convient de remettre en cause<\/span>.<\/span> Je comprend que les priv\u00e9s cherchent \u00e0 d\u00e9fendre leurs int\u00e9r\u00eats. Chacun a le droit de le faire. Mais je n&rsquo;acceptes pas que ce soient fait en d\u00e9tournant des biens publique (l&rsquo;argent) et des institutions d&rsquo;Etat (notre D\u00e9mocratie et ses structures) pour le faire. <span style=\"color: #008000;\">Nous avons actuellement le structurel pour faire mieux, pour faire plus humain.<\/span><\/span><\/p>\n<p style=\"text-align: justify;\"><span style=\"color: #000000;\">D\u00e9fendons nos int\u00e9r\u00eats et ceux des gens que nous aimons. Je vous invite \u00e0 le faire. Je vous le dis, je sais que nous avons tous la m\u00eame valeur, que chacun dispose d&rsquo;un bulletin de vote pour dire la direction qu&rsquo;il veut que les collectivit\u00e9s prennent : \u00a0L&rsquo;ETAT, LES REGIONS, LES DEPARTEMENTS, LES COMMUNES. Cela ne d\u00e9pends pas du costumes que nous portons ou pas, ou de l&rsquo;argent dont nous disposons ou pas. Non. Nous avons tous un bulletin de vote, tous un pouvoir d&rsquo;expression \u00e9gale.<\/span><\/p>\n<p style=\"text-align: justify;\"><span style=\"color: #000000;\">Sachons compter. Nous sommes plus nombreux \u00e0 vouloir un syst\u00e8me plus \u00e9quitable, (halte \u00e0 la concentration de richesse de plus en plus accentu\u00e9e, oui au partage). Si nous nous exprimions, tous, je sais que sortirons des urnes notre volont\u00e9, \u00e0 nous majorit\u00e9, et le pays amorcerais son tournant, vers plus d&rsquo;humanit\u00e9, plus de compl\u00e9mentarit\u00e9 entre toutes ses composantes, en privil\u00e9giant le bien \u00eatre de chacun, le partage. Prudemment mais assur\u00e9ment, de mani\u00e8re in\u00e9luctable.<\/span><\/p>\n<p style=\"text-align: justify;\"><span style=\"color: #000000;\"> Ce que tous, Hommes, nous voulons, qui que nous soyons, c&rsquo;est du bonheur pour nous et pour nos enfants. C&rsquo;est de vivre heureux, d\u00e9cemment, et ensemble.\u00a0<\/span><\/p>\n<h3>Ma d\u00e9marche. Peut \u00eatre avons nous la m\u00eame ?<\/h3>\n<p align=\"JUSTIFY\">J&rsquo;estime que : Je n&rsquo;ai pas voter pour que mes repr\u00e9sentants enl\u00e8vent ma protection sociale\u00a0et mon pouvoir d&rsquo;achat en me disant : \u00a0\u00ab\u00a0je d\u00e9missionne de la mission que vous m&rsquo;avez confi\u00e9, je ne sais prot\u00e9ger que le march\u00e9, que le syst\u00e8me, pas les hommes &#8230; Mais je reste au pouvoir, je touche l&rsquo;argent et les avantages&#8230; \u00ab\u00a0. Non, je n&rsquo;ai pas voter pour cela, Pour la protection d&rsquo;un syst\u00e8me qui enl\u00e8ve \u00e0 la collectivit\u00e9 ses avantages, pour les privatiser . Pour ce transfert de biens publiques en bien priv\u00e9s, comme ces banques qu&rsquo;on renfloue\u00a0sans rien exiger en retour.<\/p>\n<p>J&rsquo;ai voulu leurs dire : \u00ab\u00a0J&rsquo;ai fait de vous mes repr\u00e9sentants pour d\u00e9fendre mes int\u00e9r\u00eats, quitte \u00e0 modifier le syst\u00e8me, l&rsquo;am\u00e9liorer, dans le sens de l&rsquo;humain, et non de l&rsquo;argent. Si vous ne vous en sentez pas capable, allez vous en. Laissez la place \u00e0 d&rsquo;autres.\u00a0\u00bb &#8230;<\/p>\n<p>Mais je n&rsquo;ai pas su exprimer ce message dans les urnes, endroit ou notre pouvoir de citoyen me parait immense aujourd&rsquo;hui, mais je ne le savais pas. Je me suis abstenu, ou j&rsquo;ai voter blanc, laissant ceux qui s&rsquo;expriment diriger le monde, diriger ma vie, un peu plus chaque jours vers leurs int\u00e9r\u00eats. Je sais que d&rsquo;autres ont choisi la contradiction par le vote extr\u00eame, partie pi\u00e8ge du pouvoir en place.<\/p>\n<p align=\"JUSTIFY\">Cela a commencer par une perception de ma vie dans ce syst\u00e8me qui me satisfait partiellement. J&rsquo;estime que l&rsquo;\u00e9volution actuel, me fait perdre, \u00e0 moi citoyen et \u00e0 mes proches, au fil du temps, du bonheur, de la joie de vivre, et nous entra\u00eene dans une perte d&rsquo;acquis qui m&rsquo;est moralement intol\u00e9rable. Je peux m&rsquo;y r\u00e9signer, mais ne le souhaites pas pour le moment. J&rsquo;ai envie d&rsquo;agir, d&rsquo;amener mon grain de sable dans l&rsquo;\u00e9difice actuel, et ma pierre dans un \u00e9difice futur plus en ad\u00e9quation avec mes esp\u00e9rances de futur. Et vous, ou en \u00eates vous ?<\/p>\n<h2 style=\"text-align: left;\"><span style=\"color: #000080;\">Je vous invite \u00e0 construire UN AMBITIEUX PROJET DE SOCIETE POUR LA FRANCE, ensemble.<\/span><\/h2>\n","protected":false},"excerpt":{"rendered":"<p>&nbsp; &nbsp; &nbsp; OSONS\u00a0UN AMBITIEUX PROJET DE SOCIETE \u00a0POUR LA FRANCE \u00a0Fr\u00e9d\u00e9ric AMANY, dans une \u00e9quipe de Laprimaire.org pour les pr\u00e9sidentielles 2017 &nbsp; Objectif \u00a0:\u00a0 Cette candidature \u00e0 Laprimaire.org est l&rsquo;occasion pour nous, citoyens, de s&rsquo;exprimer sur ce que nous <a href=\"http:\/\/www.politikfrance.fr\/index.php\/me-soutenir\/accueil\/\" class=\"read-more\">En savoir plus &#8230;<\/a><\/p>\n","protected":false},"author":2,"featured_media":0,"parent":171,"menu_order":0,"comment_status":"closed","ping_status":"closed","template":"","meta":{"footnotes":""},"class_list":["post-8","page","type-page","status-publish","hentry"],"_links":{"self":[{"href":"http:\/\/www.politikfrance.fr\/index.php\/wp-json\/wp\/v2\/pages\/8","targetHints":{"allow":["GET"]}}],"collection":[{"href":"http:\/\/www.politikfrance.fr\/index.php\/wp-json\/wp\/v2\/pages"}],"about":[{"href":"http:\/\/www.politikfrance.fr\/index.php\/wp-json\/wp\/v2\/types\/page"}],"author":[{"embeddable":true,"href":"http:\/\/www.politikfrance.fr\/index.php\/wp-json\/wp\/v2\/users\/2"}],"replies":[{"embeddable":true,"href":"http:\/\/www.politikfrance.fr\/index.php\/wp-json\/wp\/v2\/comments?post=8"}],"version-history":[{"count":65,"href":"http:\/\/www.politikfrance.fr\/index.php\/wp-json\/wp\/v2\/pages\/8\/revisions"}],"predecessor-version":[{"id":519,"href":"http:\/\/www.politikfrance.fr\/index.php\/wp-json\/wp\/v2\/pages\/8\/revisions\/519"}],"up":[{"embeddable":true,"href":"http:\/\/www.politikfrance.fr\/index.php\/wp-json\/wp\/v2\/pages\/171"}],"wp:attachment":[{"href":"http:\/\/www.politikfrance.fr\/index.php\/wp-json\/wp\/v2\/media?parent=8"}],"curies":[{"name":"wp","href":"https:\/\/api.w.org\/{rel}","templated":true}]}}