{"id":822,"date":"2021-07-17T00:42:14","date_gmt":"2021-07-17T00:42:14","guid":{"rendered":"http:\/\/www.politikfrance.fr\/?page_id=822"},"modified":"2021-07-25T00:51:01","modified_gmt":"2021-07-25T00:51:01","slug":"strategies-2022","status":"publish","type":"page","link":"http:\/\/www.politikfrance.fr\/index.php\/strategies-2022\/","title":{"rendered":"STRATEGIES 2022"},"content":{"rendered":"<h1 style=\"text-align: center;\"><img loading=\"lazy\" decoding=\"async\" class=\"alignright wp-image-853\" src=\"http:\/\/www.politikfrance.fr\/wp-content\/uploads\/2021\/07\/maphotosport-298x300.jpg\" alt=\"\" width=\"205\" height=\"206\" srcset=\"http:\/\/www.politikfrance.fr\/wp-content\/uploads\/2021\/07\/maphotosport-298x300.jpg 298w, http:\/\/www.politikfrance.fr\/wp-content\/uploads\/2021\/07\/maphotosport-100x100.jpg 100w, http:\/\/www.politikfrance.fr\/wp-content\/uploads\/2021\/07\/maphotosport-768x774.jpg 768w, http:\/\/www.politikfrance.fr\/wp-content\/uploads\/2021\/07\/maphotosport-1016x1024.jpg 1016w, http:\/\/www.politikfrance.fr\/wp-content\/uploads\/2021\/07\/maphotosport-268x270.jpg 268w, http:\/\/www.politikfrance.fr\/wp-content\/uploads\/2021\/07\/maphotosport.jpg 2000w\" sizes=\"auto, (max-width: 205px) 100vw, 205px\" \/>2022 : PASSONS DE L&rsquo;ACTION LOCALE A L&rsquo;ACTION GLOBALE, changeons d&rsquo;\u00e9chelle !<\/h1>\n<p>EN MODIFICATION CONSTRUCTION<\/p>\n<p>&nbsp;<\/p>\n<h2>Introduction :<\/h2>\n<p>Il s&rsquo;agit ici de d\u00e9crire un plan d&rsquo;action :<\/p>\n<p>Apr\u00e8s avoir mis\u00a0 sur la table, dans le d\u00e9bat publique qui a eu lieu lors des pr\u00e9sidentielles 2017 et au del\u00e0, de nouveaux sujets, et surtout, apr\u00e8s avoir obliger les acteurs politiques \u00e0 s&rsquo;y pencher, sans pouvoir les \u00e9vacuer, par un revers de la main, un tour de passe passe en communication. Ces sujets doivent s&rsquo;imposer aux d\u00e9bats publiques National. N&rsquo;ayons pas peur de la r\u00e9cup\u00e9ration, bien au contraire, comptons la dessus. Par monsieur, madame tout le monde, par les m\u00e9dias, par les hommes politiques, par le corps philosophiques et \u00e9conomiques.<\/p>\n<p>QUE L&rsquo;OPINION PUBLIQUE S&rsquo;APPROPRIE LES SUJETS que nous proposons, nous citoyens.<\/p>\n<h2>1 \/Comment y arriver, o\u00f9 en sommes nous ?<\/h2>\n<h4>Cette proc\u00e9dure, \u00ab\u00a0primairepopulaire.fr\u00a0\u00bb est l&rsquo;opportunit\u00e9 2022, qui malgr\u00e9 ses imperfections, peut nous permettre, d&rsquo;y parvenir.<\/h4>\n<p><em>Montons un programme politique national pr\u00e9cis, et engageons nous dans une strat\u00e9gie de communication.<\/em><\/p>\n<p>La presse n&rsquo;est, dans un premier temps, peut \u00eatre pas accessible (Essayons quand m\u00eame); Peu importe, Allons y directement, en contact avec le public. Le projet propos\u00e9, peut d&rsquo;abord faire sourire, mais capte l&rsquo;attention et finalement attire. Une attente existe. Nous pouvons en \u00eatre sur.<\/p>\n<p>&nbsp;<\/p>\n<h3>b ) Les \u00e9tapes :<\/h3>\n<p>Pour les citoyens lambda que nous sommes : Pour le candidat que je suis :<\/p>\n<p><strong>Etape 1 : Appara\u00eetre, \u00eatre affich\u00e9 : Pour cela proposer ma candidature :<\/strong><\/p>\n<p>Pour proposer ma candidature : Aller sur le site : <span role=\"gridcell\"><a class=\"oajrlxb2 g5ia77u1 qu0x051f esr5mh6w e9989ue4 r7d6kgcz rq0escxv nhd2j8a9 nc684nl6 p7hjln8o kvgmc6g5 cxmmr5t8 oygrvhab hcukyx3x jb3vyjys rz4wbd8a qt6c0cv9 a8nywdso i1ao9s8h oo483o9r f1sip0of lzcic4wl ljqsnud1 gpro0wi8\" tabindex=\"0\" role=\"link\" href=\"http:\/\/www.primairepopulaire.fr\/?fbclid=IwAR0uNV-NdiUn5h9ycBfcep74pxt39aqYmSDyBZ6eoselMSvmvn14fjGOdCU\" target=\"_blank\" rel=\"nofollow noopener\">www.primairepopulaire.fr<\/a><\/span> (de votre t\u00e9l\u00e9phone ou ordinateur. Il faut acc\u00e9der a sa boite mail et avoir son tel avec soi). Cliquer sur \u00ab\u00a0Je parraine\u00a0\u00bb Puis sur \u00ab\u00a0Proposer quelqu&rsquo;un d&rsquo;autres\u00a0\u00bb si ma photo n&rsquo;appara\u00eet pas (ce qui sera le cas tant que je n&rsquo;aurais pas \u00e9t\u00e9 propos\u00e9 500 fois). Il demande inscription avec mail et tel. S&rsquo;inscrire et garder pr\u00e9cieusement le mail envoy\u00e9 pour 2\u00e8me soutien plus tard, puis : Entrer<\/p>\n<p>Mon \u00e9tat civil : <strong>Monsieur<\/strong><\/p>\n<p>Mon pr\u00e9nom : <strong>Frederic<\/strong><\/p>\n<p>Mon nom : <strong>Amany<\/strong><\/p>\n<p>Valider et confirmer<\/p>\n<p>Etape 2 : Ma photo est apparu :<\/p>\n<p>Reconnecter vous \u00e0 www.primairepopulaire.fr,(\u00a0https:\/\/primairepopulaire.fr\/), utiliser le mot de passe qui vous a \u00e9t\u00e9 transmis par mail lors de votre premi\u00e8re connexion.<\/p>\n<p>Cliquer sur ma photo. <strong>Il faut 20000 soutiens<\/strong> au moins pour nous permettre d&rsquo;ouvrir une br\u00e8che de communication \u00e0 l&rsquo;\u00e9chelle national, et \u00eatre entendu par tout les fran\u00e7ais.<\/p>\n<p>&nbsp;<\/p>\n<h3>d ) R\u00e9serves :<\/h3>\n<p>A ce propos, nous montons un projet que nous jugeons ambitieux, et nous le faisons le plus s\u00e9rieusement possible. Avec le temps dont nous disposons et les comp\u00e9tences et aides que nous avons. Mais nous n&rsquo;avons aucune pr\u00e9tention, et nous invitons tout ceux qui nous accompagnent, de pr\u00e8s ou de loin, \u00e0 ne pas en avoir du tout. La probabilit\u00e9 que les choses se passent comme nous l&rsquo;envisageons, est, disons le, minime. (Mais elle existe). Nous pouvons \u00eatre amen\u00e9 \u00e0 nous arr\u00eater demain ou plus loin. Cela importe peu. Nous estimons qu&rsquo;il y a quelques choses \u00e0 faire, maintenant. Faisons le du mieux possible en esp\u00e9rant que c&rsquo;est le moment. Nous verrons ce qu&rsquo;il se passe et comment cela se passe.<\/p>\n<p>Faisons aux mieux, et nous verrons, sans culpabilit\u00e9 si nous ne r\u00e9ussissons pas, sans regrets.<\/p>\n<p>Cordialement<\/p>\n<p>Fr\u00e9d\u00e9ric AMANY and Co<\/p>\n<p>Citoyennement Votre !<\/p>\n","protected":false},"excerpt":{"rendered":"<p>2022 : PASSONS DE L&rsquo;ACTION LOCALE A L&rsquo;ACTION GLOBALE, changeons d&rsquo;\u00e9chelle ! EN MODIFICATION CONSTRUCTION &nbsp; Introduction : Il s&rsquo;agit ici de d\u00e9crire un plan d&rsquo;action : Apr\u00e8s avoir mis\u00a0 sur la table, dans le d\u00e9bat publique qui a eu <a href=\"http:\/\/www.politikfrance.fr\/index.php\/strategies-2022\/\" class=\"read-more\">En savoir plus &#8230;<\/a><\/p>\n","protected":false},"author":2,"featured_media":0,"parent":0,"menu_order":0,"comment_status":"closed","ping_status":"closed","template":"","meta":{"footnotes":""},"class_list":["post-822","page","type-page","status-publish","hentry"],"_links":{"self":[{"href":"http:\/\/www.politikfrance.fr\/index.php\/wp-json\/wp\/v2\/pages\/822","targetHints":{"allow":["GET"]}}],"collection":[{"href":"http:\/\/www.politikfrance.fr\/index.php\/wp-json\/wp\/v2\/pages"}],"about":[{"href":"http:\/\/www.politikfrance.fr\/index.php\/wp-json\/wp\/v2\/types\/page"}],"author":[{"embeddable":true,"href":"http:\/\/www.politikfrance.fr\/index.php\/wp-json\/wp\/v2\/users\/2"}],"replies":[{"embeddable":true,"href":"http:\/\/www.politikfrance.fr\/index.php\/wp-json\/wp\/v2\/comments?post=822"}],"version-history":[{"count":5,"href":"http:\/\/www.politikfrance.fr\/index.php\/wp-json\/wp\/v2\/pages\/822\/revisions"}],"predecessor-version":[{"id":855,"href":"http:\/\/www.politikfrance.fr\/index.php\/wp-json\/wp\/v2\/pages\/822\/revisions\/855"}],"wp:attachment":[{"href":"http:\/\/www.politikfrance.fr\/index.php\/wp-json\/wp\/v2\/media?parent=822"}],"curies":[{"name":"wp","href":"https:\/\/api.w.org\/{rel}","templated":true}]}}