{"id":866,"date":"2024-03-11T17:34:19","date_gmt":"2024-03-11T17:34:19","guid":{"rendered":"http:\/\/www.politikfrance.fr\/?page_id=866"},"modified":"2024-03-11T17:35:16","modified_gmt":"2024-03-11T17:35:16","slug":"elections-europennes-2024","status":"publish","type":"page","link":"http:\/\/www.politikfrance.fr\/index.php\/elections-europennes-2024\/","title":{"rendered":"LES ELECTIONS EUROPENNES 2024"},"content":{"rendered":"<h2 style=\"text-align: center;\">Avec le \u00ab\u00a0Rassemblement Ecologiste pour le vivant, l&rsquo;Europe et les territoires\u00a0\u00bb<\/h2>\n<p>&nbsp;<\/p>\n<p>Cette liste est une liste de rassemblement de diff\u00e9rentes dynamiques citoyennes et \u00e9cologiques fran\u00e7aises, ind\u00e9pendantes des formations politiques classiques.<\/p>\n<p>Une liste des dynamiques vous est accessible dans l&rsquo;onglet \u00ab\u00a0partenaires\u00a0\u00bb<\/p>\n<p>Nous nous associons \u00e0 cette dynamique \u00e9cologique et citoyenne pour les \u00e9lections europ\u00e9ennes. Je vous invite \u00e0 visiter le programme g\u00e9n\u00e9ral sur le site web : www.rassemblementecologiste.eu<\/p>\n<p>Nous d\u00e9clinerons notre vision Outremer dans ce programme, vision ultramarin oh combien importante, au vue de ce que nous apportons \u00e0 l&rsquo;Europe.<\/p>\n<p>Notre seul pr\u00e9sence est gage de territoire marin avec ses nombreux avantages :<\/p>\n<ul>\n<li>La biodiversit\u00e9<\/li>\n<li>Le contr\u00f4le des voies maritimes<\/li>\n<li>La couverture militaire plan\u00e9taire<\/li>\n<li>La science des milieux oc\u00e9aniques<\/li>\n<li>La vulcanologie<\/li>\n<li>L&rsquo;a\u00e9rospatiale<\/li>\n<li>Le Nickel<\/li>\n<li>Les \u00e9nergies alternatives<\/li>\n<li>L&rsquo;or<\/li>\n<li>La diversit\u00e9 des peuples<\/li>\n<\/ul>\n<p>Si nous devions cit\u00e9s que cela.<\/p>\n<p>&nbsp;<\/p>\n","protected":false},"excerpt":{"rendered":"<p>Avec le \u00ab\u00a0Rassemblement Ecologiste pour le vivant, l&rsquo;Europe et les territoires\u00a0\u00bb &nbsp; Cette liste est une liste de rassemblement de diff\u00e9rentes dynamiques citoyennes et \u00e9cologiques fran\u00e7aises, ind\u00e9pendantes des formations politiques classiques. Une liste des dynamiques vous est accessible dans l&rsquo;onglet <a href=\"http:\/\/www.politikfrance.fr\/index.php\/elections-europennes-2024\/\" class=\"read-more\">En savoir plus &#8230;<\/a><\/p>\n","protected":false},"author":2,"featured_media":0,"parent":0,"menu_order":0,"comment_status":"closed","ping_status":"closed","template":"","meta":{"footnotes":""},"class_list":["post-866","page","type-page","status-publish","hentry"],"_links":{"self":[{"href":"http:\/\/www.politikfrance.fr\/index.php\/wp-json\/wp\/v2\/pages\/866","targetHints":{"allow":["GET"]}}],"collection":[{"href":"http:\/\/www.politikfrance.fr\/index.php\/wp-json\/wp\/v2\/pages"}],"about":[{"href":"http:\/\/www.politikfrance.fr\/index.php\/wp-json\/wp\/v2\/types\/page"}],"author":[{"embeddable":true,"href":"http:\/\/www.politikfrance.fr\/index.php\/wp-json\/wp\/v2\/users\/2"}],"replies":[{"embeddable":true,"href":"http:\/\/www.politikfrance.fr\/index.php\/wp-json\/wp\/v2\/comments?post=866"}],"version-history":[{"count":4,"href":"http:\/\/www.politikfrance.fr\/index.php\/wp-json\/wp\/v2\/pages\/866\/revisions"}],"predecessor-version":[{"id":871,"href":"http:\/\/www.politikfrance.fr\/index.php\/wp-json\/wp\/v2\/pages\/866\/revisions\/871"}],"wp:attachment":[{"href":"http:\/\/www.politikfrance.fr\/index.php\/wp-json\/wp\/v2\/media?parent=866"}],"curies":[{"name":"wp","href":"https:\/\/api.w.org\/{rel}","templated":true}]}}